{"id":357,"date":"2023-02-28T07:40:06","date_gmt":"2023-02-28T05:40:06","guid":{"rendered":"https:\/\/marketplace.epassi.fi\/hammasvelho\/?post_type=product&#038;p=357"},"modified":"2025-10-30T13:47:24","modified_gmt":"2025-10-30T11:47:24","slug":"hampaiden-tehopuhdistus-puhtaat-ja-vaaleammat-hampaat","status":"publish","type":"product","link":"https:\/\/marketplace.epassi.fi\/hammasvelho\/kauppa\/hyvinvointi\/hammaslaakari\/hampaiden-tehopuhdistus-puhtaat-ja-vaaleammat-hampaat\/","title":{"rendered":"Hampaiden tehopuhdistus &#8211; Puhtaat ja vaaleammat hampaat"},"content":{"rendered":"<p>S\u00e4\u00e4nn\u00f6llinen hammas\u00adkiven ja plakin poisto auttaa pit\u00e4m\u00e4\u00e4n ikenet sek\u00e4 hampaiden kiinnitys\u00adkudokset tervein\u00e4. Tavallisesti hammaskivenpoisto on hyv\u00e4 suorittaa vuosittain.<\/p>\n<p>Soodapuhdistus on nopea ja hell\u00e4varainen toimenpide, joka saa aikaan puhtaat hampaat sek\u00e4 kirkkaamman hymyn. Soodapuhdistuksessa hampaista poistetaan pinnalliset v\u00e4rj\u00e4ytym\u00e4t sek\u00e4 biofilmi eli plakki, ja lopputuloksena on kirkkaammat hampaat.<\/p>\n","protected":false},"excerpt":{"rendered":"<p>Kirkkaampi hymy ja puhtaat hampaat!<\/p>\n<p>Tehopuhdistus sis\u00e4lt\u00e4\u00e4 hammaskiven poiston sek\u00e4 hampaita kirkastavan soodapuhdistuksen kotimaiselta ammattilaiselta.<\/p>\n","protected":false},"featured_media":351,"comment_status":"open","ping_status":"closed","template":"","meta":{"_acf_changed":false,"_kad_post_transparent":"default","_kad_post_title":"","_kad_post_layout":"default","_kad_post_sidebar_id":"","_kad_post_content_style":"default","_kad_post_vertical_padding":"default","_kad_post_feature":"","_kad_post_feature_position":"","_kad_post_header":false,"_kad_post_footer":false,"_kad_post_classname":""},"product_brand":[],"product_cat":[30,21],"product_tag":[],"class_list":{"0":"post-357","1":"product","2":"type-product","3":"status-publish","4":"has-post-thumbnail","6":"product_cat-hammaslaakari","7":"product_cat-hyvinvointi","9":"first","10":"instock","11":"taxable","12":"shipping-taxable","13":"purchasable","14":"product-type-simple","15":"entry","16":"content-bg","17":"loop-entry"},"acf":[],"_links":{"self":[{"href":"https:\/\/marketplace.epassi.fi\/hammasvelho\/wp-json\/wp\/v2\/product\/357","targetHints":{"allow":["GET"]}}],"collection":[{"href":"https:\/\/marketplace.epassi.fi\/hammasvelho\/wp-json\/wp\/v2\/product"}],"about":[{"href":"https:\/\/marketplace.epassi.fi\/hammasvelho\/wp-json\/wp\/v2\/types\/product"}],"replies":[{"embeddable":true,"href":"https:\/\/marketplace.epassi.fi\/hammasvelho\/wp-json\/wp\/v2\/comments?post=357"}],"wp:featuredmedia":[{"embeddable":true,"href":"https:\/\/marketplace.epassi.fi\/hammasvelho\/wp-json\/wp\/v2\/media\/351"}],"wp:attachment":[{"href":"https:\/\/marketplace.epassi.fi\/hammasvelho\/wp-json\/wp\/v2\/media?parent=357"}],"wp:term":[{"taxonomy":"product_brand","embeddable":true,"href":"https:\/\/marketplace.epassi.fi\/hammasvelho\/wp-json\/wp\/v2\/product_brand?post=357"},{"taxonomy":"product_cat","embeddable":true,"href":"https:\/\/marketplace.epassi.fi\/hammasvelho\/wp-json\/wp\/v2\/product_cat?post=357"},{"taxonomy":"product_tag","embeddable":true,"href":"https:\/\/marketplace.epassi.fi\/hammasvelho\/wp-json\/wp\/v2\/product_tag?post=357"}],"curies":[{"name":"wp","href":"https:\/\/api.w.org\/{rel}","templated":true}]}}