{"id":67,"date":"2021-09-13T18:36:17","date_gmt":"2021-09-13T15:36:17","guid":{"rendered":"https:\/\/marketplace.epassi.fi\/hammasvelho\/?post_type=product&#038;p=67"},"modified":"2025-10-30T13:47:34","modified_gmt":"2025-10-30T11:47:34","slug":"hampaiden-tarkastus","status":"publish","type":"product","link":"https:\/\/marketplace.epassi.fi\/hammasvelho\/kauppa\/hyvinvointi\/hammaslaakari\/hampaiden-tarkastus\/","title":{"rendered":"Hampaiden tarkastus"},"content":{"rendered":"<p>Tarkastuksessa tutkitaan hampaiden lis\u00e4ksi my\u00f6s limakalvot ja hampaiston yleinen toimivuus, kuluneisuus sek\u00e4 esteettisyys ja muut mahdolliset toimintaan ja ulkon\u00e4k\u00f6\u00f6n liittyv\u00e4t seikat.<\/p>\n","protected":false},"excerpt":{"rendered":"<p>Hampaiden ja suun tarkastus on hyv\u00e4 tehd\u00e4 s\u00e4\u00e4nn\u00f6llisesti, p\u00e4\u00e4s\u00e4\u00e4nt\u00f6isesti kerran vuodessa.<\/p>\n<p>Aina ei hoidon tarvetta huomaa itse. Esimerkiksi vanhojen paikkojen alla olevat rei\u00e4t tai oireettomat juurenp\u00e4\u00e4n tulehdukset voivat yll\u00e4tt\u00e4\u00e4. Mit\u00e4 aikaisemmin ongelmat ehk\u00e4ist\u00e4\u00e4n sit\u00e4 helpompaa, nopeampaa ja edullisempaa on hammashoitosi.<\/p>\n","protected":false},"featured_media":313,"comment_status":"open","ping_status":"closed","template":"","meta":{"_acf_changed":false,"_kad_post_transparent":"default","_kad_post_title":"","_kad_post_layout":"default","_kad_post_sidebar_id":"","_kad_post_content_style":"default","_kad_post_vertical_padding":"default","_kad_post_feature":"","_kad_post_feature_position":"","_kad_post_header":false,"_kad_post_footer":false,"_kad_post_classname":""},"product_brand":[],"product_cat":[30,21],"product_tag":[],"class_list":{"0":"post-67","1":"product","2":"type-product","3":"status-publish","4":"has-post-thumbnail","6":"product_cat-hammaslaakari","7":"product_cat-hyvinvointi","9":"first","10":"instock","11":"virtual","12":"taxable","13":"purchasable","14":"product-type-simple","15":"entry","16":"content-bg","17":"loop-entry"},"acf":[],"_links":{"self":[{"href":"https:\/\/marketplace.epassi.fi\/hammasvelho\/wp-json\/wp\/v2\/product\/67","targetHints":{"allow":["GET"]}}],"collection":[{"href":"https:\/\/marketplace.epassi.fi\/hammasvelho\/wp-json\/wp\/v2\/product"}],"about":[{"href":"https:\/\/marketplace.epassi.fi\/hammasvelho\/wp-json\/wp\/v2\/types\/product"}],"replies":[{"embeddable":true,"href":"https:\/\/marketplace.epassi.fi\/hammasvelho\/wp-json\/wp\/v2\/comments?post=67"}],"wp:featuredmedia":[{"embeddable":true,"href":"https:\/\/marketplace.epassi.fi\/hammasvelho\/wp-json\/wp\/v2\/media\/313"}],"wp:attachment":[{"href":"https:\/\/marketplace.epassi.fi\/hammasvelho\/wp-json\/wp\/v2\/media?parent=67"}],"wp:term":[{"taxonomy":"product_brand","embeddable":true,"href":"https:\/\/marketplace.epassi.fi\/hammasvelho\/wp-json\/wp\/v2\/product_brand?post=67"},{"taxonomy":"product_cat","embeddable":true,"href":"https:\/\/marketplace.epassi.fi\/hammasvelho\/wp-json\/wp\/v2\/product_cat?post=67"},{"taxonomy":"product_tag","embeddable":true,"href":"https:\/\/marketplace.epassi.fi\/hammasvelho\/wp-json\/wp\/v2\/product_tag?post=67"}],"curies":[{"name":"wp","href":"https:\/\/api.w.org\/{rel}","templated":true}]}}