{"id":22,"date":"2021-09-13T17:45:59","date_gmt":"2021-09-13T17:45:59","guid":{"rendered":"https:\/\/marketplace.epassi.fi\/helaxe\/?page_id=22"},"modified":"2021-10-12T10:57:35","modified_gmt":"2021-10-12T10:57:35","slug":"info","status":"publish","type":"page","link":"https:\/\/marketplace.epassi.fi\/helaxe\/info\/","title":{"rendered":"Info"},"content":{"rendered":"\n\t<div class=\"entry-content single-content\">\n\n\t\t<div class=\"wp-block-columns\" style=\"gap:30px\">\n\t\t\t<div class=\"wp-block-column\">\n\t\t\t\t<h2>Urbaania kirveenheittoa Helsingiss\u00e4<\/h2>\n\t\t\t\t<p><p>Voit varata heittopaikan ennakkoon ja heitt\u00e4\u00e4 omatoimisesti yksin, kaksin tai porukassa. Yhdelle heittopaikalle mahtuu max. 4 heitt\u00e4j\u00e4\u00e4. Varauksen kesto on 60min. Tunnin alussa on turvallisuusohjeistus uusille heitt\u00e4jille sek\u00e4 opastusta heittotekniikoihin. Henkil\u00f6kunnalta saat halutessasi ohjeita erilaisiin hauskoihin peleihin ja kisoihin. Varaukset viimeist\u00e4\u00e4n 24h ennen tunnin alkua. Saman p\u00e4iv\u00e4n heittoja voit tiedustella puhelimitse: 040 506 0386<\/p>\n<p>AJANVARAUS https:\/\/helaxe.com\/ajanvaraus\/<\/p>\n<\/p>\n\t\t\t\t<h3>HELAXE<\/h3>\n\t\t\t\t<p>Fabianinkatu 1<br>\n\t\t\t\t\t00130 Helsinki<\/p>\n\t\t\t\t<p><a href=\"tel:+358405060386\">+358405060386<\/a><\/p>\n\t\t\t\t<p><a href=\"mailto:info@helaxe.com\">info@helaxe.com<\/a><\/p>\n\n\t\t\t\t<h2>Toimipisteet<\/h2><div class=\"info-page-location-list\"><div class=\"info-page-location\"><h3>Helsinki<\/h3><p> , 00130 Helsinki<\/p><p><p><a href=\"https:\/\/www.google.com\/maps\/search\/?api=1&query=Google&query_place_id=ChIJ6-Jr3XYLkkYR0kNzqIhCgJ0\">Katso sijainti kartalla <span>&#8599;<\/span><\/a><\/p><\/p><p><\/p><\/div><\/div>\t\t\t<\/div>\n\n\t\t\t<div class=\"wp-block-column\">\n\t\t\t\t<figure class=\"wp-block-image size-large\"><img loading=\"lazy\" decoding=\"async\" width=\"768\" height=\"512\" src=\"https:\/\/marketplace.epassi.fi\/helaxe\/wp-content\/uploads\/sites\/286\/2022\/09\/Lb86Jg7y-1-768x512.jpeg\" class=\"attachment-medium_large size-medium_large\" alt=\"\" \/><\/figure>\n\t\t\t<\/div>\n\t\t<\/div>\n\t<\/div>\n\t\n","protected":false},"excerpt":{"rendered":"","protected":false},"author":2,"featured_media":0,"parent":0,"menu_order":0,"comment_status":"closed","ping_status":"closed","template":"","meta":{"_acf_changed":false,"_kad_post_transparent":"","_kad_post_title":"","_kad_post_layout":"","_kad_post_sidebar_id":"","_kad_post_content_style":"","_kad_post_vertical_padding":"","_kad_post_feature":"","_kad_post_feature_position":"","_kad_post_header":false,"_kad_post_footer":false,"_kad_post_classname":"","footnotes":""},"class_list":["post-22","page","type-page","status-publish","hentry"],"acf":[],"_links":{"self":[{"href":"https:\/\/marketplace.epassi.fi\/helaxe\/wp-json\/wp\/v2\/pages\/22","targetHints":{"allow":["GET"]}}],"collection":[{"href":"https:\/\/marketplace.epassi.fi\/helaxe\/wp-json\/wp\/v2\/pages"}],"about":[{"href":"https:\/\/marketplace.epassi.fi\/helaxe\/wp-json\/wp\/v2\/types\/page"}],"author":[{"embeddable":true,"href":"https:\/\/marketplace.epassi.fi\/helaxe\/wp-json\/wp\/v2\/users\/2"}],"replies":[{"embeddable":true,"href":"https:\/\/marketplace.epassi.fi\/helaxe\/wp-json\/wp\/v2\/comments?post=22"}],"version-history":[{"count":10,"href":"https:\/\/marketplace.epassi.fi\/helaxe\/wp-json\/wp\/v2\/pages\/22\/revisions"}],"predecessor-version":[{"id":264,"href":"https:\/\/marketplace.epassi.fi\/helaxe\/wp-json\/wp\/v2\/pages\/22\/revisions\/264"}],"wp:attachment":[{"href":"https:\/\/marketplace.epassi.fi\/helaxe\/wp-json\/wp\/v2\/media?parent=22"}],"curies":[{"name":"wp","href":"https:\/\/api.w.org\/{rel}","templated":true}]}}