{"id":274,"date":"2021-10-16T11:14:50","date_gmt":"2021-10-16T11:14:50","guid":{"rendered":"https:\/\/marketplace.epassi.fi\/helaxe\/?post_type=product&#038;p=274"},"modified":"2026-01-01T05:01:59","modified_gmt":"2026-01-01T03:01:59","slug":"kirveenheitto-1-4-hengelle-60min","status":"publish","type":"product","link":"https:\/\/marketplace.epassi.fi\/helaxe\/kauppa\/liikuntaedut\/liikunta-muut\/kirveenheitto-1-4-hengelle-60min\/","title":{"rendered":"KIRVEENHEITTO 1-4 HENGELLE 60min"},"content":{"rendered":"<p>Lahjakortti oikeuttaa yhteen heittopaikkaan 1-4 henkil\u00f6lle yhden tunnin ajaksi. Alussa k\u00e4yd\u00e4\u00e4n l\u00e4pi turvallisuusasiat, heittotekniikka ja kirveenheiton s\u00e4\u00e4nn\u00f6t. T\u00e4m\u00e4n j\u00e4lkeen on mahdollisuus heitt\u00e4\u00e4 esim. peruskilpailu tai kokeilla muita vapaavalintaisia pelej\u00e4.<\/p>\n","protected":false},"excerpt":{"rendered":"<p>Lahjakortti l\u00e4hetet\u00e4\u00e4n s\u00e4hk\u00f6postilla PDF-muodossa tilausta seuraavan arkip\u00e4iv\u00e4n kuluessa. Lahjakortti on henkil\u00f6kohtainen.<\/p>\n","protected":false},"featured_media":443,"comment_status":"open","ping_status":"closed","template":"","meta":{"_acf_changed":false,"_kad_post_transparent":"default","_kad_post_title":"","_kad_post_layout":"default","_kad_post_sidebar_id":"","_kad_post_content_style":"default","_kad_post_vertical_padding":"default","_kad_post_feature":"","_kad_post_feature_position":"","_kad_post_header":false,"_kad_post_footer":false,"_kad_post_classname":""},"product_brand":[],"product_cat":[29,19],"product_tag":[],"class_list":{"0":"post-274","1":"product","2":"type-product","3":"status-publish","4":"has-post-thumbnail","6":"product_cat-liikunta-muut","7":"product_cat-liikuntaedut","9":"first","10":"instock","11":"virtual","12":"taxable","13":"purchasable","14":"product-type-simple","15":"entry","16":"content-bg","17":"loop-entry"},"acf":[],"_links":{"self":[{"href":"https:\/\/marketplace.epassi.fi\/helaxe\/wp-json\/wp\/v2\/product\/274","targetHints":{"allow":["GET"]}}],"collection":[{"href":"https:\/\/marketplace.epassi.fi\/helaxe\/wp-json\/wp\/v2\/product"}],"about":[{"href":"https:\/\/marketplace.epassi.fi\/helaxe\/wp-json\/wp\/v2\/types\/product"}],"replies":[{"embeddable":true,"href":"https:\/\/marketplace.epassi.fi\/helaxe\/wp-json\/wp\/v2\/comments?post=274"}],"wp:featuredmedia":[{"embeddable":true,"href":"https:\/\/marketplace.epassi.fi\/helaxe\/wp-json\/wp\/v2\/media\/443"}],"wp:attachment":[{"href":"https:\/\/marketplace.epassi.fi\/helaxe\/wp-json\/wp\/v2\/media?parent=274"}],"wp:term":[{"taxonomy":"product_brand","embeddable":true,"href":"https:\/\/marketplace.epassi.fi\/helaxe\/wp-json\/wp\/v2\/product_brand?post=274"},{"taxonomy":"product_cat","embeddable":true,"href":"https:\/\/marketplace.epassi.fi\/helaxe\/wp-json\/wp\/v2\/product_cat?post=274"},{"taxonomy":"product_tag","embeddable":true,"href":"https:\/\/marketplace.epassi.fi\/helaxe\/wp-json\/wp\/v2\/product_tag?post=274"}],"curies":[{"name":"wp","href":"https:\/\/api.w.org\/{rel}","templated":true}]}}