{"id":282,"date":"2022-09-23T22:03:36","date_gmt":"2022-09-23T19:03:36","guid":{"rendered":"https:\/\/marketplace.epassi.fi\/helaxe\/?post_type=product&#038;p=282"},"modified":"2026-01-01T05:01:59","modified_gmt":"2026-01-01T03:01:59","slug":"lahjakortti-euromaarainen-100e","status":"publish","type":"product","link":"https:\/\/marketplace.epassi.fi\/helaxe\/kauppa\/liikuntaedut\/liikunta-muut\/lahjakortti-euromaarainen-100e\/","title":{"rendered":"Lahjakortti- eurom\u00e4\u00e4r\u00e4inen 100\u20ac"},"content":{"rendered":"<p>Eurom\u00e4\u00e4r\u00e4inen lahjakortti on k\u00e4ytett\u00e4viss\u00e4 kaikkiin kirvesradan palveluihin. Voit yhdist\u00e4\u00e4 useamman lahjakortin tarvittaessa.<\/p>\n<p>Lahjakortti l\u00e4hetet\u00e4\u00e4n s\u00e4hk\u00f6postilla PDF-muodossa tilausta seuraavan arkip\u00e4iv\u00e4n kuluessa. Lahjakortti on henkil\u00f6kohtainen.<\/p>\n","protected":false},"excerpt":{"rendered":"<p>Lahjakortti l\u00e4hetet\u00e4\u00e4n s\u00e4hk\u00f6postilla PDF-muodossa tilausta seuraavan arkip\u00e4iv\u00e4n kuluessa. Lahjakortti on henkil\u00f6kohtainen.<\/p>\n","protected":false},"featured_media":444,"comment_status":"open","ping_status":"closed","template":"","meta":{"_acf_changed":false,"_kad_post_transparent":"default","_kad_post_title":"","_kad_post_layout":"default","_kad_post_sidebar_id":"","_kad_post_content_style":"default","_kad_post_vertical_padding":"default","_kad_post_feature":"","_kad_post_feature_position":"","_kad_post_header":false,"_kad_post_footer":false,"_kad_post_classname":""},"product_brand":[],"product_cat":[29,19],"product_tag":[],"class_list":{"0":"post-282","1":"product","2":"type-product","3":"status-publish","4":"has-post-thumbnail","6":"product_cat-liikunta-muut","7":"product_cat-liikuntaedut","9":"first","10":"instock","11":"taxable","12":"shipping-taxable","13":"purchasable","14":"product-type-simple","15":"entry","16":"content-bg","17":"loop-entry"},"acf":[],"_links":{"self":[{"href":"https:\/\/marketplace.epassi.fi\/helaxe\/wp-json\/wp\/v2\/product\/282","targetHints":{"allow":["GET"]}}],"collection":[{"href":"https:\/\/marketplace.epassi.fi\/helaxe\/wp-json\/wp\/v2\/product"}],"about":[{"href":"https:\/\/marketplace.epassi.fi\/helaxe\/wp-json\/wp\/v2\/types\/product"}],"replies":[{"embeddable":true,"href":"https:\/\/marketplace.epassi.fi\/helaxe\/wp-json\/wp\/v2\/comments?post=282"}],"wp:featuredmedia":[{"embeddable":true,"href":"https:\/\/marketplace.epassi.fi\/helaxe\/wp-json\/wp\/v2\/media\/444"}],"wp:attachment":[{"href":"https:\/\/marketplace.epassi.fi\/helaxe\/wp-json\/wp\/v2\/media?parent=282"}],"wp:term":[{"taxonomy":"product_brand","embeddable":true,"href":"https:\/\/marketplace.epassi.fi\/helaxe\/wp-json\/wp\/v2\/product_brand?post=282"},{"taxonomy":"product_cat","embeddable":true,"href":"https:\/\/marketplace.epassi.fi\/helaxe\/wp-json\/wp\/v2\/product_cat?post=282"},{"taxonomy":"product_tag","embeddable":true,"href":"https:\/\/marketplace.epassi.fi\/helaxe\/wp-json\/wp\/v2\/product_tag?post=282"}],"curies":[{"name":"wp","href":"https:\/\/api.w.org\/{rel}","templated":true}]}}