{"id":22,"date":"2021-09-13T17:45:59","date_gmt":"2021-09-13T17:45:59","guid":{"rendered":"https:\/\/marketplace.epassi.fi\/helsinginpianostudio\/?page_id=22"},"modified":"2021-10-12T10:57:35","modified_gmt":"2021-10-12T10:57:35","slug":"info","status":"publish","type":"page","link":"https:\/\/marketplace.epassi.fi\/helsinginpianostudio\/info\/","title":{"rendered":"Info"},"content":{"rendered":"\n\t<div class=\"entry-content single-content\">\n\n\t\t<div class=\"wp-block-columns\" style=\"gap:30px\">\n\t\t\t<div class=\"wp-block-column\">\n\t\t\t\t<h2>Helsingin Pianostudio - pianotunteja aikuisille<\/h2>\n\t\t\t\t<p><p>L\u00f6yd\u00e4 oma tapasi oppia uutta ja musisoida - pianotunteja, pianokursseja sek\u00e4 verkkokursseja kaikille aikuisille!<br \/>\nOlet sitten aloittamassa uuden harrastuksen tai olet jo soittanut pianoa, Helsingin Pianostudiossa p\u00e4\u00e4set laaja-alaisen pianonsoiton ja s\u00e4estystaidon opiskelun vauhtiin. Opetuspisteet sijaitsevat hyvien liikenneyhteyksien p\u00e4\u00e4ss\u00e4 Kampissa, Oulunkyl\u00e4ss\u00e4 Ogelin ostoskeskuksessa sek\u00e4 Herttoniemess\u00e4.<br \/>\nTarjoamme opetusta alkeista alkaen aina pitk\u00e4lle meneviin vapaan s\u00e4estyksen, improvisoinnin, jazzin, pop\/rock-musiikin sek\u00e4 klassisen pianonsoiton taitoihin. Tervetuloa tutustumaan!<\/p>\n<p>Huom.! Jos haluat maksaa ePassilla osasuorituksen ja loput laskulla, laita lis\u00e4tietokentt\u00e4\u00e4n maininta mink\u00e4 paketin haluat. Maksun jakaminen kahteen maksutapaan onnistuu 5\u20ac lis\u00e4maksulla.<\/p>\n<p>Pianotunnit ja ryhm\u00e4t, aikataulut: www.helsinginpianostudio.net<br \/>\nVerkkokurssit: www.pianokurssit.fi<br \/>\nwww.tiktok.com\/@helsinginpianostudio<br \/>\nwww.instagram.com\/helsingin_pianostudio\/<br \/>\nwww.facebook.com\/helsinginpianostudio<br \/>\nwww.youtube.com\/@HelsinginPianostudio<\/p>\n<p>* Kampin Pianostudio, Lapinrinne 1<br \/>\n* Herttoniemen Pianostudio, Kitusentie 13 B, 2. kerros<br \/>\n* Oulunkyl\u00e4n Pianostudio, Kyl\u00e4nvanhimmantie 29 A Ogelin ostoskeskus<br \/>\nFI2562122-5<\/p>\n<\/p>\n\t\t\t\t<h3>Helsingin Pianostudio<\/h3>\n\t\t\t\t<p>Lapinrinne 1<br>\n\t\t\t\t\t00100 Helsinki<\/p>\n\t\t\t\t<p><a href=\"tel:0405045295\">0405045295<\/a><\/p>\n\t\t\t\t<p><a href=\"mailto:info@helsinginpianostudio.net\">info@helsinginpianostudio.net<\/a><\/p>\n\n\t\t\t\t<h2>Toimipisteet<\/h2><div class=\"info-page-location-list\"><div class=\"info-page-location\"><h3>Helsingin PIanostudio (Kamppi)<\/h3><p> , 00180 Helsinki<\/p><p><a href=\"tel:toimisto 045 6515 289 hallinto 040 504 5295\">toimisto 045 6515 289 hallinto 040 504 5295<\/a><br><a href=\"mail:info@helsinginpianostudio.net\">info@helsinginpianostudio.net<\/a><p><a href=\"https:\/\/www.google.com\/maps\/search\/?api=1&query=Google&query_place_id=ChIJP8csbQcLkkYRFbr7UwVHML4\">Katso sijainti kartalla <span>&#8599;<\/span><\/a><\/p><\/p><p>Kampin Pianostudio sijaitsee katutasossa Satakuntatalossa, Lapinrinne 1.\r\n\r\nIlon kautta musisointiin! Kaikki oppivat meill\u00e4 soittamaan. Jokaiselle oppilaalle etsit\u00e4\u00e4n yhdess\u00e4 sopivaa ohjelmistoa.\r\n\r\nSoittamaan oppii soittamalla. Nuotinluku on t\u00e4rke\u00e4 asia, mutta se ei ole edellytys musisoinnille. Improvisointia, sointumerkeist\u00e4 s\u00e4est\u00e4mist\u00e4 sek\u00e4 korvakuuloltasoittoa voi harrastaa ilman nuotteja. Nuotinlukua voi taas kehitt\u00e4\u00e4 esim. s\u00e4velt\u00e4m\u00e4ll\u00e4 ja kirjoittamalla omia kappaleita.\r\n\r\nTunneillamme vallitsee leppoisa ja suorituspaineeton tunnelma. Opetusmetodimme on rennon kannustava \u2013 ilon kautta musisointiin!\r\n\r\nYhteismusisointi opettaa enemm\u00e4n kuin yksin soitto. Jo heti ensimm\u00e4inen pianotunti on kannustava yhteinen kokeilu musiikin maailmaan. Ensimm\u00e4isest\u00e4 tunnista alkaen luomme musiikkia yhdess\u00e4. Jos osaat puhua, osaat my\u00f6s musisoida.\r\n\r\nTutustu my\u00f6s Helsingin Pianostudion edullisiin ja laadukkaisiin pianonsoiton verkkokursseihin www.pianokurssit.fi. Meill\u00e4 voit edet\u00e4 progressiivisesti my\u00f6s verkkokursseilla!<\/p><\/div><div class=\"info-page-location\"><h3>Helsingin PIanostudio (Oulunkyl\u00e4)<\/h3><p> , 00640 Helsinki<\/p><p><a href=\"tel:toimisto 045 6515 289 hallinto 040 504 5295\">toimisto 045 6515 289 hallinto 040 504 5295<\/a><br><a href=\"mail:info@helsinginpianostudio.net\">info@helsinginpianostudio.net<\/a><p><a href=\"https:\/\/www.google.com\/maps\/search\/?api=1&query=Google&query_place_id=ChIJIxA7fLMJkkYR_EDXQrDBdSM\">Katso sijainti kartalla <span>&#8599;<\/span><\/a><\/p><\/p><p>Oulunkyl\u00e4n Pianostudio sijaitsee Ogelin ostoskeskuksen A-rapun toisessa kerroksessa (R-kioskin yl\u00e4puolella). Pihalla on ilmainen pys\u00e4k\u00f6inti. Juna-asemalle matkaa n. 150 m.\r\n\r\nIlon kautta musisointiin! Kaikki oppivat meill\u00e4 soittamaan. Jokaiselle oppilaalle etsit\u00e4\u00e4n yhdess\u00e4 sopivaa ohjelmistoa.\r\n\r\nSoittamaan oppii soittamalla. Nuotinluku on t\u00e4rke\u00e4 asia, mutta se ei ole edellytys musisoinnille. Improvisointia, sointumerkeist\u00e4 s\u00e4est\u00e4mist\u00e4 sek\u00e4 korvakuuloltasoittoa voi harrastaa ilman nuotteja. Nuotinlukua voi taas kehitt\u00e4\u00e4 esim. s\u00e4velt\u00e4m\u00e4ll\u00e4 ja kirjoittamalla omia kappaleita.\r\n\r\nTunneillamme vallitsee leppoisa ja suorituspaineeton tunnelma. Opetusmetodimme on rennon kannustava \u2013 ilon kautta musisointiin!\r\n\r\nYhteismusisointi opettaa enemm\u00e4n kuin yksin soitto. Jo heti ensimm\u00e4inen pianotunti on kannustava yhteinen kokeilu musiikin maailmaan. Ensimm\u00e4isest\u00e4 tunnista alkaen luomme musiikkia yhdess\u00e4. Jos osaat puhua, osaat my\u00f6s musisoida.\r\n\r\nTutustu my\u00f6s Helsingin Pianostudion edullisiin ja laadukkaisiin pianonsoiton verkkokursseihin www.pianokurssit.fi. Meill\u00e4 voit edet\u00e4 progressiivisesti my\u00f6s verkkokursseilla!<\/p><\/div><div class=\"info-page-location\"><h3>Helsingin PIanostudio (Herttoniemi)<\/h3><p>Kitusentie 13 B, 00800 Helsinki<\/p><p><a href=\"tel:toimisto 045 6515 289 hallinto 040 504 5295\">toimisto 045 6515 289 hallinto 040 504 5295<\/a><br><a href=\"mail:info@helsinginpianostudio.net\">info@helsinginpianostudio.net<\/a><p><a href=\"https:\/\/www.google.com\/maps\/search\/?api=1&query=Google&query_place_id=ChIJP45xnicJkkYRWBzhjwego68\">Katso sijainti kartalla <span>&#8599;<\/span><\/a><\/p><\/p><p>Herttoniemen Pianostudio sijaitsee rauhallisella alueella Herttoniemen ja Roihupellon rajalla, Kitusentie 13 B, toinen kerros. Kadulla on ilmainen pys\u00e4k\u00f6inti. Bussit 79 ja 81 sek\u00e4 raitiovaunu 15 ovat l\u00e4hettyvill\u00e4.\r\n \r\nIlon kautta musisointiin! Kaikki oppivat meill\u00e4 soittamaan. Jokaiselle oppilaalle etsit\u00e4\u00e4n yhdess\u00e4 sopivaa ohjelmistoa.\r\n\r\nSoittamaan oppii soittamalla. Nuotinluku on t\u00e4rke\u00e4 asia, mutta se ei ole edellytys musisoinnille. Improvisointia, sointumerkeist\u00e4 s\u00e4est\u00e4mist\u00e4 sek\u00e4 korvakuuloltasoittoa voi harrastaa ilman nuotteja. Nuotinlukua voi taas kehitt\u00e4\u00e4 esim. s\u00e4velt\u00e4m\u00e4ll\u00e4 ja kirjoittamalla omia kappaleita.\r\n\r\nTunneillamme vallitsee leppoisa ja suorituspaineeton tunnelma. Opetusmetodimme on rennon kannustava \u2013 ilon kautta musisointiin!\r\n\r\nYhteismusisointi opettaa enemm\u00e4n kuin yksin soitto. Jo heti ensimm\u00e4inen pianotunti on kannustava yhteinen kokeilu musiikin maailmaan. Ensimm\u00e4isest\u00e4 tunnista alkaen luomme musiikkia yhdess\u00e4. Jos osaat puhua, osaat my\u00f6s musisoida.\r\n\r\nTutustu my\u00f6s Helsingin Pianostudion edullisiin ja laadukkaisiin pianonsoiton verkkokursseihin www.pianokurssit.fi. Meill\u00e4 voit edet\u00e4 progressiivisesti my\u00f6s verkkokursseilla!<\/p><\/div><\/div>\t\t\t<\/div>\n\n\t\t\t<div class=\"wp-block-column\">\n\t\t\t\t<figure class=\"wp-block-image size-large\"><img loading=\"lazy\" decoding=\"async\" width=\"650\" height=\"616\" src=\"https:\/\/marketplace.epassi.fi\/helsinginpianostudio\/wp-content\/uploads\/sites\/87\/2022\/03\/vapaan-saestyksen-verkkokurssi-iso-logo.jpg\" class=\"attachment-medium_large size-medium_large\" alt=\"\" \/><\/figure>\n\t\t\t<\/div>\n\t\t<\/div>\n\t<\/div>\n\t\n","protected":false},"excerpt":{"rendered":"","protected":false},"author":2,"featured_media":0,"parent":0,"menu_order":0,"comment_status":"closed","ping_status":"closed","template":"","meta":{"_acf_changed":false,"_kad_post_transparent":"","_kad_post_title":"","_kad_post_layout":"","_kad_post_sidebar_id":"","_kad_post_content_style":"","_kad_post_vertical_padding":"","_kad_post_feature":"","_kad_post_feature_position":"","_kad_post_header":false,"_kad_post_footer":false,"_kad_post_classname":"","footnotes":""},"class_list":["post-22","page","type-page","status-publish","hentry"],"acf":[],"_links":{"self":[{"href":"https:\/\/marketplace.epassi.fi\/helsinginpianostudio\/wp-json\/wp\/v2\/pages\/22","targetHints":{"allow":["GET"]}}],"collection":[{"href":"https:\/\/marketplace.epassi.fi\/helsinginpianostudio\/wp-json\/wp\/v2\/pages"}],"about":[{"href":"https:\/\/marketplace.epassi.fi\/helsinginpianostudio\/wp-json\/wp\/v2\/types\/page"}],"author":[{"embeddable":true,"href":"https:\/\/marketplace.epassi.fi\/helsinginpianostudio\/wp-json\/wp\/v2\/users\/2"}],"replies":[{"embeddable":true,"href":"https:\/\/marketplace.epassi.fi\/helsinginpianostudio\/wp-json\/wp\/v2\/comments?post=22"}],"version-history":[{"count":10,"href":"https:\/\/marketplace.epassi.fi\/helsinginpianostudio\/wp-json\/wp\/v2\/pages\/22\/revisions"}],"predecessor-version":[{"id":264,"href":"https:\/\/marketplace.epassi.fi\/helsinginpianostudio\/wp-json\/wp\/v2\/pages\/22\/revisions\/264"}],"wp:attachment":[{"href":"https:\/\/marketplace.epassi.fi\/helsinginpianostudio\/wp-json\/wp\/v2\/media?parent=22"}],"curies":[{"name":"wp","href":"https:\/\/api.w.org\/{rel}","templated":true}]}}