{"id":289,"date":"2021-10-20T17:08:34","date_gmt":"2021-10-20T14:08:34","guid":{"rendered":"https:\/\/marketplace.epassi.fi\/helsinginpianostudio\/?post_type=product&#038;p=289"},"modified":"2024-12-26T17:01:02","modified_gmt":"2024-12-26T15:01:02","slug":"pianotuntipaketti-4x45min","status":"publish","type":"product","link":"https:\/\/marketplace.epassi.fi\/helsinginpianostudio\/kauppa\/kulttuuriedut\/pianotuntipaketti-4x45min\/","title":{"rendered":"Pianotuntipaketti 4x45min"},"content":{"rendered":"<p>Pianotuntipaketti 4x45min<\/p>\n<p>Omia pianotunteja 4 kpl, kesto 45 min. Tunnit voimassa 6 kk ostohetkest\u00e4. Pakettia ei voi siirt\u00e4\u00e4 toiselle henkil\u00f6lle. Varaukset www.helsinginpianostudio.net<\/p>\n<p>&nbsp;<\/p>\n","protected":false},"excerpt":{"rendered":"<p>Pianotuntipaketti 4x45min. Voimassa 6 kk.<\/p>\n","protected":false},"featured_media":317,"comment_status":"open","ping_status":"closed","template":"","meta":{"_acf_changed":false,"_kad_post_transparent":"default","_kad_post_title":"","_kad_post_layout":"default","_kad_post_sidebar_id":"","_kad_post_content_style":"default","_kad_post_vertical_padding":"default","_kad_post_feature":"","_kad_post_feature_position":"","_kad_post_header":false,"_kad_post_footer":false,"_kad_post_classname":""},"product_brand":[],"product_cat":[20],"product_tag":[],"class_list":{"0":"post-289","1":"product","2":"type-product","3":"status-publish","4":"has-post-thumbnail","6":"product_cat-kulttuuriedut","8":"first","9":"instock","10":"virtual","11":"taxable","12":"purchasable","13":"product-type-simple","14":"entry","15":"content-bg","16":"loop-entry"},"acf":[],"_links":{"self":[{"href":"https:\/\/marketplace.epassi.fi\/helsinginpianostudio\/wp-json\/wp\/v2\/product\/289","targetHints":{"allow":["GET"]}}],"collection":[{"href":"https:\/\/marketplace.epassi.fi\/helsinginpianostudio\/wp-json\/wp\/v2\/product"}],"about":[{"href":"https:\/\/marketplace.epassi.fi\/helsinginpianostudio\/wp-json\/wp\/v2\/types\/product"}],"replies":[{"embeddable":true,"href":"https:\/\/marketplace.epassi.fi\/helsinginpianostudio\/wp-json\/wp\/v2\/comments?post=289"}],"wp:featuredmedia":[{"embeddable":true,"href":"https:\/\/marketplace.epassi.fi\/helsinginpianostudio\/wp-json\/wp\/v2\/media\/317"}],"wp:attachment":[{"href":"https:\/\/marketplace.epassi.fi\/helsinginpianostudio\/wp-json\/wp\/v2\/media?parent=289"}],"wp:term":[{"taxonomy":"product_brand","embeddable":true,"href":"https:\/\/marketplace.epassi.fi\/helsinginpianostudio\/wp-json\/wp\/v2\/product_brand?post=289"},{"taxonomy":"product_cat","embeddable":true,"href":"https:\/\/marketplace.epassi.fi\/helsinginpianostudio\/wp-json\/wp\/v2\/product_cat?post=289"},{"taxonomy":"product_tag","embeddable":true,"href":"https:\/\/marketplace.epassi.fi\/helsinginpianostudio\/wp-json\/wp\/v2\/product_tag?post=289"}],"curies":[{"name":"wp","href":"https:\/\/api.w.org\/{rel}","templated":true}]}}