{"id":421,"date":"2024-09-30T19:55:06","date_gmt":"2024-09-30T16:55:06","guid":{"rendered":"https:\/\/marketplace.epassi.fi\/helsinginpianostudio\/?post_type=product&#038;p=421"},"modified":"2026-01-30T09:04:17","modified_gmt":"2026-01-30T07:04:17","slug":"pianokurssi-1-10x45min-aloita-pianonsoitto","status":"publish","type":"product","link":"https:\/\/marketplace.epassi.fi\/helsinginpianostudio\/kauppa\/kulttuuriedut\/pianokurssi-1-10x45min-aloita-pianonsoitto\/","title":{"rendered":"Pianokurssi 1 (10x45min) &#8211; aloita pianonsoitto!"},"content":{"rendered":"<p>Pianokurssi 1 on tarjouksessa 219\u20ac (norm.245\u20ac). Aloita pianonsoitto t\u00e4ll\u00e4 kurssilla: tekniikkaa, teoriaa, nuotinlukua, soittamista, s\u00e4est\u00e4mist\u00e4, yhteismusisointia pienryhm\u00e4ss\u00e4. Katso alkavat kurssit www.helsinginpianostudio.net.<\/p>\n<p>Ilmoittaudu haluamallesi kurssille\u00a0<a href=\"https:\/\/www.varaaheti.fi\/helsinginpianostudio\/fi\/pianolessons\" target=\"_blank\" rel=\"noopener noreferrer\">ajanvarausj\u00e4rjestelm\u00e4n<\/a> kautta n. kuukautta ennen kurssin alkua. Ensimm\u00e4isell\u00e4 kerralla luo tili, jossa ilmoitat yhteystietosi (s\u00e4hk\u00f6postiosoite, puhelinnumero). N\u00e4it\u00e4 tietoja k\u00e4ytet\u00e4\u00e4n tuntivahvistuksen ja laskun sek\u00e4 kuukausittaisen uutiskirjeen l\u00e4hett\u00e4miseen.<\/p>\n<p class=\"\">\n","protected":false},"excerpt":{"rendered":"<p>Pianokurssit 1-7, Vapaan s\u00e4estyksen perusteet sek\u00e4 Vapaan s\u00e4estyksen peruskurssit 1-6, Vapaa s\u00e4estys 1-3, Klassisen musiikin kurssi, Soita iloksesi-, Evergreen- tai muu teemakurssi. Yksi kurssi sis\u00e4lt\u00e4\u00e4 10 x 45 min ryhm\u00e4opetusta.\u00a0Ilmoittaudu haluamallesi kurssille\u00a0<a href=\"https:\/\/www.varaaheti.fi\/helsinginpianostudio\/fi\/pianolessons\" target=\"_blank\" rel=\"noopener noreferrer\">ajanvarausj\u00e4rjestelm\u00e4n<\/a> kautta n. kuukautta ennen kurssin alkua.<\/p>\n","protected":false},"featured_media":330,"comment_status":"open","ping_status":"closed","template":"","meta":{"_acf_changed":false,"_kad_post_transparent":"default","_kad_post_title":"","_kad_post_layout":"default","_kad_post_sidebar_id":"","_kad_post_content_style":"default","_kad_post_vertical_padding":"default","_kad_post_feature":"","_kad_post_feature_position":"","_kad_post_header":false,"_kad_post_footer":false,"_kad_post_classname":""},"product_brand":[],"product_cat":[20],"product_tag":[],"class_list":{"0":"post-421","1":"product","2":"type-product","3":"status-publish","4":"has-post-thumbnail","6":"product_cat-kulttuuriedut","8":"first","9":"instock","10":"virtual","11":"taxable","12":"purchasable","13":"product-type-simple","14":"entry","15":"content-bg","16":"loop-entry"},"acf":[],"_links":{"self":[{"href":"https:\/\/marketplace.epassi.fi\/helsinginpianostudio\/wp-json\/wp\/v2\/product\/421","targetHints":{"allow":["GET"]}}],"collection":[{"href":"https:\/\/marketplace.epassi.fi\/helsinginpianostudio\/wp-json\/wp\/v2\/product"}],"about":[{"href":"https:\/\/marketplace.epassi.fi\/helsinginpianostudio\/wp-json\/wp\/v2\/types\/product"}],"replies":[{"embeddable":true,"href":"https:\/\/marketplace.epassi.fi\/helsinginpianostudio\/wp-json\/wp\/v2\/comments?post=421"}],"wp:featuredmedia":[{"embeddable":true,"href":"https:\/\/marketplace.epassi.fi\/helsinginpianostudio\/wp-json\/wp\/v2\/media\/330"}],"wp:attachment":[{"href":"https:\/\/marketplace.epassi.fi\/helsinginpianostudio\/wp-json\/wp\/v2\/media?parent=421"}],"wp:term":[{"taxonomy":"product_brand","embeddable":true,"href":"https:\/\/marketplace.epassi.fi\/helsinginpianostudio\/wp-json\/wp\/v2\/product_brand?post=421"},{"taxonomy":"product_cat","embeddable":true,"href":"https:\/\/marketplace.epassi.fi\/helsinginpianostudio\/wp-json\/wp\/v2\/product_cat?post=421"},{"taxonomy":"product_tag","embeddable":true,"href":"https:\/\/marketplace.epassi.fi\/helsinginpianostudio\/wp-json\/wp\/v2\/product_tag?post=421"}],"curies":[{"name":"wp","href":"https:\/\/api.w.org\/{rel}","templated":true}]}}