{"id":282,"date":"2023-11-16T10:52:22","date_gmt":"2023-11-16T08:52:22","guid":{"rendered":"https:\/\/marketplace.epassi.fi\/helsinki-wellness-center\/?post_type=product&#038;p=282"},"modified":"2025-12-02T11:06:56","modified_gmt":"2025-12-02T09:06:56","slug":"lahjakortti","status":"publish","type":"product","link":"https:\/\/marketplace.epassi.fi\/helsinki-wellness-center\/kauppa\/hyvinvointi\/hieronta\/lahjakortti\/","title":{"rendered":"Henkil\u00f6kohtainen Hierontalahjakortti 0,01\u20ac &#8211; 500,00\u20ac"},"content":{"rendered":"<p>\u00c4l\u00e4 heit\u00e4 etujasi hukkaan!<\/p>\n<p>Valitse lahjakortillesi summa sentin tarkkuudella ja k\u00e4yt\u00e4 se laajaan valikoimaamme my\u00f6hemmin.<\/p>\n<p dir=\"ltr\"><span data-originalfontsize=\"12pt\" data-originalcomputedfontsize=\"16\">Helsinki Wellness Center tarjoaa laadukkaita hierontapalveluita tyylikk\u00e4iss\u00e4 tiloissa. Toimipisteet sijaitsevat hyvien kulkuyhteyksien varrella\u00a0<\/span><span data-originalfontsize=\"12pt\" data-originalcomputedfontsize=\"16\">Helsingin Kampissa, Kalasatamassa, Herttoniemenrannassa, Arabianrannassa ja Vantaan Tammistossa.\u00a0<\/span><\/p>\n<p dir=\"ltr\"><span data-originalfontsize=\"12pt\" data-originalcomputedfontsize=\"16\">Lahjakortti on voimassa 6kk ostop\u00e4iv\u00e4st\u00e4 ja k\u00e4y kaikissa Helsinki Wellness Centerin toimipisteiss\u00e4.<\/span><\/p>\n","protected":false},"excerpt":{"rendered":"<p>\u00c4l\u00e4 heit\u00e4 etujasi hukkaan! Valitse lahjakortillesi summa sentin tarkkuudella ja k\u00e4yt\u00e4 se laajaan valikoimaamme my\u00f6hemmin. Helsinki Wellness Center tarjoaa laadukkaita hierontapalveluita tyylikk\u00e4iss\u00e4 tiloissa. Toimipisteet sijaitsevat hyvien kulkuyhteyksien varrella\u00a0Helsingin Kampissa, Kalasatamassa, Herttoniemenrannassa, Arabianrannassa ja Vantaan Tammistossa.\u00a0 Lahjakortti on voimassa 6kk ostop\u00e4iv\u00e4st\u00e4 ja k\u00e4y kaikissa Helsinki Wellness Centerin toimipisteiss\u00e4.<\/p>\n","protected":false},"featured_media":327,"comment_status":"open","ping_status":"closed","template":"","meta":{"_acf_changed":false,"_kad_post_transparent":"default","_kad_post_title":"","_kad_post_layout":"default","_kad_post_sidebar_id":"","_kad_post_content_style":"default","_kad_post_vertical_padding":"default","_kad_post_feature":"","_kad_post_feature_position":"","_kad_post_header":false,"_kad_post_footer":false,"_kad_post_classname":""},"product_brand":[],"product_cat":[31,21],"product_tag":[],"class_list":{"0":"post-282","1":"product","2":"type-product","3":"status-publish","4":"has-post-thumbnail","6":"product_cat-hieronta","7":"product_cat-hyvinvointi","9":"first","10":"instock","11":"taxable","12":"shipping-taxable","13":"product-type-external","14":"entry","15":"content-bg","16":"loop-entry"},"acf":[],"_links":{"self":[{"href":"https:\/\/marketplace.epassi.fi\/helsinki-wellness-center\/wp-json\/wp\/v2\/product\/282","targetHints":{"allow":["GET"]}}],"collection":[{"href":"https:\/\/marketplace.epassi.fi\/helsinki-wellness-center\/wp-json\/wp\/v2\/product"}],"about":[{"href":"https:\/\/marketplace.epassi.fi\/helsinki-wellness-center\/wp-json\/wp\/v2\/types\/product"}],"replies":[{"embeddable":true,"href":"https:\/\/marketplace.epassi.fi\/helsinki-wellness-center\/wp-json\/wp\/v2\/comments?post=282"}],"wp:featuredmedia":[{"embeddable":true,"href":"https:\/\/marketplace.epassi.fi\/helsinki-wellness-center\/wp-json\/wp\/v2\/media\/327"}],"wp:attachment":[{"href":"https:\/\/marketplace.epassi.fi\/helsinki-wellness-center\/wp-json\/wp\/v2\/media?parent=282"}],"wp:term":[{"taxonomy":"product_brand","embeddable":true,"href":"https:\/\/marketplace.epassi.fi\/helsinki-wellness-center\/wp-json\/wp\/v2\/product_brand?post=282"},{"taxonomy":"product_cat","embeddable":true,"href":"https:\/\/marketplace.epassi.fi\/helsinki-wellness-center\/wp-json\/wp\/v2\/product_cat?post=282"},{"taxonomy":"product_tag","embeddable":true,"href":"https:\/\/marketplace.epassi.fi\/helsinki-wellness-center\/wp-json\/wp\/v2\/product_tag?post=282"}],"curies":[{"name":"wp","href":"https:\/\/api.w.org\/{rel}","templated":true}]}}