{"id":361,"date":"2023-12-19T13:52:35","date_gmt":"2023-12-19T11:52:35","guid":{"rendered":"https:\/\/marketplace.epassi.fi\/helsinki-wellness-center\/?post_type=product&#038;p=361"},"modified":"2025-11-04T10:54:30","modified_gmt":"2025-11-04T08:54:30","slug":"aintialaistyylinen-paahieronta-45-min","status":"publish","type":"product","link":"https:\/\/marketplace.epassi.fi\/helsinki-wellness-center\/kauppa\/hyvinvointi\/hieronta\/aintialaistyylinen-paahieronta-45-min\/","title":{"rendered":"P\u00e4\u00e4- ja niska-alueen hieronta 45 min"},"content":{"rendered":"<p>Lahjakortti 45 min p\u00e4\u00e4- ja niska-alueen hierontaan. Lahjakortti on voimassa 6kk ostop\u00e4iv\u00e4st\u00e4 ja k\u00e4y kaikkiin Helsinki Wellness Centerin toimipisteisiin.<\/p>\n","protected":false},"excerpt":{"rendered":"<p>Lahjakortti 45 min intialaistyyliseen p\u00e4\u00e4hierontaan. Lahjakortti on voimassa 6kk ostop\u00e4iv\u00e4st\u00e4 ja k\u00e4y kaikkiin Helsinki Wellness Centerin toimipisteisiin.<\/p>\n","protected":false},"featured_media":364,"comment_status":"open","ping_status":"closed","template":"","meta":{"_acf_changed":false,"_kad_post_transparent":"default","_kad_post_title":"","_kad_post_layout":"default","_kad_post_sidebar_id":"","_kad_post_content_style":"default","_kad_post_vertical_padding":"default","_kad_post_feature":"","_kad_post_feature_position":"","_kad_post_header":false,"_kad_post_footer":false,"_kad_post_classname":""},"product_brand":[],"product_cat":[31,21],"product_tag":[],"class_list":{"0":"post-361","1":"product","2":"type-product","3":"status-publish","4":"has-post-thumbnail","6":"product_cat-hieronta","7":"product_cat-hyvinvointi","9":"first","10":"instock","11":"downloadable","12":"virtual","13":"taxable","14":"purchasable","15":"product-type-simple","16":"entry","17":"content-bg","18":"loop-entry"},"acf":[],"_links":{"self":[{"href":"https:\/\/marketplace.epassi.fi\/helsinki-wellness-center\/wp-json\/wp\/v2\/product\/361","targetHints":{"allow":["GET"]}}],"collection":[{"href":"https:\/\/marketplace.epassi.fi\/helsinki-wellness-center\/wp-json\/wp\/v2\/product"}],"about":[{"href":"https:\/\/marketplace.epassi.fi\/helsinki-wellness-center\/wp-json\/wp\/v2\/types\/product"}],"replies":[{"embeddable":true,"href":"https:\/\/marketplace.epassi.fi\/helsinki-wellness-center\/wp-json\/wp\/v2\/comments?post=361"}],"wp:featuredmedia":[{"embeddable":true,"href":"https:\/\/marketplace.epassi.fi\/helsinki-wellness-center\/wp-json\/wp\/v2\/media\/364"}],"wp:attachment":[{"href":"https:\/\/marketplace.epassi.fi\/helsinki-wellness-center\/wp-json\/wp\/v2\/media?parent=361"}],"wp:term":[{"taxonomy":"product_brand","embeddable":true,"href":"https:\/\/marketplace.epassi.fi\/helsinki-wellness-center\/wp-json\/wp\/v2\/product_brand?post=361"},{"taxonomy":"product_cat","embeddable":true,"href":"https:\/\/marketplace.epassi.fi\/helsinki-wellness-center\/wp-json\/wp\/v2\/product_cat?post=361"},{"taxonomy":"product_tag","embeddable":true,"href":"https:\/\/marketplace.epassi.fi\/helsinki-wellness-center\/wp-json\/wp\/v2\/product_tag?post=361"}],"curies":[{"name":"wp","href":"https:\/\/api.w.org\/{rel}","templated":true}]}}