{"id":437,"date":"2025-12-02T10:34:37","date_gmt":"2025-12-02T08:34:37","guid":{"rendered":"https:\/\/marketplace.epassi.fi\/helsinki-wellness-center\/?post_type=product&#038;p=437"},"modified":"2026-01-02T05:11:28","modified_gmt":"2026-01-02T03:11:28","slug":"sarjakortti-3-x-120-min-klassinen-tai-urheiluhieronta-kopio","status":"publish","type":"product","link":"https:\/\/marketplace.epassi.fi\/helsinki-wellness-center\/kauppa\/hyvinvointi\/hieronta\/sarjakortti-3-x-120-min-klassinen-tai-urheiluhieronta-kopio\/","title":{"rendered":"Sarjakortti 3 x 120 min klassinen- tai urheiluhieronta"},"content":{"rendered":"<p>Sarjakortti k\u00e4y kaikkiin Helsinki Wellness Centerin toimipisteisiin ja on voimassa 6kk ostop\u00e4iv\u00e4st\u00e4.<\/p>\n","protected":false},"excerpt":{"rendered":"<p>Sarjakortti k\u00e4y kaikkiin Helsinki Wellness Centerin toimipisteisiin ja on voimassa 6kk ostop\u00e4iv\u00e4st\u00e4.<\/p>\n","protected":false},"featured_media":325,"comment_status":"open","ping_status":"closed","template":"","meta":{"_acf_changed":false,"_kad_post_transparent":"default","_kad_post_title":"","_kad_post_layout":"default","_kad_post_sidebar_id":"","_kad_post_content_style":"default","_kad_post_vertical_padding":"default","_kad_post_feature":"","_kad_post_feature_position":"","_kad_post_header":false,"_kad_post_footer":false,"_kad_post_classname":""},"product_brand":[],"product_cat":[31,21,15],"product_tag":[],"class_list":{"0":"post-437","1":"product","2":"type-product","3":"status-publish","4":"has-post-thumbnail","6":"product_cat-hieronta","7":"product_cat-hyvinvointi","8":"product_cat-yleinen","10":"first","11":"instock","12":"downloadable","13":"virtual","14":"taxable","15":"purchasable","16":"product-type-simple","17":"entry","18":"content-bg","19":"loop-entry"},"acf":[],"_links":{"self":[{"href":"https:\/\/marketplace.epassi.fi\/helsinki-wellness-center\/wp-json\/wp\/v2\/product\/437","targetHints":{"allow":["GET"]}}],"collection":[{"href":"https:\/\/marketplace.epassi.fi\/helsinki-wellness-center\/wp-json\/wp\/v2\/product"}],"about":[{"href":"https:\/\/marketplace.epassi.fi\/helsinki-wellness-center\/wp-json\/wp\/v2\/types\/product"}],"replies":[{"embeddable":true,"href":"https:\/\/marketplace.epassi.fi\/helsinki-wellness-center\/wp-json\/wp\/v2\/comments?post=437"}],"wp:featuredmedia":[{"embeddable":true,"href":"https:\/\/marketplace.epassi.fi\/helsinki-wellness-center\/wp-json\/wp\/v2\/media\/325"}],"wp:attachment":[{"href":"https:\/\/marketplace.epassi.fi\/helsinki-wellness-center\/wp-json\/wp\/v2\/media?parent=437"}],"wp:term":[{"taxonomy":"product_brand","embeddable":true,"href":"https:\/\/marketplace.epassi.fi\/helsinki-wellness-center\/wp-json\/wp\/v2\/product_brand?post=437"},{"taxonomy":"product_cat","embeddable":true,"href":"https:\/\/marketplace.epassi.fi\/helsinki-wellness-center\/wp-json\/wp\/v2\/product_cat?post=437"},{"taxonomy":"product_tag","embeddable":true,"href":"https:\/\/marketplace.epassi.fi\/helsinki-wellness-center\/wp-json\/wp\/v2\/product_tag?post=437"}],"curies":[{"name":"wp","href":"https:\/\/api.w.org\/{rel}","templated":true}]}}