{"id":22,"date":"2021-09-13T17:45:59","date_gmt":"2021-09-13T17:45:59","guid":{"rendered":"https:\/\/marketplace.epassi.fi\/hi-movement\/?page_id=22"},"modified":"2021-10-12T10:57:35","modified_gmt":"2021-10-12T10:57:35","slug":"info","status":"publish","type":"page","link":"https:\/\/marketplace.epassi.fi\/hi-movement\/info\/","title":{"rendered":"Info"},"content":{"rendered":"\n\t<div class=\"entry-content single-content\">\n\n\t\t<div class=\"wp-block-columns\" style=\"gap:30px\">\n\t\t\t<div class=\"wp-block-column\">\n\t\t\t\t<h2>Hi Movement Hieronta &amp; Valmennus<\/h2>\n\t\t\t\t<p><p>Osteopaatti, koulutettu hieroja\/urheiluhieroja ja Personal Trainer, joka kohtaa asiakkaat aina yksil\u00f6in\u00e4 yli 10 vuoden kokemuksella ja ammattitaidolla.<\/p>\n<p>K\u00e4yt\u00e4n ty\u00f6ss\u00e4ni monipuolisesti erilaisia hieronta- ja osteopaattisia tekniikoita, joita ovat mm. mobilisaatiot, faskia- ja triggerpistek\u00e4sittely sek\u00e4 pehmytkudosk\u00e4sittely. Pyrin aina l\u00f6yt\u00e4m\u00e4\u00e4n ongelmien juurisyyn ja hoitamaan niit\u00e4 sen sijaan, ett\u00e4 keskittyisin vain oireiden hoitoon. Hieronnan lis\u00e4ksi ohjeistan asiakkaita omatoimiseen harjoitteluun, joka voi olla esimerkiksi voima- tai  liikkuvuusharjoittelua. <\/p>\n<p>Personal training palvelut auttavat sinua saavuttamaan tavoitteesi l\u00e4ht\u00f6tasoon katsomatta. Valmennuksessa jokainen asiakas kohdataan yksil\u00f6n\u00e4 ja valmennus r\u00e4\u00e4t\u00e4l\u00f6id\u00e4\u00e4n aina jokaisen omien tavoitteiden ja tarpeiden mukaisesti. Valmennuksissa huomioidaan ravinnon, liikunnan ja levon merkitys tavoitteiden saavuttamisessa.<\/p>\n<p>Vastaanottoni sijaitsee hyvien kulkuyhteyksien varrella Helsingin Myllypurossa, omalla autolla saapuville ilmainen pys\u00e4k\u00f6inti.<\/p>\n<p>Voit tutustua tarkemmin osoitteessa <\/p>\n<p><a href=\"https:\/\/himovement.fi\/\">www.himovement.fi<\/a><\/p>\n<\/p>\n\t\t\t\t<h3>Hi Movement Osteopatia, Hieronta ja Valmennus<\/h3>\n\t\t\t\t<p>Myllyv\u00e4enkatu 7<br>\n\t\t\t\t\t00920 Helsinki<\/p>\n\t\t\t\t<p><a href=\"tel:0505298315\">0505298315<\/a><\/p>\n\t\t\t\t<p><a href=\"mailto:ilkka@himovement.fi\">ilkka@himovement.fi<\/a><\/p>\n\n\t\t\t\t<h2>Toimipisteet<\/h2><div class=\"info-page-location-list\"><div class=\"info-page-location\"><h3>Hi Movement Osteopatia &amp; Valmennus<\/h3><p>Myllyv\u00e4enkatu 7, 00920 Helsinki<\/p><p><a href=\"tel:+358 50 529 8315 \">+358 50 529 8315 <\/a><br><a href=\"mail:ilkka@himovement.fi\">ilkka@himovement.fi<\/a><p><a href=\"https:\/\/www.google.com\/maps\/search\/?api=1&query=Google&query_place_id=ChIJ_Umns9YIkkYR1Q7mJ9Fvi0A\">Katso sijainti kartalla <span>&#8599;<\/span><\/a><\/p><\/p><p><\/p><\/div><div class=\"info-page-location\"><h3><\/h3><p><\/p><p><\/p><\/div><\/div>\t\t\t<\/div>\n\n\t\t\t<div class=\"wp-block-column\">\n\t\t\t\t<figure class=\"wp-block-image size-large\"><img loading=\"lazy\" decoding=\"async\" width=\"419\" height=\"259\" src=\"https:\/\/marketplace.epassi.fi\/hi-movement\/wp-content\/uploads\/sites\/346\/2023\/05\/hi-movement-logotype-04-1.png\" class=\"attachment-medium_large size-medium_large\" alt=\"\" \/><\/figure>\n\t\t\t<\/div>\n\t\t<\/div>\n\t<\/div>\n\t\n","protected":false},"excerpt":{"rendered":"","protected":false},"author":2,"featured_media":0,"parent":0,"menu_order":0,"comment_status":"closed","ping_status":"closed","template":"","meta":{"_acf_changed":false,"_kad_post_transparent":"","_kad_post_title":"","_kad_post_layout":"","_kad_post_sidebar_id":"","_kad_post_content_style":"","_kad_post_vertical_padding":"","_kad_post_feature":"","_kad_post_feature_position":"","_kad_post_header":false,"_kad_post_footer":false,"_kad_post_classname":"","footnotes":""},"class_list":["post-22","page","type-page","status-publish","hentry"],"acf":[],"_links":{"self":[{"href":"https:\/\/marketplace.epassi.fi\/hi-movement\/wp-json\/wp\/v2\/pages\/22","targetHints":{"allow":["GET"]}}],"collection":[{"href":"https:\/\/marketplace.epassi.fi\/hi-movement\/wp-json\/wp\/v2\/pages"}],"about":[{"href":"https:\/\/marketplace.epassi.fi\/hi-movement\/wp-json\/wp\/v2\/types\/page"}],"author":[{"embeddable":true,"href":"https:\/\/marketplace.epassi.fi\/hi-movement\/wp-json\/wp\/v2\/users\/2"}],"replies":[{"embeddable":true,"href":"https:\/\/marketplace.epassi.fi\/hi-movement\/wp-json\/wp\/v2\/comments?post=22"}],"version-history":[{"count":10,"href":"https:\/\/marketplace.epassi.fi\/hi-movement\/wp-json\/wp\/v2\/pages\/22\/revisions"}],"predecessor-version":[{"id":264,"href":"https:\/\/marketplace.epassi.fi\/hi-movement\/wp-json\/wp\/v2\/pages\/22\/revisions\/264"}],"wp:attachment":[{"href":"https:\/\/marketplace.epassi.fi\/hi-movement\/wp-json\/wp\/v2\/media?parent=22"}],"curies":[{"name":"wp","href":"https:\/\/api.w.org\/{rel}","templated":true}]}}