{"id":290,"date":"2021-10-20T17:09:46","date_gmt":"2021-10-20T17:09:46","guid":{"rendered":"https:\/\/marketplace.epassi.fi\/hi-movement\/?post_type=product&#038;p=290"},"modified":"2026-01-02T05:10:24","modified_gmt":"2026-01-02T03:10:24","slug":"hieronta-60-min","status":"publish","type":"product","link":"https:\/\/marketplace.epassi.fi\/hi-movement\/kauppa\/hyvinvointi\/hieronta\/hieronta-60-min\/","title":{"rendered":"Hieronta 60 min"},"content":{"rendered":"<p>Hieronta 60 minuuttia.<\/p>\n","protected":false},"excerpt":{"rendered":"<p>Hierontahoito alkaa alkukartoituksella, tutkimisella ja haastattelulla, joiden avulla pyrin selvitt\u00e4m\u00e4\u00e4n vaivan syyn ja mahdollisen aiheuttajan. T\u00e4m\u00e4n j\u00e4lkeen teen manuaalisen hoidon\/hieronnan, joka toteutetaan aina yksil\u00f6llisesti ja asiakkaan toiveiden mukaisesti. Hieronnan lopuksi annan n\u00e4kemykseni asiakkaan tilanteesta, jatkohoidon tarpeesta sek\u00e4 mahdolliset kotihoito-ohjeet.<\/p>\n<p>Yleisi\u00e4 syit\u00e4 tulla hierontaan ovat esimerkiksi:<\/p>\n<p>\u25cf p\u00e4\u00e4ns\u00e4rky ja huimaus<br \/>\n\u25cf alaselk\u00e4kipu ja muut selk\u00e4vaivat<br \/>\n\u25cf niska-hartiaseudun kireydet ja kiputilat<br \/>\n\u25cf stressin lievitys<br \/>\n\u25cf lihaskipu tai arkuus<br \/>\n\u25cf rentoutuminen<\/p>\n","protected":false},"featured_media":378,"comment_status":"open","ping_status":"closed","template":"","meta":{"_acf_changed":false,"_kad_post_transparent":"default","_kad_post_title":"","_kad_post_layout":"default","_kad_post_sidebar_id":"","_kad_post_content_style":"default","_kad_post_vertical_padding":"default","_kad_post_feature":"","_kad_post_feature_position":"","_kad_post_header":false,"_kad_post_footer":false,"_kad_post_classname":""},"product_brand":[],"product_cat":[31,21],"product_tag":[],"class_list":{"0":"post-290","1":"product","2":"type-product","3":"status-publish","4":"has-post-thumbnail","6":"product_cat-hieronta","7":"product_cat-hyvinvointi","9":"first","10":"instock","11":"virtual","12":"purchasable","13":"product-type-simple","14":"entry","15":"content-bg","16":"loop-entry"},"acf":[],"_links":{"self":[{"href":"https:\/\/marketplace.epassi.fi\/hi-movement\/wp-json\/wp\/v2\/product\/290","targetHints":{"allow":["GET"]}}],"collection":[{"href":"https:\/\/marketplace.epassi.fi\/hi-movement\/wp-json\/wp\/v2\/product"}],"about":[{"href":"https:\/\/marketplace.epassi.fi\/hi-movement\/wp-json\/wp\/v2\/types\/product"}],"replies":[{"embeddable":true,"href":"https:\/\/marketplace.epassi.fi\/hi-movement\/wp-json\/wp\/v2\/comments?post=290"}],"wp:featuredmedia":[{"embeddable":true,"href":"https:\/\/marketplace.epassi.fi\/hi-movement\/wp-json\/wp\/v2\/media\/378"}],"wp:attachment":[{"href":"https:\/\/marketplace.epassi.fi\/hi-movement\/wp-json\/wp\/v2\/media?parent=290"}],"wp:term":[{"taxonomy":"product_brand","embeddable":true,"href":"https:\/\/marketplace.epassi.fi\/hi-movement\/wp-json\/wp\/v2\/product_brand?post=290"},{"taxonomy":"product_cat","embeddable":true,"href":"https:\/\/marketplace.epassi.fi\/hi-movement\/wp-json\/wp\/v2\/product_cat?post=290"},{"taxonomy":"product_tag","embeddable":true,"href":"https:\/\/marketplace.epassi.fi\/hi-movement\/wp-json\/wp\/v2\/product_tag?post=290"}],"curies":[{"name":"wp","href":"https:\/\/api.w.org\/{rel}","templated":true}]}}