{"id":374,"date":"2025-11-08T09:00:51","date_gmt":"2025-11-08T07:00:51","guid":{"rendered":"https:\/\/marketplace.epassi.fi\/hi-movement\/?post_type=product&#038;p=374"},"modified":"2025-12-12T15:27:50","modified_gmt":"2025-12-12T13:27:50","slug":"osteopatia-60-min","status":"publish","type":"product","link":"https:\/\/marketplace.epassi.fi\/hi-movement\/kauppa\/hyvinvointi\/osteopatia-60-min\/","title":{"rendered":"Osteopatia 60 min"},"content":{"rendered":"<p>Osteopatia 60 minuuttia. Sopii hyvin osteopatian ensik\u00e4yntiin.<\/p>\n<h2 class=\"kt-adv-heading2035_e15fb4-a6 wp-block-kadence-advancedheading\" data-kb-block=\"kb-adv-heading2035_e15fb4-a6\">Milloin osteopaatin vastaanotolle?<\/h2>\n<p class=\"has-text-align-left\">Tavallisimpia osteopaatin vastaanotolle hakeutumisen syit\u00e4 ovat muun muassa:<\/p>\n<p class=\"has-text-align-left\">\u25cf Selk\u00e4kipu (akuutti tai pitkittynyt, eli krooninen kipu)<br \/>\n\u25cf P\u00e4\u00e4ns\u00e4rky, huimaus ja migreeni<br \/>\n\u25cf Leukanivelen ja purentalihasten kiputilat<br \/>\n\u25cf Alasel\u00e4n, lantion ja SI-nivelen toimintah\u00e4iri\u00f6t ja kivut<br \/>\n\u25cf Yl\u00e4- ja alaraajojen kivut (tenniskyyn\u00e4rp\u00e4\u00e4, golfkyyn\u00e4rp\u00e4\u00e4, plantaarifaskiitti,<br \/>\ntendinopatiat, polvikipu jne.)<br \/>\n\u25cf Urheiluvammat ja rasitustilat (juoksijan polvi, hypp\u00e4\u00e4j\u00e4n polvi, penikkatauti, nilkan<br \/>\nnyrj\u00e4hdysvammat, erilaiset lihasper\u00e4iset kireydet ja kiputilat)<br \/>\n\u25cf Rasitusvammoja ennaltaehk\u00e4isev\u00e4 harjoittelu<br \/>\n\u25cf Harjoittelun ohjelmointi<\/p>\n","protected":false},"excerpt":{"rendered":"<p>Osteopatia 60 minuuttia. Sopii hyvin osteopatian ensik\u00e4yntiin. Milloin osteopaatin vastaanotolle? Tavallisimpia osteopaatin vastaanotolle hakeutumisen syit\u00e4 ovat muun muassa: \u25cf Selk\u00e4kipu (akuutti tai pitkittynyt, eli krooninen kipu) \u25cf P\u00e4\u00e4ns\u00e4rky, huimaus ja migreeni \u25cf Leukanivelen ja purentalihasten kiputilat \u25cf Alasel\u00e4n, lantion ja SI-nivelen toimintah\u00e4iri\u00f6t ja kivut \u25cf Yl\u00e4- ja alaraajojen kivut (tenniskyyn\u00e4rp\u00e4\u00e4, golfkyyn\u00e4rp\u00e4\u00e4, plantaarifaskiitti, tendinopatiat, polvikipu jne.)&#8230;<\/p>\n","protected":false},"featured_media":379,"comment_status":"open","ping_status":"closed","template":"","meta":{"_acf_changed":false,"_kad_post_transparent":"default","_kad_post_title":"","_kad_post_layout":"default","_kad_post_sidebar_id":"","_kad_post_content_style":"default","_kad_post_vertical_padding":"default","_kad_post_feature":"","_kad_post_feature_position":"","_kad_post_header":false,"_kad_post_footer":false,"_kad_post_classname":""},"product_brand":[],"product_cat":[21],"product_tag":[],"class_list":{"0":"post-374","1":"product","2":"type-product","3":"status-publish","4":"has-post-thumbnail","6":"product_cat-hyvinvointi","8":"first","9":"instock","10":"purchasable","11":"product-type-simple","12":"entry","13":"content-bg","14":"loop-entry"},"acf":[],"_links":{"self":[{"href":"https:\/\/marketplace.epassi.fi\/hi-movement\/wp-json\/wp\/v2\/product\/374","targetHints":{"allow":["GET"]}}],"collection":[{"href":"https:\/\/marketplace.epassi.fi\/hi-movement\/wp-json\/wp\/v2\/product"}],"about":[{"href":"https:\/\/marketplace.epassi.fi\/hi-movement\/wp-json\/wp\/v2\/types\/product"}],"replies":[{"embeddable":true,"href":"https:\/\/marketplace.epassi.fi\/hi-movement\/wp-json\/wp\/v2\/comments?post=374"}],"wp:featuredmedia":[{"embeddable":true,"href":"https:\/\/marketplace.epassi.fi\/hi-movement\/wp-json\/wp\/v2\/media\/379"}],"wp:attachment":[{"href":"https:\/\/marketplace.epassi.fi\/hi-movement\/wp-json\/wp\/v2\/media?parent=374"}],"wp:term":[{"taxonomy":"product_brand","embeddable":true,"href":"https:\/\/marketplace.epassi.fi\/hi-movement\/wp-json\/wp\/v2\/product_brand?post=374"},{"taxonomy":"product_cat","embeddable":true,"href":"https:\/\/marketplace.epassi.fi\/hi-movement\/wp-json\/wp\/v2\/product_cat?post=374"},{"taxonomy":"product_tag","embeddable":true,"href":"https:\/\/marketplace.epassi.fi\/hi-movement\/wp-json\/wp\/v2\/product_tag?post=374"}],"curies":[{"name":"wp","href":"https:\/\/api.w.org\/{rel}","templated":true}]}}