{"id":273,"date":"2021-10-16T11:12:03","date_gmt":"2021-10-16T11:12:03","guid":{"rendered":"https:\/\/marketplace.epassi.fi\/hieroja-maria-liukko-sipi\/?post_type=product&#038;p=273"},"modified":"2025-10-30T16:25:06","modified_gmt":"2025-10-30T14:25:06","slug":"purentalihashieronta-60min","status":"publish","type":"product","link":"https:\/\/marketplace.epassi.fi\/hieroja-maria-liukko-sipi\/kauppa\/hyvinvointi\/hieronta\/purentalihashieronta-60min\/","title":{"rendered":"Purentalihashieronta 60min"},"content":{"rendered":"<p>Hieronnan aikana k\u00e4sitell\u00e4\u00e4n purentalihakset suun sis\u00e4- ja ulkopuolelta, kasvojen ja kaulan alue sek\u00e4 niska-hartiaseutu ja rintakeh\u00e4.<\/p>\n<p>Huomioithan, ett\u00e4 ePassilla ostettu tuote on <strong>henkil\u00f6kohtainen.<\/strong><\/p>\n<p>Voimassa 6kk ostop\u00e4iv\u00e4st\u00e4.<\/p>\n","protected":false},"excerpt":{"rendered":"<p>Hieronnan aikana k\u00e4sitell\u00e4\u00e4n purentalihakset suun sis\u00e4- ja ulkopuolelta, kasvojen ja kaulan alue sek\u00e4 niska-hartiaseutu ja rintakeh\u00e4.<\/p>\n","protected":false},"featured_media":325,"comment_status":"open","ping_status":"closed","template":"","meta":{"_acf_changed":false,"_kad_post_transparent":"default","_kad_post_title":"","_kad_post_layout":"default","_kad_post_sidebar_id":"","_kad_post_content_style":"default","_kad_post_vertical_padding":"default","_kad_post_feature":"","_kad_post_feature_position":"","_kad_post_header":false,"_kad_post_footer":false,"_kad_post_classname":""},"product_brand":[],"product_cat":[31,21],"product_tag":[],"class_list":{"0":"post-273","1":"product","2":"type-product","3":"status-publish","4":"has-post-thumbnail","6":"product_cat-hieronta","7":"product_cat-hyvinvointi","9":"first","10":"instock","11":"virtual","12":"taxable","13":"purchasable","14":"product-type-simple","15":"entry","16":"content-bg","17":"loop-entry"},"acf":[],"_links":{"self":[{"href":"https:\/\/marketplace.epassi.fi\/hieroja-maria-liukko-sipi\/wp-json\/wp\/v2\/product\/273","targetHints":{"allow":["GET"]}}],"collection":[{"href":"https:\/\/marketplace.epassi.fi\/hieroja-maria-liukko-sipi\/wp-json\/wp\/v2\/product"}],"about":[{"href":"https:\/\/marketplace.epassi.fi\/hieroja-maria-liukko-sipi\/wp-json\/wp\/v2\/types\/product"}],"replies":[{"embeddable":true,"href":"https:\/\/marketplace.epassi.fi\/hieroja-maria-liukko-sipi\/wp-json\/wp\/v2\/comments?post=273"}],"wp:featuredmedia":[{"embeddable":true,"href":"https:\/\/marketplace.epassi.fi\/hieroja-maria-liukko-sipi\/wp-json\/wp\/v2\/media\/325"}],"wp:attachment":[{"href":"https:\/\/marketplace.epassi.fi\/hieroja-maria-liukko-sipi\/wp-json\/wp\/v2\/media?parent=273"}],"wp:term":[{"taxonomy":"product_brand","embeddable":true,"href":"https:\/\/marketplace.epassi.fi\/hieroja-maria-liukko-sipi\/wp-json\/wp\/v2\/product_brand?post=273"},{"taxonomy":"product_cat","embeddable":true,"href":"https:\/\/marketplace.epassi.fi\/hieroja-maria-liukko-sipi\/wp-json\/wp\/v2\/product_cat?post=273"},{"taxonomy":"product_tag","embeddable":true,"href":"https:\/\/marketplace.epassi.fi\/hieroja-maria-liukko-sipi\/wp-json\/wp\/v2\/product_tag?post=273"}],"curies":[{"name":"wp","href":"https:\/\/api.w.org\/{rel}","templated":true}]}}