{"id":345,"date":"2021-12-12T20:58:30","date_gmt":"2021-12-12T18:58:30","guid":{"rendered":"https:\/\/marketplace.epassi.fi\/hierojahelsinki\/?post_type=product&#038;p=345"},"modified":"2026-01-01T23:03:17","modified_gmt":"2026-01-01T21:03:17","slug":"sarjakortti-hierontaan-3x60-minuuttia","status":"publish","type":"product","link":"https:\/\/marketplace.epassi.fi\/hierojahelsinki\/kauppa\/hyvinvointi\/hieronta\/sarjakortti-hierontaan-3x60-minuuttia\/","title":{"rendered":"Sarjakortti hierontaan 3&#215;60 minuuttia"},"content":{"rendered":"<p><span style=\"font-family: var(--global-body-font-family)\">Sarjakortti on voimassa vuoden ostohetkest\u00e4 ja k<\/span><span class=\"gamma widget-title\" style=\"font-family: var(--global-body-font-family)\">\u00e4y kaikissa toimipisteiss\u00e4<\/span><span style=\"font-family: var(--global-body-font-family)\">. <\/span><span style=\"font-family: var(--global-body-font-family)\">Sarjakortilla edullisemmin hierontaan.<\/span><\/p>\n","protected":false},"excerpt":{"rendered":"<div class=\"block footer-widget-1\">\n<div id=\"text-2\" class=\"widget widget_text\">Hieronta nopeuttaa palautumista liikuntasuorituksesta, v\u00e4hent\u00e4\u00e4 kipuilua ja lihasj\u00e4nnityst\u00e4, sek\u00e4 alentaa tehokkaasti stressi\u00e4 rentouttaen kehoa ja mielt\u00e4.<\/div>\n<\/div>\n","protected":false},"featured_media":343,"comment_status":"closed","ping_status":"closed","template":"","meta":{"_acf_changed":false,"_kad_post_transparent":"default","_kad_post_title":"","_kad_post_layout":"default","_kad_post_sidebar_id":"","_kad_post_content_style":"default","_kad_post_vertical_padding":"default","_kad_post_feature":"","_kad_post_feature_position":"","_kad_post_header":false,"_kad_post_footer":false,"_kad_post_classname":""},"product_brand":[],"product_cat":[31,21],"product_tag":[],"class_list":{"0":"post-345","1":"product","2":"type-product","3":"status-publish","4":"has-post-thumbnail","6":"product_cat-hieronta","7":"product_cat-hyvinvointi","9":"first","10":"instock","11":"taxable","12":"shipping-taxable","13":"product-type-external","14":"entry","15":"content-bg","16":"loop-entry"},"acf":[],"_links":{"self":[{"href":"https:\/\/marketplace.epassi.fi\/hierojahelsinki\/wp-json\/wp\/v2\/product\/345","targetHints":{"allow":["GET"]}}],"collection":[{"href":"https:\/\/marketplace.epassi.fi\/hierojahelsinki\/wp-json\/wp\/v2\/product"}],"about":[{"href":"https:\/\/marketplace.epassi.fi\/hierojahelsinki\/wp-json\/wp\/v2\/types\/product"}],"replies":[{"embeddable":true,"href":"https:\/\/marketplace.epassi.fi\/hierojahelsinki\/wp-json\/wp\/v2\/comments?post=345"}],"wp:featuredmedia":[{"embeddable":true,"href":"https:\/\/marketplace.epassi.fi\/hierojahelsinki\/wp-json\/wp\/v2\/media\/343"}],"wp:attachment":[{"href":"https:\/\/marketplace.epassi.fi\/hierojahelsinki\/wp-json\/wp\/v2\/media?parent=345"}],"wp:term":[{"taxonomy":"product_brand","embeddable":true,"href":"https:\/\/marketplace.epassi.fi\/hierojahelsinki\/wp-json\/wp\/v2\/product_brand?post=345"},{"taxonomy":"product_cat","embeddable":true,"href":"https:\/\/marketplace.epassi.fi\/hierojahelsinki\/wp-json\/wp\/v2\/product_cat?post=345"},{"taxonomy":"product_tag","embeddable":true,"href":"https:\/\/marketplace.epassi.fi\/hierojahelsinki\/wp-json\/wp\/v2\/product_tag?post=345"}],"curies":[{"name":"wp","href":"https:\/\/api.w.org\/{rel}","templated":true}]}}