{"id":347,"date":"2021-12-12T21:00:30","date_gmt":"2021-12-12T19:00:30","guid":{"rendered":"https:\/\/marketplace.epassi.fi\/hierojahelsinki\/?post_type=product&#038;p=347"},"modified":"2023-12-31T11:54:57","modified_gmt":"2023-12-31T09:54:57","slug":"vapaa-valintainen-summa","status":"publish","type":"product","link":"https:\/\/marketplace.epassi.fi\/hierojahelsinki\/kauppa\/hyvinvointi\/hieronta\/vapaa-valintainen-summa\/","title":{"rendered":"Vapaa valintainen summa"},"content":{"rendered":"<p><span style=\"font-family: var(--global-body-font-family)\">Summan voit valita itse ja k\u00e4ytt\u00e4\u00e4 maksuna hoitoon tai osamaksuna sarjakortin hankintaan ensimm\u00e4isell\u00e4 k\u00e4ynnill\u00e4 toimipisteess\u00e4. <\/span><span style=\"font-family: var(--global-body-font-family)\">Osto on voimassa vuoden ostohetkest\u00e4 ja k<\/span><span class=\"gamma widget-title\" style=\"font-family: var(--global-body-font-family)\">\u00e4y kaikissa toimipisteiss\u00e4<\/span><span style=\"font-family: var(--global-body-font-family)\">. <\/span><span style=\"font-family: var(--global-body-font-family)\">Sarjakortilla edullisemmin hierontaan.<\/span><\/p>\n","protected":false},"excerpt":{"rendered":"<div class=\"block footer-widget-1\">\n<div id=\"text-2\" class=\"widget widget_text\"><strong>Helpoin ja suosituin vaihtoehto!<\/strong><\/div>\n<div><span style=\"font-family: var(--global-body-font-family)\">Summan voit valita itse ja saat samalla vuoden lis\u00e4\u00e4 k\u00e4ytt\u00f6aikaa.<\/span><\/div>\n<ul>\n<li><span style=\"font-family: var(--global-body-font-family)\">Voit k\u00e4ytt\u00e4\u00e4 etuasi my\u00f6hemmin maksuna hoitoihin tai osamaksuna vaikka sarjakortin hankintaan.<\/span><\/li>\n<li><span style=\"font-family: var(--global-body-font-family)\">Voimassa vuoden ostohetkest\u00e4.<\/span><\/li>\n<li><span style=\"font-family: var(--global-body-font-family)\">K<\/span><span class=\"gamma widget-title\" style=\"font-family: var(--global-body-font-family)\">\u00e4y kaikissa 6 toimipisteess\u00e4mme<\/span><span style=\"font-family: var(--global-body-font-family)\">.<\/span><\/li>\n<\/ul>\n<div>Klikkaa alta ja tee siirto helposti verkkokaupassamme.<\/div>\n<\/div>\n","protected":false},"featured_media":343,"comment_status":"closed","ping_status":"closed","template":"","meta":{"_acf_changed":false,"_kad_post_transparent":"default","_kad_post_title":"","_kad_post_layout":"default","_kad_post_sidebar_id":"","_kad_post_content_style":"default","_kad_post_vertical_padding":"default","_kad_post_feature":"","_kad_post_feature_position":"","_kad_post_header":false,"_kad_post_footer":false,"_kad_post_classname":""},"product_brand":[],"product_cat":[31,21],"product_tag":[],"class_list":{"0":"post-347","1":"product","2":"type-product","3":"status-publish","4":"has-post-thumbnail","6":"product_cat-hieronta","7":"product_cat-hyvinvointi","9":"first","10":"instock","11":"featured","12":"taxable","13":"shipping-taxable","14":"product-type-external","15":"entry","16":"content-bg","17":"loop-entry"},"acf":[],"_links":{"self":[{"href":"https:\/\/marketplace.epassi.fi\/hierojahelsinki\/wp-json\/wp\/v2\/product\/347","targetHints":{"allow":["GET"]}}],"collection":[{"href":"https:\/\/marketplace.epassi.fi\/hierojahelsinki\/wp-json\/wp\/v2\/product"}],"about":[{"href":"https:\/\/marketplace.epassi.fi\/hierojahelsinki\/wp-json\/wp\/v2\/types\/product"}],"replies":[{"embeddable":true,"href":"https:\/\/marketplace.epassi.fi\/hierojahelsinki\/wp-json\/wp\/v2\/comments?post=347"}],"wp:featuredmedia":[{"embeddable":true,"href":"https:\/\/marketplace.epassi.fi\/hierojahelsinki\/wp-json\/wp\/v2\/media\/343"}],"wp:attachment":[{"href":"https:\/\/marketplace.epassi.fi\/hierojahelsinki\/wp-json\/wp\/v2\/media?parent=347"}],"wp:term":[{"taxonomy":"product_brand","embeddable":true,"href":"https:\/\/marketplace.epassi.fi\/hierojahelsinki\/wp-json\/wp\/v2\/product_brand?post=347"},{"taxonomy":"product_cat","embeddable":true,"href":"https:\/\/marketplace.epassi.fi\/hierojahelsinki\/wp-json\/wp\/v2\/product_cat?post=347"},{"taxonomy":"product_tag","embeddable":true,"href":"https:\/\/marketplace.epassi.fi\/hierojahelsinki\/wp-json\/wp\/v2\/product_tag?post=347"}],"curies":[{"name":"wp","href":"https:\/\/api.w.org\/{rel}","templated":true}]}}