{"id":273,"date":"2021-10-16T11:12:03","date_gmt":"2021-10-16T11:12:03","guid":{"rendered":"https:\/\/marketplace.epassi.fi\/hierojakoulu\/?post_type=product&#038;p=273"},"modified":"2026-03-26T10:58:28","modified_gmt":"2026-03-26T08:58:28","slug":"hieronta-110-min","status":"publish","type":"product","link":"https:\/\/marketplace.epassi.fi\/hierojakoulu\/kauppa\/hyvinvointi\/hieronta\/hieronta-110-min\/","title":{"rendered":"Hierontakortti 90\u20ac"},"content":{"rendered":"<p>Hoida tai hemmottele itse\u00e4si ammattilaisen avulla.<\/p>\n<ul>\n<li>Verkkokaupasta ostettu hieronta k\u00e4y koulutetun hierojan vastaanotolle Lahdessa, Lappeenrannassa ja Joensuussa.<\/li>\n<li>Palvelu on henkil\u00f6kohtainen.<\/li>\n<li>Palveluajan sis\u00e4lt\u00f6 suunnitellaan sinulle henkil\u00f6kohtaisesti k\u00e4ynnin yhteydess\u00e4.<\/li>\n<\/ul>\n","protected":false},"excerpt":{"rendered":"<p>Extra pitk\u00e4 hieronta koulutetun hierojan vastaanotolle.<\/p>\n","protected":false},"featured_media":327,"comment_status":"open","ping_status":"closed","template":"","meta":{"_acf_changed":false,"_kad_post_transparent":"default","_kad_post_title":"","_kad_post_layout":"default","_kad_post_sidebar_id":"","_kad_post_content_style":"default","_kad_post_vertical_padding":"default","_kad_post_feature":"","_kad_post_feature_position":"","_kad_post_header":false,"_kad_post_footer":false,"_kad_post_classname":""},"product_brand":[],"product_cat":[31,21],"product_tag":[],"class_list":{"0":"post-273","1":"product","2":"type-product","3":"status-publish","4":"has-post-thumbnail","6":"product_cat-hieronta","7":"product_cat-hyvinvointi","9":"first","10":"instock","11":"downloadable","12":"virtual","13":"taxable","14":"purchasable","15":"product-type-simple","16":"entry","17":"content-bg","18":"loop-entry"},"acf":[],"_links":{"self":[{"href":"https:\/\/marketplace.epassi.fi\/hierojakoulu\/wp-json\/wp\/v2\/product\/273","targetHints":{"allow":["GET"]}}],"collection":[{"href":"https:\/\/marketplace.epassi.fi\/hierojakoulu\/wp-json\/wp\/v2\/product"}],"about":[{"href":"https:\/\/marketplace.epassi.fi\/hierojakoulu\/wp-json\/wp\/v2\/types\/product"}],"replies":[{"embeddable":true,"href":"https:\/\/marketplace.epassi.fi\/hierojakoulu\/wp-json\/wp\/v2\/comments?post=273"}],"wp:featuredmedia":[{"embeddable":true,"href":"https:\/\/marketplace.epassi.fi\/hierojakoulu\/wp-json\/wp\/v2\/media\/327"}],"wp:attachment":[{"href":"https:\/\/marketplace.epassi.fi\/hierojakoulu\/wp-json\/wp\/v2\/media?parent=273"}],"wp:term":[{"taxonomy":"product_brand","embeddable":true,"href":"https:\/\/marketplace.epassi.fi\/hierojakoulu\/wp-json\/wp\/v2\/product_brand?post=273"},{"taxonomy":"product_cat","embeddable":true,"href":"https:\/\/marketplace.epassi.fi\/hierojakoulu\/wp-json\/wp\/v2\/product_cat?post=273"},{"taxonomy":"product_tag","embeddable":true,"href":"https:\/\/marketplace.epassi.fi\/hierojakoulu\/wp-json\/wp\/v2\/product_tag?post=273"}],"curies":[{"name":"wp","href":"https:\/\/api.w.org\/{rel}","templated":true}]}}