{"id":67,"date":"2021-09-13T18:36:17","date_gmt":"2021-09-13T18:36:17","guid":{"rendered":"https:\/\/marketplace.epassi.fi\/hierojakoulu\/?post_type=product&#038;p=67"},"modified":"2026-01-14T10:22:31","modified_gmt":"2026-01-14T08:22:31","slug":"sarjakortti-vapaa-summa-2","status":"publish","type":"product","link":"https:\/\/marketplace.epassi.fi\/hierojakoulu\/kauppa\/hyvinvointi\/hieronta\/sarjakortti-vapaa-summa-2\/","title":{"rendered":"Hierontakortti (vapaa summa)"},"content":{"rendered":"<p>Hierontakortilla s\u00e4\u00e4st\u00e4t aikaa ja vaivaa. Hoida tai hemmottele itse\u00e4si! Me autamme.<\/p>\n<ul>\n<li>Hierontakortti k\u00e4y koulutetun hierojan vastaanotolle Lahdessa, Lappeenrannassa ja Joensuussa. N\u00e4yt\u00e4 tilausvahvistuksen numero# hierojalle asioinnin yhteydess\u00e4.<\/li>\n<li>K\u00e4ynnin yhteydess\u00e4 kortin ostosummasta v\u00e4hennet\u00e4\u00e4n palvelun hinta. Palvelun hinnan ylitt\u00e4v\u00e4n osan voi maksaa kortilla tai k\u00e4teisell\u00e4.<\/li>\n<li>Hierontakortti on henkil\u00f6kohtainen. Henkil\u00f6llisyys tarkistetaan.<\/li>\n<\/ul>\n","protected":false},"excerpt":{"rendered":"<p>Hierontakortilla saat vaivattomasti hyvinvointiedulle lis\u00e4\u00e4 k\u00e4ytt\u00f6aikaa!<\/p>\n<p>Huomioi palvelujen hinnat summaa valitessasi. Hierontojen hinnat ovat 25\u20ac, 40\u20ac, 55\u20ac ja 80\u20ac. Kaikkien palvelujen hinnat ja tiedot kotisivuilta osoitteesta hierojakoulu.net\/hinnastot.<\/p>\n<p>Kirjoita tai n\u00e4pp\u00e4ile Summan alle haluamasi eurom\u00e4\u00e4r\u00e4 yhden (1) euron tarkkuudella ja paina &#8221;Lis\u00e4\u00e4 ostoskoriin&#8221;.<\/p>\n","protected":false},"featured_media":331,"comment_status":"open","ping_status":"closed","template":"","meta":{"_acf_changed":false,"_kad_post_transparent":"default","_kad_post_title":"","_kad_post_layout":"default","_kad_post_sidebar_id":"","_kad_post_content_style":"default","_kad_post_vertical_padding":"default","_kad_post_feature":"","_kad_post_feature_position":"","_kad_post_header":false,"_kad_post_footer":false,"_kad_post_classname":""},"product_brand":[],"product_cat":[31,21],"product_tag":[],"class_list":{"0":"post-67","1":"product","2":"type-product","3":"status-publish","4":"has-post-thumbnail","6":"product_cat-hieronta","7":"product_cat-hyvinvointi","9":"first","10":"instock","11":"featured","12":"taxable","13":"shipping-taxable","14":"purchasable","15":"product-type-variable","16":"has-default-attributes","17":"entry","18":"content-bg","19":"loop-entry"},"acf":[],"_links":{"self":[{"href":"https:\/\/marketplace.epassi.fi\/hierojakoulu\/wp-json\/wp\/v2\/product\/67","targetHints":{"allow":["GET"]}}],"collection":[{"href":"https:\/\/marketplace.epassi.fi\/hierojakoulu\/wp-json\/wp\/v2\/product"}],"about":[{"href":"https:\/\/marketplace.epassi.fi\/hierojakoulu\/wp-json\/wp\/v2\/types\/product"}],"replies":[{"embeddable":true,"href":"https:\/\/marketplace.epassi.fi\/hierojakoulu\/wp-json\/wp\/v2\/comments?post=67"}],"wp:featuredmedia":[{"embeddable":true,"href":"https:\/\/marketplace.epassi.fi\/hierojakoulu\/wp-json\/wp\/v2\/media\/331"}],"wp:attachment":[{"href":"https:\/\/marketplace.epassi.fi\/hierojakoulu\/wp-json\/wp\/v2\/media?parent=67"}],"wp:term":[{"taxonomy":"product_brand","embeddable":true,"href":"https:\/\/marketplace.epassi.fi\/hierojakoulu\/wp-json\/wp\/v2\/product_brand?post=67"},{"taxonomy":"product_cat","embeddable":true,"href":"https:\/\/marketplace.epassi.fi\/hierojakoulu\/wp-json\/wp\/v2\/product_cat?post=67"},{"taxonomy":"product_tag","embeddable":true,"href":"https:\/\/marketplace.epassi.fi\/hierojakoulu\/wp-json\/wp\/v2\/product_tag?post=67"}],"curies":[{"name":"wp","href":"https:\/\/api.w.org\/{rel}","templated":true}]}}