{"id":22,"date":"2021-09-13T17:45:59","date_gmt":"2021-09-13T17:45:59","guid":{"rendered":"https:\/\/marketplace.epassi.fi\/hieronta-titta-karjalainen\/?page_id=22"},"modified":"2021-10-12T10:57:35","modified_gmt":"2021-10-12T10:57:35","slug":"info","status":"publish","type":"page","link":"https:\/\/marketplace.epassi.fi\/hieronta-titta-karjalainen\/info\/","title":{"rendered":"Info"},"content":{"rendered":"\n\t<div class=\"entry-content single-content\">\n\n\t\t<div class=\"wp-block-columns\" style=\"gap:30px\">\n\t\t\t<div class=\"wp-block-column\">\n\t\t\t\t<h2>Koulutettu hieroja, Urheiluhieroja, DNT<\/h2>\n\t\t\t\t<p><p>Valmistuin koulutetuksi hierojaksi v. 2013, erikoisammattitutkinnon osana urheiluhieronta. Lis\u00e4ksi koulutukseen sis\u00e4ltyi kinesioteippaus ja FISAF Gym Instructor (kuntosaliohjaaja) kurssit. Lis\u00e4koulutuksen kohteena ovat olleet FAF Wellness Coach, mobilisointi- ja MET-tekniikat, dry needling eli kuivaneulaus, akupunktio, l\u00e4sn\u00e4oleva kosketus, kuumakivihieronta, migreeninhoito sek\u00e4 asentohuimaus.<br \/>\nJokainen asiakas on yksil\u00f6 ja hoitosuunnitelma rakennetaan ammatillisen n\u00e4kemykseni ja sinun omien toiveidesi mukaan. Otteeni on kuunteleva, rauhallinen ja l\u00e4sn\u00e4oleva. Voimakkuus vaihtelee sivelyotteesta kyyn\u00e4rp\u00e4\u00e4tekniikkaan. Millaista toivot? K\u00e4sittelen yl\u00e4vartalon hoidossa aina my\u00f6s kallonpohjan ja p\u00e4\u00e4n alueen.<\/p>\n<p> Aikoja varattavissa my\u00f6s iltaisin! Tiedustele rohkeasti my\u00f6s peruutusaikoja, jos haluamanasi p\u00e4iv\u00e4n\u00e4 ei n\u00e4yt\u00e4 aikoja olevan varattavissa. Parhaiten tavoitat viestitse puhelinnumerosta. <\/p>\n<p>Ajanvaraus:  www.hierontatittakarjalainen.com<\/p>\n<\/p>\n\t\t\t\t<h3>Hieronta Titta Karjalainen<\/h3>\n\t\t\t\t<p>Tiistil\u00e4nkuja 3 C<br>\n\t\t\t\t\t02230 Espoo<\/p>\n\t\t\t\t<p><a href=\"tel:040 685 2424\">040 685 2424<\/a><\/p>\n\t\t\t\t<p><a href=\"mailto:urheiluhieronta@outlook.com\">urheiluhieronta@outlook.com<\/a><\/p>\n\n\t\t\t\t<h2>Toimipisteet<\/h2><div class=\"info-page-location-list\"><div class=\"info-page-location\"><h3>Huoltamo, Matinkyl\u00e4n toimipiste<\/h3><p>Tiistil\u00e4nkuja 3c, 02230 Espoo<\/p><p><a href=\"tel:0406852424\">0406852424<\/a><br><a href=\"mail:urheiluhieronta@outlook.com\">urheiluhieronta@outlook.com<\/a><p><a href=\"https:\/\/www.google.com\/maps\/search\/?api=1&query=Google&query_place_id=ChIJ8VnzqR_1jUYROVocf8C3WxA\">Katso sijainti kartalla <span>&#8599;<\/span><\/a><\/p><\/p><p>Toimipiste sijaitsee Huoltamon tiloissa Tiistil\u00e4n koulua vastap\u00e4\u00e4t\u00e4, kerrostalon alakerrassa.  Maksuttomia (parkkikiekko) parkkipaikkoja Tiistil\u00e4nkujalla, Tiistil\u00e4ntiell\u00e4, Mirjankujalla, Leenankujalla ja Sepetlahdentiell\u00e4 sek\u00e4 taloyhti\u00f6n parkkipaikalla 3 kpl 4h vieraspaikkaa.Tiistilan koulun parkkipaikalla ilmainen kiekkopys\u00e4k\u00f6inti arkisin klo 15.00 j\u00e4lkeen. \r\n\r\nMatinkyl\u00e4n metroasemalta kulkee l\u00e4hibussi 137. Kauppakeskus Iso-Omenasta n.12 min k\u00e4velymatka. \r\nSiss\u00e4nk\u00e4ynti liiketilaan parkkipaikan puolelta.<\/p><\/div><div class=\"info-page-location\"><h3><\/h3><p><\/p><p><\/p><\/div><\/div>\t\t\t<\/div>\n\n\t\t\t<div class=\"wp-block-column\">\n\t\t\t\t<figure class=\"wp-block-image size-large\"><img loading=\"lazy\" decoding=\"async\" width=\"768\" height=\"512\" src=\"https:\/\/marketplace.epassi.fi\/hieronta-titta-karjalainen\/wp-content\/uploads\/sites\/336\/2023\/04\/ePassi-Wellbeing-768x512.webp\" class=\"attachment-medium_large size-medium_large\" alt=\"\" \/><\/figure>\n\t\t\t<\/div>\n\t\t<\/div>\n\t<\/div>\n\t\n","protected":false},"excerpt":{"rendered":"","protected":false},"author":2,"featured_media":0,"parent":0,"menu_order":0,"comment_status":"closed","ping_status":"closed","template":"","meta":{"_acf_changed":false,"_kad_post_transparent":"","_kad_post_title":"","_kad_post_layout":"","_kad_post_sidebar_id":"","_kad_post_content_style":"","_kad_post_vertical_padding":"","_kad_post_feature":"","_kad_post_feature_position":"","_kad_post_header":false,"_kad_post_footer":false,"_kad_post_classname":"","footnotes":""},"class_list":["post-22","page","type-page","status-publish","hentry"],"acf":[],"_links":{"self":[{"href":"https:\/\/marketplace.epassi.fi\/hieronta-titta-karjalainen\/wp-json\/wp\/v2\/pages\/22","targetHints":{"allow":["GET"]}}],"collection":[{"href":"https:\/\/marketplace.epassi.fi\/hieronta-titta-karjalainen\/wp-json\/wp\/v2\/pages"}],"about":[{"href":"https:\/\/marketplace.epassi.fi\/hieronta-titta-karjalainen\/wp-json\/wp\/v2\/types\/page"}],"author":[{"embeddable":true,"href":"https:\/\/marketplace.epassi.fi\/hieronta-titta-karjalainen\/wp-json\/wp\/v2\/users\/2"}],"replies":[{"embeddable":true,"href":"https:\/\/marketplace.epassi.fi\/hieronta-titta-karjalainen\/wp-json\/wp\/v2\/comments?post=22"}],"version-history":[{"count":10,"href":"https:\/\/marketplace.epassi.fi\/hieronta-titta-karjalainen\/wp-json\/wp\/v2\/pages\/22\/revisions"}],"predecessor-version":[{"id":264,"href":"https:\/\/marketplace.epassi.fi\/hieronta-titta-karjalainen\/wp-json\/wp\/v2\/pages\/22\/revisions\/264"}],"wp:attachment":[{"href":"https:\/\/marketplace.epassi.fi\/hieronta-titta-karjalainen\/wp-json\/wp\/v2\/media?parent=22"}],"curies":[{"name":"wp","href":"https:\/\/api.w.org\/{rel}","templated":true}]}}