{"id":289,"date":"2021-10-20T17:08:34","date_gmt":"2021-10-20T17:08:34","guid":{"rendered":"https:\/\/marketplace.epassi.fi\/hieronta-titta-karjalainen\/?post_type=product&#038;p=289"},"modified":"2025-11-21T16:26:13","modified_gmt":"2025-11-21T14:26:13","slug":"hieronta-migreenikolle-bruksaajalle","status":"publish","type":"product","link":"https:\/\/marketplace.epassi.fi\/hieronta-titta-karjalainen\/kauppa\/hyvinvointi\/hieronta\/hieronta-migreenikolle-bruksaajalle\/","title":{"rendered":"Akupunktio 3x45min"},"content":{"rendered":"<p>L\u00e4nsimaiseen l\u00e4\u00e4ketieteeseen perustuva akupunktio. Hoidan akupunktiolla mm. migreeni\u00e4, plantaarifaskioosia, TMD purentaelinh\u00e4iri\u00f6t\u00e4, polven\/olkap\u00e4\u00e4n\u00a0 kipu\/nivelrikko oireita. P\u00e4\u00e4ns\u00e4rkyyn ja alasel\u00e4n kipuun tehokkaampi hoito on hieronta ja dry needling.<\/p>\n","protected":false},"excerpt":{"rendered":"<p>45 min akupunktio. Voimassa 2kk ostop\u00e4iv\u00e4st\u00e4<\/p>\n","protected":false},"featured_media":330,"comment_status":"open","ping_status":"closed","template":"","meta":{"_acf_changed":false,"_kad_post_transparent":"default","_kad_post_title":"","_kad_post_layout":"default","_kad_post_sidebar_id":"","_kad_post_content_style":"default","_kad_post_vertical_padding":"default","_kad_post_feature":"","_kad_post_feature_position":"","_kad_post_header":false,"_kad_post_footer":false,"_kad_post_classname":""},"product_brand":[],"product_cat":[31,21],"product_tag":[],"class_list":{"0":"post-289","1":"product","2":"type-product","3":"status-publish","4":"has-post-thumbnail","6":"product_cat-hieronta","7":"product_cat-hyvinvointi","9":"first","10":"instock","11":"virtual","12":"purchasable","13":"product-type-simple","14":"entry","15":"content-bg","16":"loop-entry"},"acf":[],"_links":{"self":[{"href":"https:\/\/marketplace.epassi.fi\/hieronta-titta-karjalainen\/wp-json\/wp\/v2\/product\/289","targetHints":{"allow":["GET"]}}],"collection":[{"href":"https:\/\/marketplace.epassi.fi\/hieronta-titta-karjalainen\/wp-json\/wp\/v2\/product"}],"about":[{"href":"https:\/\/marketplace.epassi.fi\/hieronta-titta-karjalainen\/wp-json\/wp\/v2\/types\/product"}],"replies":[{"embeddable":true,"href":"https:\/\/marketplace.epassi.fi\/hieronta-titta-karjalainen\/wp-json\/wp\/v2\/comments?post=289"}],"wp:featuredmedia":[{"embeddable":true,"href":"https:\/\/marketplace.epassi.fi\/hieronta-titta-karjalainen\/wp-json\/wp\/v2\/media\/330"}],"wp:attachment":[{"href":"https:\/\/marketplace.epassi.fi\/hieronta-titta-karjalainen\/wp-json\/wp\/v2\/media?parent=289"}],"wp:term":[{"taxonomy":"product_brand","embeddable":true,"href":"https:\/\/marketplace.epassi.fi\/hieronta-titta-karjalainen\/wp-json\/wp\/v2\/product_brand?post=289"},{"taxonomy":"product_cat","embeddable":true,"href":"https:\/\/marketplace.epassi.fi\/hieronta-titta-karjalainen\/wp-json\/wp\/v2\/product_cat?post=289"},{"taxonomy":"product_tag","embeddable":true,"href":"https:\/\/marketplace.epassi.fi\/hieronta-titta-karjalainen\/wp-json\/wp\/v2\/product_tag?post=289"}],"curies":[{"name":"wp","href":"https:\/\/api.w.org\/{rel}","templated":true}]}}