{"id":22,"date":"2021-09-13T17:45:59","date_gmt":"2021-09-13T17:45:59","guid":{"rendered":"https:\/\/marketplace.epassi.fi\/hierontahampori\/?page_id=22"},"modified":"2021-10-12T10:57:35","modified_gmt":"2021-10-12T10:57:35","slug":"info","status":"publish","type":"page","link":"https:\/\/marketplace.epassi.fi\/hierontahampori\/info\/","title":{"rendered":"Info"},"content":{"rendered":"\n\t<div class=\"entry-content single-content\">\n\n\t\t<div class=\"wp-block-columns\" style=\"gap:30px\">\n\t\t\t<div class=\"wp-block-column\">\n\t\t\t\t<h2>Osteopatiaa ja urheiluhierontaa Hyvink\u00e4\u00e4ll\u00e4<\/h2>\n\t\t\t\t<p><p>Etsitk\u00f6 apua selk\u00e4kipuun, niskajumeihin tai muihin tuki- ja liikuntaelinvaivoihin?<br \/>\nHyvink\u00e4\u00e4n KipuFix tarjoaa ammattitaitoista ortopedista osteopatiaa ja urheiluhierontaa Hyvink\u00e4\u00e4n keskustassa \u2013 yksil\u00f6llisesti asiakkaan tarpeet huomioiden. Hoidon toteuttaa Antti Hampori, joka on valmistunut koulutetuksi hierojaksi 2018 ja ortopediseksi osteopaatiksi kes\u00e4ll\u00e4 2025.<br \/>\nAnnetaan kivuillesi kyyti\u00e4 - varaa aikasi nettisivujemme kautta tai ota yhteytt\u00e4 puhelimitse!<\/p>\n<\/p>\n\t\t\t\t<h3>Hyvink\u00e4\u00e4n KipuFix<\/h3>\n\t\t\t\t<p>Vilhelmiinankatu 3<br>\n\t\t\t\t\t05800 Hyvink\u00e4\u00e4<\/p>\n\t\t\t\t<p><a href=\"tel:0406805550\">0406805550<\/a><\/p>\n\t\t\t\t<p><a href=\"mailto:hierontahampori@outlook.com\">hierontahampori@outlook.com<\/a><\/p>\n\n\t\t\t\t<h2>Toimipisteet<\/h2><div class=\"info-page-location-list\"><div class=\"info-page-location\"><h3>Hyvink\u00e4\u00e4n KipuFix<\/h3><p>Vilhelmiinankatu 3, 05800 Hyvink\u00e4\u00e4<\/p><p><a href=\"tel:0406805550\">0406805550<\/a><br><a href=\"mail:hierontahampori@outlook.com\">hierontahampori@outlook.com<\/a><p><a href=\"https:\/\/www.google.com\/maps\/search\/?api=1&query=Google&query_place_id=ChIJzzkYLjoPjkYR5pMw71LTBsU\">Katso sijainti kartalla <span>&#8599;<\/span><\/a><\/p><\/p><p>Toimipiste sijaitsee kerrostalon alakerrassa, hyvink\u00e4\u00e4n seurakuntakeskuksen parkkipaikan vieress\u00e4. Sis\u00e4\u00e4nk\u00e4ynti kirkon puoleisesta p\u00e4\u00e4tyovesta. (Ovikello. Ovi voi olla vaikea huomata syvennyksess\u00e4.)<\/p><\/div><\/div>\t\t\t<\/div>\n\n\t\t\t<div class=\"wp-block-column\">\n\t\t\t\t<figure class=\"wp-block-image size-large\"><img loading=\"lazy\" decoding=\"async\" width=\"768\" height=\"912\" src=\"https:\/\/marketplace.epassi.fi\/hierontahampori\/wp-content\/uploads\/sites\/438\/2025\/11\/kotisivukuva2-768x912.jpg\" class=\"attachment-medium_large size-medium_large\" alt=\"\" \/><\/figure>\n\t\t\t<\/div>\n\t\t<\/div>\n\t<\/div>\n\t\n","protected":false},"excerpt":{"rendered":"","protected":false},"author":2,"featured_media":0,"parent":0,"menu_order":0,"comment_status":"closed","ping_status":"closed","template":"","meta":{"_acf_changed":false,"_kad_post_transparent":"","_kad_post_title":"","_kad_post_layout":"","_kad_post_sidebar_id":"","_kad_post_content_style":"","_kad_post_vertical_padding":"","_kad_post_feature":"","_kad_post_feature_position":"","_kad_post_header":false,"_kad_post_footer":false,"_kad_post_classname":"","footnotes":""},"class_list":["post-22","page","type-page","status-publish","hentry"],"acf":[],"_links":{"self":[{"href":"https:\/\/marketplace.epassi.fi\/hierontahampori\/wp-json\/wp\/v2\/pages\/22","targetHints":{"allow":["GET"]}}],"collection":[{"href":"https:\/\/marketplace.epassi.fi\/hierontahampori\/wp-json\/wp\/v2\/pages"}],"about":[{"href":"https:\/\/marketplace.epassi.fi\/hierontahampori\/wp-json\/wp\/v2\/types\/page"}],"author":[{"embeddable":true,"href":"https:\/\/marketplace.epassi.fi\/hierontahampori\/wp-json\/wp\/v2\/users\/2"}],"replies":[{"embeddable":true,"href":"https:\/\/marketplace.epassi.fi\/hierontahampori\/wp-json\/wp\/v2\/comments?post=22"}],"version-history":[{"count":10,"href":"https:\/\/marketplace.epassi.fi\/hierontahampori\/wp-json\/wp\/v2\/pages\/22\/revisions"}],"predecessor-version":[{"id":264,"href":"https:\/\/marketplace.epassi.fi\/hierontahampori\/wp-json\/wp\/v2\/pages\/22\/revisions\/264"}],"wp:attachment":[{"href":"https:\/\/marketplace.epassi.fi\/hierontahampori\/wp-json\/wp\/v2\/media?parent=22"}],"curies":[{"name":"wp","href":"https:\/\/api.w.org\/{rel}","templated":true}]}}