{"id":337,"date":"2025-11-16T15:13:36","date_gmt":"2025-11-16T13:13:36","guid":{"rendered":"https:\/\/marketplace.epassi.fi\/hierontahampori\/?post_type=product&#038;p=337"},"modified":"2025-11-16T15:13:36","modified_gmt":"2025-11-16T13:13:36","slug":"hieronta-60min","status":"publish","type":"product","link":"https:\/\/marketplace.epassi.fi\/hierontahampori\/kauppa\/hyvinvointi\/hieronta\/hieronta-60min\/","title":{"rendered":"Hieronta 60min"},"content":{"rendered":"<p>Palvelu sis\u00e4lt\u00e4\u00e4 asiakkaan toiveiden mukaista klassista- tai urheiluhierontaa sek\u00e4 pyydett\u00e4ess\u00e4 Dry Needling -neulotushoidon. Varaa aikasi kotisivuiltamme!<\/p>\n","protected":false},"excerpt":{"rendered":"<p>Palvelu sis\u00e4lt\u00e4\u00e4 asiakkaan toiveiden mukaista klassista- tai urheiluhierontaa sek\u00e4 pyydett\u00e4ess\u00e4 Dry Needling -neulotushoidon. Varaa aikasi kotisivuiltamme!<\/p>\n","protected":false},"featured_media":347,"comment_status":"open","ping_status":"closed","template":"","meta":{"_acf_changed":false,"_kad_post_transparent":"default","_kad_post_title":"","_kad_post_layout":"default","_kad_post_sidebar_id":"","_kad_post_content_style":"default","_kad_post_vertical_padding":"default","_kad_post_feature":"","_kad_post_feature_position":"","_kad_post_header":false,"_kad_post_footer":false,"_kad_post_classname":""},"product_brand":[],"product_cat":[31,21],"product_tag":[],"class_list":{"0":"post-337","1":"product","2":"type-product","3":"status-publish","4":"has-post-thumbnail","6":"product_cat-hieronta","7":"product_cat-hyvinvointi","9":"first","10":"instock","11":"virtual","12":"purchasable","13":"product-type-simple","14":"entry","15":"content-bg","16":"loop-entry"},"acf":[],"_links":{"self":[{"href":"https:\/\/marketplace.epassi.fi\/hierontahampori\/wp-json\/wp\/v2\/product\/337","targetHints":{"allow":["GET"]}}],"collection":[{"href":"https:\/\/marketplace.epassi.fi\/hierontahampori\/wp-json\/wp\/v2\/product"}],"about":[{"href":"https:\/\/marketplace.epassi.fi\/hierontahampori\/wp-json\/wp\/v2\/types\/product"}],"replies":[{"embeddable":true,"href":"https:\/\/marketplace.epassi.fi\/hierontahampori\/wp-json\/wp\/v2\/comments?post=337"}],"wp:featuredmedia":[{"embeddable":true,"href":"https:\/\/marketplace.epassi.fi\/hierontahampori\/wp-json\/wp\/v2\/media\/347"}],"wp:attachment":[{"href":"https:\/\/marketplace.epassi.fi\/hierontahampori\/wp-json\/wp\/v2\/media?parent=337"}],"wp:term":[{"taxonomy":"product_brand","embeddable":true,"href":"https:\/\/marketplace.epassi.fi\/hierontahampori\/wp-json\/wp\/v2\/product_brand?post=337"},{"taxonomy":"product_cat","embeddable":true,"href":"https:\/\/marketplace.epassi.fi\/hierontahampori\/wp-json\/wp\/v2\/product_cat?post=337"},{"taxonomy":"product_tag","embeddable":true,"href":"https:\/\/marketplace.epassi.fi\/hierontahampori\/wp-json\/wp\/v2\/product_tag?post=337"}],"curies":[{"name":"wp","href":"https:\/\/api.w.org\/{rel}","templated":true}]}}