{"id":334,"date":"2023-02-20T13:02:37","date_gmt":"2023-02-20T11:02:37","guid":{"rendered":"https:\/\/marketplace.epassi.fi\/hierontaklinikka-sensa\/?post_type=product&#038;p=334"},"modified":"2025-10-30T15:58:45","modified_gmt":"2025-10-30T13:58:45","slug":"purentalihashieronta-45min","status":"publish","type":"product","link":"https:\/\/marketplace.epassi.fi\/hierontaklinikka-sensa\/kauppa\/hyvinvointi\/hieronta\/purentalihashieronta-45min\/","title":{"rendered":"Purentalihashieronta"},"content":{"rendered":"<p>Purentalihask\u00e4sittelyst\u00e4 on apua monille mm. erilaisiin p\u00e4\u00e4ns\u00e4rkyhin, bruksimiin ja purentaongelmiin. Hieronnassa k\u00e4sitell\u00e4\u00e4n ja rentoutetaan j\u00e4nnittyneit\u00e4 lihaksia niskan, kaulan, kasvojen ja suun alueelta. My\u00f6s poskia suun sis\u00e4lt\u00e4.<\/p>\n","protected":false},"excerpt":{"rendered":"<p>Purentalihask\u00e4sittelyst\u00e4 on apua monille mm. erilaisiin p\u00e4\u00e4ns\u00e4rkyhin, bruksimiin ja purentaongelmiin. Hieronnassa k\u00e4sitell\u00e4\u00e4n ja rentoutetaan j\u00e4nnittyneit\u00e4 lihaksia niskan, kaulan, kasvojen ja suun alueelta. My\u00f6s poskia suun sis\u00e4lt\u00e4.<\/p>\n","protected":false},"featured_media":335,"comment_status":"open","ping_status":"closed","template":"","meta":{"_acf_changed":false,"_kad_post_transparent":"default","_kad_post_title":"","_kad_post_layout":"default","_kad_post_sidebar_id":"","_kad_post_content_style":"default","_kad_post_vertical_padding":"default","_kad_post_feature":"","_kad_post_feature_position":"","_kad_post_header":false,"_kad_post_footer":false,"_kad_post_classname":""},"product_brand":[],"product_cat":[31,21],"product_tag":[],"class_list":{"0":"post-334","1":"product","2":"type-product","3":"status-publish","4":"has-post-thumbnail","6":"product_cat-hieronta","7":"product_cat-hyvinvointi","9":"first","10":"instock","11":"purchasable","12":"product-type-variable","13":"entry","14":"content-bg","15":"loop-entry"},"acf":[],"_links":{"self":[{"href":"https:\/\/marketplace.epassi.fi\/hierontaklinikka-sensa\/wp-json\/wp\/v2\/product\/334","targetHints":{"allow":["GET"]}}],"collection":[{"href":"https:\/\/marketplace.epassi.fi\/hierontaklinikka-sensa\/wp-json\/wp\/v2\/product"}],"about":[{"href":"https:\/\/marketplace.epassi.fi\/hierontaklinikka-sensa\/wp-json\/wp\/v2\/types\/product"}],"replies":[{"embeddable":true,"href":"https:\/\/marketplace.epassi.fi\/hierontaklinikka-sensa\/wp-json\/wp\/v2\/comments?post=334"}],"wp:featuredmedia":[{"embeddable":true,"href":"https:\/\/marketplace.epassi.fi\/hierontaklinikka-sensa\/wp-json\/wp\/v2\/media\/335"}],"wp:attachment":[{"href":"https:\/\/marketplace.epassi.fi\/hierontaklinikka-sensa\/wp-json\/wp\/v2\/media?parent=334"}],"wp:term":[{"taxonomy":"product_brand","embeddable":true,"href":"https:\/\/marketplace.epassi.fi\/hierontaklinikka-sensa\/wp-json\/wp\/v2\/product_brand?post=334"},{"taxonomy":"product_cat","embeddable":true,"href":"https:\/\/marketplace.epassi.fi\/hierontaklinikka-sensa\/wp-json\/wp\/v2\/product_cat?post=334"},{"taxonomy":"product_tag","embeddable":true,"href":"https:\/\/marketplace.epassi.fi\/hierontaklinikka-sensa\/wp-json\/wp\/v2\/product_tag?post=334"}],"curies":[{"name":"wp","href":"https:\/\/api.w.org\/{rel}","templated":true}]}}