{"id":22,"date":"2021-09-13T17:45:59","date_gmt":"2021-09-13T17:45:59","guid":{"rendered":"https:\/\/marketplace.epassi.fi\/hierontapiste-sininen-kuula\/?page_id=22"},"modified":"2021-10-12T10:57:35","modified_gmt":"2021-10-12T10:57:35","slug":"info","status":"publish","type":"page","link":"https:\/\/marketplace.epassi.fi\/hierontapiste-sininen-kuula\/info\/","title":{"rendered":"Info"},"content":{"rendered":"\n\t<div class=\"entry-content single-content\">\n\n\t\t<div class=\"wp-block-columns\" style=\"gap:30px\">\n\t\t\t<div class=\"wp-block-column\">\n\t\t\t\t<h2>Koulutetun hierojan huolenpitoa Pasilassa<\/h2>\n\t\t\t\t<p><p>Koulutettu hieroja palveluksessasi! Sakari on nimeni ja teen t\u00f6it\u00e4 Sinun hyvinvointiisi t\u00e4hd\u00e4ten. Klassisen hieronnan ohella teen tarvittaessa hieronnan yhteydess\u00e4 tapahtuvaa raajanivelten liikkuvuuden edist\u00e4mist\u00e4 sek\u00e4 toimivan venyttelyn ja liikehallinnan ohjaamista. Saatavilla on my\u00f6s fysikaalisia l\u00e4mp\u00f6hoitoja (savi) sek\u00e4 ryhdin ja liikkuvuuden ja kehon toiminnallisuuden kartoituksia. <\/p>\n<p>Voit tulla v\u00e4hent\u00e4m\u00e4\u00e4n lihaskireytt\u00e4 tai kipua, edist\u00e4m\u00e4\u00e4n palautumista \/ toipumista, parantamaan suorituskyky\u00e4 ja arjen sujumista, v\u00e4hent\u00e4m\u00e4\u00e4n stressi\u00e4 tai puhtaasti rentoutumiseen. Tavoitteesi voi olla vaikka unen laadun paraneminen tai olkanivelen liikkuvuuden lis\u00e4\u00e4minen \u2013 hieronnasta on apua. Hoitok\u00e4yntiin liittyv\u00e4n kokonaisuuden m\u00e4\u00e4rittelemme aina tarkoituksenmukaisesti ja yhdess\u00e4 Sinun kanssasi.<\/p>\n<p>Hieronta on aina yksil\u00f6llinen ja kokonaisvaltainen kokemus. Siksi olen tarkka yksityisyydest\u00e4si ja kunnioitan sit\u00e4. Hierontaklinikasn viihtyisyyten on panostettu ja rentouttava \u00e4\u00e4nimaalim,a on osa hoitokokonaisuutta, <\/p>\n<p>Klassinen hieronta on pehmytkudoksiin kohdistuvaa k\u00e4sin teht\u00e4v\u00e4 hoitomuoto, joka v\u00e4hent\u00e4\u00e4 lihasj\u00e4nnityst\u00e4, lievitt\u00e4\u00e4 kipua, aktivoi kehon aineenvaihduntaa ja pintaverenkiertoa, rentouttaa lihaksia ja parantaa niiden elastisuutta. Hieronnassa k\u00e4ytet\u00e4\u00e4n potilaasta, hoidettavasta alueesta ja hoidon  tavoitteesta riippuen erilaisia hierontaotteita (sively, hankaus, pusertelu, poikittainen venytys)- aina tarkoituksenmukaisesti ja potilaan tuntemuksia kuunnellen. Mobilisoivilla toimenpiteill\u00e4 saadaan my\u00f6s lis\u00e4tty\u00e4 nivelten liikelaajuutta.<\/p>\n<\/p>\n\t\t\t\t<h3>Hierontapiste Sininen Kuula<\/h3>\n\t\t\t\t<p>Jarrumiehenkatu 2 B 161, Topparikujan ja Kellosillan kulma.<br>\n\t\t\t\t\t00520 Helsinki    www.sininenkuula.fi<\/p>\n\t\t\t\t<p><a href=\"tel:0400647143 \">0400647143 <\/a><\/p>\n\t\t\t\t<p><a href=\"mailto:info@sininenkuula.fi\">info@sininenkuula.fi<\/a><\/p>\n\n\t\t\t\t<h2>Toimipisteet<\/h2><div class=\"info-page-location-list\"><div class=\"info-page-location\"><h3>Helsinki Pasila<\/h3><p>Jarrumiehenkatu 2 B 161, 00520 Helsinki<\/p><p><p><a href=\"https:\/\/www.google.com\/maps\/search\/?api=1&query=Google&query_place_id=ChIJ4yf0nFMJkkYRNo4_lPGae7c\">Katso sijainti kartalla <span>&#8599;<\/span><\/a><\/p><\/p><p><\/p><\/div><\/div>\t\t\t<\/div>\n\n\t\t\t<div class=\"wp-block-column\">\n\t\t\t\t<figure class=\"wp-block-image size-large\"><img loading=\"lazy\" decoding=\"async\" width=\"768\" height=\"474\" src=\"https:\/\/marketplace.epassi.fi\/hierontapiste-sininen-kuula\/wp-content\/uploads\/sites\/255\/2022\/05\/Tervetuloa-768x474.jpg\" class=\"attachment-medium_large size-medium_large\" alt=\"\" \/><\/figure>\n\t\t\t<\/div>\n\t\t<\/div>\n\t<\/div>\n\t\n","protected":false},"excerpt":{"rendered":"","protected":false},"author":2,"featured_media":0,"parent":0,"menu_order":0,"comment_status":"closed","ping_status":"closed","template":"","meta":{"_acf_changed":false,"_kad_post_transparent":"","_kad_post_title":"","_kad_post_layout":"","_kad_post_sidebar_id":"","_kad_post_content_style":"","_kad_post_vertical_padding":"","_kad_post_feature":"","_kad_post_feature_position":"","_kad_post_header":false,"_kad_post_footer":false,"_kad_post_classname":"","footnotes":""},"class_list":["post-22","page","type-page","status-publish","hentry"],"acf":[],"_links":{"self":[{"href":"https:\/\/marketplace.epassi.fi\/hierontapiste-sininen-kuula\/wp-json\/wp\/v2\/pages\/22","targetHints":{"allow":["GET"]}}],"collection":[{"href":"https:\/\/marketplace.epassi.fi\/hierontapiste-sininen-kuula\/wp-json\/wp\/v2\/pages"}],"about":[{"href":"https:\/\/marketplace.epassi.fi\/hierontapiste-sininen-kuula\/wp-json\/wp\/v2\/types\/page"}],"author":[{"embeddable":true,"href":"https:\/\/marketplace.epassi.fi\/hierontapiste-sininen-kuula\/wp-json\/wp\/v2\/users\/2"}],"replies":[{"embeddable":true,"href":"https:\/\/marketplace.epassi.fi\/hierontapiste-sininen-kuula\/wp-json\/wp\/v2\/comments?post=22"}],"version-history":[{"count":10,"href":"https:\/\/marketplace.epassi.fi\/hierontapiste-sininen-kuula\/wp-json\/wp\/v2\/pages\/22\/revisions"}],"predecessor-version":[{"id":264,"href":"https:\/\/marketplace.epassi.fi\/hierontapiste-sininen-kuula\/wp-json\/wp\/v2\/pages\/22\/revisions\/264"}],"wp:attachment":[{"href":"https:\/\/marketplace.epassi.fi\/hierontapiste-sininen-kuula\/wp-json\/wp\/v2\/media?parent=22"}],"curies":[{"name":"wp","href":"https:\/\/api.w.org\/{rel}","templated":true}]}}