{"id":282,"date":"2022-05-05T15:35:40","date_gmt":"2022-05-05T12:35:40","guid":{"rendered":"https:\/\/marketplace.epassi.fi\/hierontapiste-sininen-kuula\/?post_type=product&#038;p=282"},"modified":"2025-10-30T15:42:53","modified_gmt":"2025-10-30T13:42:53","slug":"lahjakortti","status":"publish","type":"product","link":"https:\/\/marketplace.epassi.fi\/hierontapiste-sininen-kuula\/kauppa\/hyvinvointi\/hieronta\/lahjakortti\/","title":{"rendered":"Lahjakortti"},"content":{"rendered":"","protected":false},"excerpt":{"rendered":"<p>Lahjakortti antaa Sinulle joustavan mahdollisuuden k\u00e4yd\u00e4 hieronnassa oman aikataulusi ja tarpeesi mukaan. K\u00e4tev\u00e4\u00e4 mm. silloin kun edun k\u00e4ytt\u00f6aika uhkaa loppua.<\/p>\n<p>L\u00e4het\u00e4 ostoksen my\u00f6t\u00e4 s\u00e4hk\u00f6posti info@sininenkuula.fi ja saat paluupostissa nimellesi ja valitsemallesi summalle osoitetun lahjakortin.<\/p>\n","protected":false},"featured_media":345,"comment_status":"open","ping_status":"closed","template":"","meta":{"_acf_changed":false,"_kad_post_transparent":"default","_kad_post_title":"","_kad_post_layout":"default","_kad_post_sidebar_id":"","_kad_post_content_style":"default","_kad_post_vertical_padding":"default","_kad_post_feature":"","_kad_post_feature_position":"","_kad_post_header":false,"_kad_post_footer":false,"_kad_post_classname":""},"product_brand":[],"product_cat":[31,21],"product_tag":[],"class_list":{"0":"post-282","1":"product","2":"type-product","3":"status-publish","4":"has-post-thumbnail","6":"product_cat-hieronta","7":"product_cat-hyvinvointi","9":"first","10":"instock","11":"purchasable","12":"product-type-variable","13":"has-default-attributes","14":"entry","15":"content-bg","16":"loop-entry"},"acf":[],"_links":{"self":[{"href":"https:\/\/marketplace.epassi.fi\/hierontapiste-sininen-kuula\/wp-json\/wp\/v2\/product\/282","targetHints":{"allow":["GET"]}}],"collection":[{"href":"https:\/\/marketplace.epassi.fi\/hierontapiste-sininen-kuula\/wp-json\/wp\/v2\/product"}],"about":[{"href":"https:\/\/marketplace.epassi.fi\/hierontapiste-sininen-kuula\/wp-json\/wp\/v2\/types\/product"}],"replies":[{"embeddable":true,"href":"https:\/\/marketplace.epassi.fi\/hierontapiste-sininen-kuula\/wp-json\/wp\/v2\/comments?post=282"}],"wp:featuredmedia":[{"embeddable":true,"href":"https:\/\/marketplace.epassi.fi\/hierontapiste-sininen-kuula\/wp-json\/wp\/v2\/media\/345"}],"wp:attachment":[{"href":"https:\/\/marketplace.epassi.fi\/hierontapiste-sininen-kuula\/wp-json\/wp\/v2\/media?parent=282"}],"wp:term":[{"taxonomy":"product_brand","embeddable":true,"href":"https:\/\/marketplace.epassi.fi\/hierontapiste-sininen-kuula\/wp-json\/wp\/v2\/product_brand?post=282"},{"taxonomy":"product_cat","embeddable":true,"href":"https:\/\/marketplace.epassi.fi\/hierontapiste-sininen-kuula\/wp-json\/wp\/v2\/product_cat?post=282"},{"taxonomy":"product_tag","embeddable":true,"href":"https:\/\/marketplace.epassi.fi\/hierontapiste-sininen-kuula\/wp-json\/wp\/v2\/product_tag?post=282"}],"curies":[{"name":"wp","href":"https:\/\/api.w.org\/{rel}","templated":true}]}}