{"id":289,"date":"2021-10-20T17:08:34","date_gmt":"2021-10-20T14:08:34","guid":{"rendered":"https:\/\/marketplace.epassi.fi\/hierontapiste-sininen-kuula\/?post_type=product&#038;p=289"},"modified":"2025-10-30T15:43:02","modified_gmt":"2025-10-30T13:43:02","slug":"klassinen-hieronta-60-min","status":"publish","type":"product","link":"https:\/\/marketplace.epassi.fi\/hierontapiste-sininen-kuula\/kauppa\/hyvinvointi\/hieronta\/klassinen-hieronta-60-min\/","title":{"rendered":"Klassinen hieronta 60 min"},"content":{"rendered":"<p>Klassinen hieronta on pehmytkudoksiin kohdistuvaa k\u00e4sin teht\u00e4v\u00e4 hoitomuoto, joka v\u00e4hent\u00e4\u00e4 lihasj\u00e4nnityst\u00e4, lievitt\u00e4\u00e4 kipua, aktivoi kehon aineenvaihduntaa ja pintaverenkiertoa, rentouttaa lihaksia ja parantaa niiden elastisuutta. Hieronnassa k\u00e4ytet\u00e4\u00e4n potilaasta, hoidettavasta alueesta ja hoidon\u00a0 tavoitteesta riippuen erilaisia hierontaotteita (sively, hankaus, pusertelu, poikittainen venytys)- aina tarkoituksenmukaisesti ja potilaan tuntemuksia kuunnellen. Mobilisoivilla toimenpiteill\u00e4 saadaan my\u00f6s lis\u00e4tty\u00e4 nivelten liikelaajuutta.<\/p>\n","protected":false},"excerpt":{"rendered":"<p>Tunnin hieronnassa ehdit\u00e4\u00e4n paneutua mahdolliseen ongelmakohtaan huolella. Sopii hariaseurun ja niskan, koko sel\u00e4n, alaraajojen tai hartiaseudun ja yl\u00e4raajojen hoitoajaksi.<\/p>\n<p>Muistathan varata hoitoajan Sinisen Kuulan varauskalenterista: <a href=\"https:\/\/vello.fi\/hierontapistesininenkuula\/\">t\u00e4st\u00e4<\/a><\/p>\n","protected":false},"featured_media":332,"comment_status":"open","ping_status":"closed","template":"","meta":{"_acf_changed":false,"_kad_post_transparent":"default","_kad_post_title":"","_kad_post_layout":"default","_kad_post_sidebar_id":"","_kad_post_content_style":"default","_kad_post_vertical_padding":"default","_kad_post_feature":"","_kad_post_feature_position":"","_kad_post_header":false,"_kad_post_footer":false,"_kad_post_classname":""},"product_brand":[],"product_cat":[31,21],"product_tag":[],"class_list":{"0":"post-289","1":"product","2":"type-product","3":"status-publish","4":"has-post-thumbnail","6":"product_cat-hieronta","7":"product_cat-hyvinvointi","9":"first","10":"instock","11":"virtual","12":"purchasable","13":"product-type-simple","14":"entry","15":"content-bg","16":"loop-entry"},"acf":[],"_links":{"self":[{"href":"https:\/\/marketplace.epassi.fi\/hierontapiste-sininen-kuula\/wp-json\/wp\/v2\/product\/289","targetHints":{"allow":["GET"]}}],"collection":[{"href":"https:\/\/marketplace.epassi.fi\/hierontapiste-sininen-kuula\/wp-json\/wp\/v2\/product"}],"about":[{"href":"https:\/\/marketplace.epassi.fi\/hierontapiste-sininen-kuula\/wp-json\/wp\/v2\/types\/product"}],"replies":[{"embeddable":true,"href":"https:\/\/marketplace.epassi.fi\/hierontapiste-sininen-kuula\/wp-json\/wp\/v2\/comments?post=289"}],"wp:featuredmedia":[{"embeddable":true,"href":"https:\/\/marketplace.epassi.fi\/hierontapiste-sininen-kuula\/wp-json\/wp\/v2\/media\/332"}],"wp:attachment":[{"href":"https:\/\/marketplace.epassi.fi\/hierontapiste-sininen-kuula\/wp-json\/wp\/v2\/media?parent=289"}],"wp:term":[{"taxonomy":"product_brand","embeddable":true,"href":"https:\/\/marketplace.epassi.fi\/hierontapiste-sininen-kuula\/wp-json\/wp\/v2\/product_brand?post=289"},{"taxonomy":"product_cat","embeddable":true,"href":"https:\/\/marketplace.epassi.fi\/hierontapiste-sininen-kuula\/wp-json\/wp\/v2\/product_cat?post=289"},{"taxonomy":"product_tag","embeddable":true,"href":"https:\/\/marketplace.epassi.fi\/hierontapiste-sininen-kuula\/wp-json\/wp\/v2\/product_tag?post=289"}],"curies":[{"name":"wp","href":"https:\/\/api.w.org\/{rel}","templated":true}]}}