{"id":313,"date":"2021-11-16T19:03:51","date_gmt":"2021-11-16T17:03:51","guid":{"rendered":"https:\/\/marketplace.epassi.fi\/hierontapistetension\/?post_type=product&#038;p=313"},"modified":"2025-10-30T13:46:16","modified_gmt":"2025-10-30T11:46:16","slug":"kuntosaliohjaus-kuntosali","status":"publish","type":"product","link":"https:\/\/marketplace.epassi.fi\/hierontapistetension\/kauppa\/hyvinvointi\/hieronta\/kuntosaliohjaus-kuntosali\/","title":{"rendered":"Lahja\/sarjakortit alkaen 38.00\u20ac"},"content":{"rendered":"<p>Lahja\/sarjakortit<\/p>\n<p>Jos haluat k\u00e4ytt\u00e4\u00e4 jonkun muun summan kuin esill\u00e4 olevissa maksuvaihtoehdoissa niin soita<\/p>\n<p>050-5275980<\/p>\n<p>1 x Niska-Hartiahieronta 30 min 38 \u20ac<\/p>\n<p>1 x Osahieronta 45 min 48 \u20ac<\/p>\n<p>1 x Puolivartalohieronta 60 min 58\u20ac<\/p>\n<p>1 x Kokovartalohieronta 90 min 70 \u20ac<\/p>\n<p>5 x Niska-Hartia 30 min 165 \u20ac<\/p>\n<p>5 x Osahieronta 45min\u00a0 215 \u20ac<\/p>\n<p>5 x puolivartalo 60 min\u00a0 255 \u20ac<\/p>\n<p>5 x kokovartalo 90 min 315 \u20ac<\/p>\n<p>Sarja\/Lahjakortit voimassa ostop\u00e4iv\u00e4st\u00e4 12 kuukautta !!<\/p>\n<p>Tuote on henkil\u00f6kohtainen !!<\/p>\n","protected":false},"excerpt":{"rendered":"<p>Lahja\/sarjakortit Jos haluat k\u00e4ytt\u00e4\u00e4 jonkun muun summan kuin esill\u00e4 olevissa maksuvaihtoehdoissa niin soita 050-5275980 1 x Niska-Hartiahieronta 30 min 38 \u20ac 1 x Osahieronta 45 min 48 \u20ac 1 x Puolivartalohieronta 60 min 58\u20ac 1 x Kokovartalohieronta 90 min 70 \u20ac 5 x Niska-Hartia 30 min 165 \u20ac 5 x Osahieronta 45min\u00a0 215 \u20ac 5&#8230;<\/p>\n","protected":false},"featured_media":306,"comment_status":"open","ping_status":"closed","template":"","meta":{"_acf_changed":false,"_kad_post_transparent":"default","_kad_post_title":"","_kad_post_layout":"default","_kad_post_sidebar_id":"","_kad_post_content_style":"default","_kad_post_vertical_padding":"default","_kad_post_feature":"","_kad_post_feature_position":"","_kad_post_header":false,"_kad_post_footer":false,"_kad_post_classname":""},"product_brand":[],"product_cat":[31,21,15],"product_tag":[],"class_list":{"0":"post-313","1":"product","2":"type-product","3":"status-publish","4":"has-post-thumbnail","6":"product_cat-hieronta","7":"product_cat-hyvinvointi","8":"product_cat-yleinen","10":"first","11":"instock","12":"taxable","13":"shipping-taxable","14":"purchasable","15":"product-type-simple","16":"entry","17":"content-bg","18":"loop-entry"},"acf":[],"_links":{"self":[{"href":"https:\/\/marketplace.epassi.fi\/hierontapistetension\/wp-json\/wp\/v2\/product\/313","targetHints":{"allow":["GET"]}}],"collection":[{"href":"https:\/\/marketplace.epassi.fi\/hierontapistetension\/wp-json\/wp\/v2\/product"}],"about":[{"href":"https:\/\/marketplace.epassi.fi\/hierontapistetension\/wp-json\/wp\/v2\/types\/product"}],"replies":[{"embeddable":true,"href":"https:\/\/marketplace.epassi.fi\/hierontapistetension\/wp-json\/wp\/v2\/comments?post=313"}],"wp:featuredmedia":[{"embeddable":true,"href":"https:\/\/marketplace.epassi.fi\/hierontapistetension\/wp-json\/wp\/v2\/media\/306"}],"wp:attachment":[{"href":"https:\/\/marketplace.epassi.fi\/hierontapistetension\/wp-json\/wp\/v2\/media?parent=313"}],"wp:term":[{"taxonomy":"product_brand","embeddable":true,"href":"https:\/\/marketplace.epassi.fi\/hierontapistetension\/wp-json\/wp\/v2\/product_brand?post=313"},{"taxonomy":"product_cat","embeddable":true,"href":"https:\/\/marketplace.epassi.fi\/hierontapistetension\/wp-json\/wp\/v2\/product_cat?post=313"},{"taxonomy":"product_tag","embeddable":true,"href":"https:\/\/marketplace.epassi.fi\/hierontapistetension\/wp-json\/wp\/v2\/product_tag?post=313"}],"curies":[{"name":"wp","href":"https:\/\/api.w.org\/{rel}","templated":true}]}}