{"id":321,"date":"2021-11-16T19:55:34","date_gmt":"2021-11-16T17:55:34","guid":{"rendered":"https:\/\/marketplace.epassi.fi\/hierontapistetension\/?post_type=product&#038;p=321"},"modified":"2025-10-30T13:46:00","modified_gmt":"2025-10-30T11:46:00","slug":"kokovartalohieronta-90-min","status":"publish","type":"product","link":"https:\/\/marketplace.epassi.fi\/hierontapistetension\/kauppa\/hyvinvointi\/hieronta\/kokovartalohieronta-90-min\/","title":{"rendered":"1 x Kokovartalohieronta 90 min"},"content":{"rendered":"<p>1 x 90 min Kokovartalohieronta 90 min 70 \u20ac<\/p>\n<p>Voimassa ostop\u00e4iv\u00e4st\u00e4 12 kk<\/p>\n<p>Tuote on henkil\u00f6kohtainen<\/p>\n","protected":false},"excerpt":{"rendered":"<p>1 x 90 min Kokovartalohieronta 90 min 70 \u20ac Voimassa ostop\u00e4iv\u00e4st\u00e4 12 kk Tuote on henkil\u00f6kohtainen<\/p>\n","protected":false},"featured_media":306,"comment_status":"open","ping_status":"closed","template":"","meta":{"_acf_changed":false,"_kad_post_transparent":"default","_kad_post_title":"","_kad_post_layout":"default","_kad_post_sidebar_id":"","_kad_post_content_style":"default","_kad_post_vertical_padding":"default","_kad_post_feature":"","_kad_post_feature_position":"","_kad_post_header":false,"_kad_post_footer":false,"_kad_post_classname":""},"product_brand":[],"product_cat":[31,21],"product_tag":[],"class_list":{"0":"post-321","1":"product","2":"type-product","3":"status-publish","4":"has-post-thumbnail","6":"product_cat-hieronta","7":"product_cat-hyvinvointi","9":"first","10":"instock","11":"virtual","12":"taxable","13":"purchasable","14":"product-type-simple","15":"entry","16":"content-bg","17":"loop-entry"},"acf":[],"_links":{"self":[{"href":"https:\/\/marketplace.epassi.fi\/hierontapistetension\/wp-json\/wp\/v2\/product\/321","targetHints":{"allow":["GET"]}}],"collection":[{"href":"https:\/\/marketplace.epassi.fi\/hierontapistetension\/wp-json\/wp\/v2\/product"}],"about":[{"href":"https:\/\/marketplace.epassi.fi\/hierontapistetension\/wp-json\/wp\/v2\/types\/product"}],"replies":[{"embeddable":true,"href":"https:\/\/marketplace.epassi.fi\/hierontapistetension\/wp-json\/wp\/v2\/comments?post=321"}],"wp:featuredmedia":[{"embeddable":true,"href":"https:\/\/marketplace.epassi.fi\/hierontapistetension\/wp-json\/wp\/v2\/media\/306"}],"wp:attachment":[{"href":"https:\/\/marketplace.epassi.fi\/hierontapistetension\/wp-json\/wp\/v2\/media?parent=321"}],"wp:term":[{"taxonomy":"product_brand","embeddable":true,"href":"https:\/\/marketplace.epassi.fi\/hierontapistetension\/wp-json\/wp\/v2\/product_brand?post=321"},{"taxonomy":"product_cat","embeddable":true,"href":"https:\/\/marketplace.epassi.fi\/hierontapistetension\/wp-json\/wp\/v2\/product_cat?post=321"},{"taxonomy":"product_tag","embeddable":true,"href":"https:\/\/marketplace.epassi.fi\/hierontapistetension\/wp-json\/wp\/v2\/product_tag?post=321"}],"curies":[{"name":"wp","href":"https:\/\/api.w.org\/{rel}","templated":true}]}}