{"id":22,"date":"2021-09-13T17:45:59","date_gmt":"2021-09-13T17:45:59","guid":{"rendered":"https:\/\/marketplace.epassi.fi\/hiihtokeskus-pikku-syote\/?page_id=22"},"modified":"2021-10-12T10:57:35","modified_gmt":"2021-10-12T10:57:35","slug":"info","status":"publish","type":"page","link":"https:\/\/marketplace.epassi.fi\/hiihtokeskus-pikku-syote\/info\/","title":{"rendered":"Info"},"content":{"rendered":"\n\t<div class=\"entry-content single-content\">\n\n\t\t<div class=\"wp-block-columns\" style=\"gap:30px\">\n\t\t\t<div class=\"wp-block-column\">\n\t\t\t\t<h2>Pikku-Sy\u00f6te<\/h2>\n\t\t\t\t<p><p>Pikku-Sy\u00f6te on l\u00e4mpim\u00e4n tunnelman ja laadukkaiden palveluiden el\u00e4mysmatkailukohde Suomen etel\u00e4isimm\u00e4ll\u00e4 tunturialueella.<\/p>\n<p>Luonnonl\u00e4heinen hiihtokeskuksemme ja vaaran huipulle rakennettu hotellimme muodostavat yhdess\u00e4 saumattomasti soljuvan kokonaisuuden. Rinteisiin p\u00e4\u00e4set suoraan hotellilta, eik\u00e4 takamaastojen puuterikaan lopu hetkess\u00e4 kesken. Hiihtolatuja meill\u00e4 riitt\u00e4\u00e4 120 km edest\u00e4. Hotelliltamme aukeavat upeat, esteett\u00f6m\u00e4t n\u00e4kym\u00e4t Sy\u00f6tteen kansallispuistoon.<\/p>\n<p>Pikku-Sy\u00f6tteen historia ulottuu aina 80-luvulle saakka. Vuosikymmeni\u00e4 nuoriso- ja kurssikeskuksena toiminut paikka siirtyi uusiin k\u00e4siin alkuvuodesta 2024. T\u00e4t\u00e4 piilotettua helme\u00e4 keskell\u00e4 ruuhkatonta tunturimaisemaa luotsaa nyt kaksi lunta ja luontoa rakastavaa nuorta yritt\u00e4j\u00e4\u00e4.<\/p>\n<p>Kehit\u00e4mme kohdetta k\u00e4\u00e4nn\u00f6s kerrallaan, yhdess\u00e4 asiakkaidemme kanssa.<\/p>\n<p>Tervetuloa osaksi tarinaamme.<\/p>\n<\/p>\n\t\t\t\t<h3>Pikku-Sy\u00f6te Ski Resort<\/h3>\n\t\t\t\t<p>Sy\u00f6tekeskuksentie 126<br>\n\t\t\t\t\t93280 Sy\u00f6te<\/p>\n\t\t\t\t<p><a href=\"tel:+358 8 815 4400\">+358 8 815 4400<\/a><\/p>\n\t\t\t\t<p><a href=\"mailto:ski@pikkusyote.fi\">ski@pikkusyote.fi<\/a><\/p>\n\n\t\t\t\t\t\t\t<\/div>\n\n\t\t\t<div class=\"wp-block-column\">\n\t\t\t\t<figure class=\"wp-block-image size-large\"><img loading=\"lazy\" decoding=\"async\" width=\"768\" height=\"576\" src=\"https:\/\/marketplace.epassi.fi\/hiihtokeskus-pikku-syote\/wp-content\/uploads\/sites\/416\/2024\/11\/2425_pikku-syote_ski-resort-768x576.jpg\" class=\"attachment-medium_large size-medium_large\" alt=\"\" \/><\/figure>\n\t\t\t<\/div>\n\t\t<\/div>\n\t<\/div>\n\t\n","protected":false},"excerpt":{"rendered":"","protected":false},"author":2,"featured_media":0,"parent":0,"menu_order":0,"comment_status":"closed","ping_status":"closed","template":"","meta":{"_acf_changed":false,"_kad_post_transparent":"","_kad_post_title":"","_kad_post_layout":"","_kad_post_sidebar_id":"","_kad_post_content_style":"","_kad_post_vertical_padding":"","_kad_post_feature":"","_kad_post_feature_position":"","_kad_post_header":false,"_kad_post_footer":false,"_kad_post_classname":"","footnotes":""},"class_list":["post-22","page","type-page","status-publish","hentry"],"acf":[],"_links":{"self":[{"href":"https:\/\/marketplace.epassi.fi\/hiihtokeskus-pikku-syote\/wp-json\/wp\/v2\/pages\/22","targetHints":{"allow":["GET"]}}],"collection":[{"href":"https:\/\/marketplace.epassi.fi\/hiihtokeskus-pikku-syote\/wp-json\/wp\/v2\/pages"}],"about":[{"href":"https:\/\/marketplace.epassi.fi\/hiihtokeskus-pikku-syote\/wp-json\/wp\/v2\/types\/page"}],"author":[{"embeddable":true,"href":"https:\/\/marketplace.epassi.fi\/hiihtokeskus-pikku-syote\/wp-json\/wp\/v2\/users\/2"}],"replies":[{"embeddable":true,"href":"https:\/\/marketplace.epassi.fi\/hiihtokeskus-pikku-syote\/wp-json\/wp\/v2\/comments?post=22"}],"version-history":[{"count":10,"href":"https:\/\/marketplace.epassi.fi\/hiihtokeskus-pikku-syote\/wp-json\/wp\/v2\/pages\/22\/revisions"}],"predecessor-version":[{"id":264,"href":"https:\/\/marketplace.epassi.fi\/hiihtokeskus-pikku-syote\/wp-json\/wp\/v2\/pages\/22\/revisions\/264"}],"wp:attachment":[{"href":"https:\/\/marketplace.epassi.fi\/hiihtokeskus-pikku-syote\/wp-json\/wp\/v2\/media?parent=22"}],"curies":[{"name":"wp","href":"https:\/\/api.w.org\/{rel}","templated":true}]}}