{"id":339,"date":"2024-11-25T12:52:02","date_gmt":"2024-11-25T10:52:02","guid":{"rendered":"https:\/\/marketplace.epassi.fi\/hiihtokeskus-pikku-syote\/?post_type=product&#038;p=339"},"modified":"2024-11-25T20:56:39","modified_gmt":"2024-11-25T18:56:39","slug":"hissilippu-pikku-syote-24-25","status":"publish","type":"product","link":"https:\/\/marketplace.epassi.fi\/hiihtokeskus-pikku-syote\/kauppa\/liikuntaedut\/hiihtokeskus\/hissilippu-pikku-syote-24-25\/","title":{"rendered":"Lahjakortti Pikku-Sy\u00f6te 24\/25"},"content":{"rendered":"<p>Lahjakortti on k\u00e4ytett\u00e4viss\u00e4 hissilippuihin ja v\u00e4lineiden vuokrauksiin Pikku-Sy\u00f6tteell\u00e4 ja se on voimassa koko talvikauden 2024-2025 (01.05.2025 saakka).<\/p>\n<p>Lahjakorttia ei postiteta, vaan lahjakortin tiedot l\u00f6ytyv\u00e4t j\u00e4rjestelm\u00e4st\u00e4mme. Lahjakortti tulee k\u00e4ytt\u00e4\u00e4 paikanp\u00e4\u00e4ll\u00e4 Pikku-Sy\u00f6tteell\u00e4.<\/p>\n<p>Ei vaihdettavaa etuutta.<\/p>\n<p>Liikuntaedulla hankittu lahjakortti on henkil\u00f6kohtainen, joten varauduthan todistamaan henkil\u00f6llisyytesi lahjakorttia k\u00e4ytt\u00e4ess\u00e4si. Varaudu my\u00f6s esitt\u00e4m\u00e4\u00e4n kuitti ostoksestasi.<\/p>\n<p>Liikuntaetu on hy\u00f6dynnett\u00e4viss\u00e4 ainoastaan normaalihintaisiin tuotteisiin ja ennakkohintaisiin kausikortteihin eik\u00e4 liikuntaedulla tehdyist\u00e4 maksuista tai lunastamattomista tuotteista tehd\u00e4 hyvityksi\u00e4. Pid\u00e4t\u00e4mme oikeuden hinnanmuutoksiin.<\/p>\n","protected":false},"excerpt":{"rendered":"<p>Varmista tulevat k\u00e4\u00e4nn\u00f6ksesi ja hanki Pikku-Sy\u00f6tteen lahjakortti!<br \/>\nLahjakortti on henkil\u00f6kohtainen ja k\u00e4ytett\u00e4viss\u00e4 hissilippuihin tai v\u00e4linevuokrauksiin.<\/p>\n","protected":false},"featured_media":366,"comment_status":"closed","ping_status":"closed","template":"","meta":{"_acf_changed":false,"_kad_post_transparent":"default","_kad_post_title":"","_kad_post_layout":"default","_kad_post_sidebar_id":"","_kad_post_content_style":"default","_kad_post_vertical_padding":"default","_kad_post_feature":"","_kad_post_feature_position":"","_kad_post_header":false,"_kad_post_footer":false,"_kad_post_classname":""},"product_brand":[],"product_cat":[24,19],"product_tag":[],"class_list":{"0":"post-339","1":"product","2":"type-product","3":"status-publish","4":"has-post-thumbnail","6":"product_cat-hiihtokeskus","7":"product_cat-liikuntaedut","9":"first","10":"instock","11":"purchasable","12":"product-type-variable","13":"entry","14":"content-bg","15":"loop-entry"},"acf":[],"_links":{"self":[{"href":"https:\/\/marketplace.epassi.fi\/hiihtokeskus-pikku-syote\/wp-json\/wp\/v2\/product\/339","targetHints":{"allow":["GET"]}}],"collection":[{"href":"https:\/\/marketplace.epassi.fi\/hiihtokeskus-pikku-syote\/wp-json\/wp\/v2\/product"}],"about":[{"href":"https:\/\/marketplace.epassi.fi\/hiihtokeskus-pikku-syote\/wp-json\/wp\/v2\/types\/product"}],"replies":[{"embeddable":true,"href":"https:\/\/marketplace.epassi.fi\/hiihtokeskus-pikku-syote\/wp-json\/wp\/v2\/comments?post=339"}],"wp:featuredmedia":[{"embeddable":true,"href":"https:\/\/marketplace.epassi.fi\/hiihtokeskus-pikku-syote\/wp-json\/wp\/v2\/media\/366"}],"wp:attachment":[{"href":"https:\/\/marketplace.epassi.fi\/hiihtokeskus-pikku-syote\/wp-json\/wp\/v2\/media?parent=339"}],"wp:term":[{"taxonomy":"product_brand","embeddable":true,"href":"https:\/\/marketplace.epassi.fi\/hiihtokeskus-pikku-syote\/wp-json\/wp\/v2\/product_brand?post=339"},{"taxonomy":"product_cat","embeddable":true,"href":"https:\/\/marketplace.epassi.fi\/hiihtokeskus-pikku-syote\/wp-json\/wp\/v2\/product_cat?post=339"},{"taxonomy":"product_tag","embeddable":true,"href":"https:\/\/marketplace.epassi.fi\/hiihtokeskus-pikku-syote\/wp-json\/wp\/v2\/product_tag?post=339"}],"curies":[{"name":"wp","href":"https:\/\/api.w.org\/{rel}","templated":true}]}}