{"id":349,"date":"2024-11-25T13:00:03","date_gmt":"2024-11-25T11:00:03","guid":{"rendered":"https:\/\/marketplace.epassi.fi\/hiihtokeskus-pikku-syote\/?post_type=product&#038;p=349"},"modified":"2024-11-25T20:41:12","modified_gmt":"2024-11-25T18:41:12","slug":"sadasd","status":"publish","type":"product","link":"https:\/\/marketplace.epassi.fi\/hiihtokeskus-pikku-syote\/kauppa\/liikuntaedut\/hiihtokeskus\/sadasd\/","title":{"rendered":"Hissilippu Pikku-Sy\u00f6te 24\/25"},"content":{"rendered":"<p>Hy\u00f6dynn\u00e4 liikuntaetusi ja hanki hissilippusi jo ennakkoon. Hissiliput tulee lunastaa henkil\u00f6kohtaisesti Pikku-Sy\u00f6tteelt\u00e4 talvikauden 24\/25 aikana.<\/p>\n<p>Liikuntaedulla hankittu hissilippu on henkil\u00f6kohtainen, joten varauduthan todistamaan henkil\u00f6llisyytesi hissilippua noudettaessa. Varaudu my\u00f6s esitt\u00e4m\u00e4\u00e4n kuitti ostoksestasi. Lipun v\u00e4\u00e4rink\u00e4ytt\u00f6 johtaa lipun mit\u00e4t\u00f6intiin.<\/p>\n<p>Liikuntaetu on hy\u00f6dynnett\u00e4viss\u00e4 ainoastaan normaalihintaisiin tuotteisiin eik\u00e4 liikuntaedulla tehdyist\u00e4 maksuista tai lunastamattomista tuotteista tehd\u00e4 hyvityksi\u00e4. Pid\u00e4t\u00e4mme oikeuden hinnanmuutoksiin.<\/p>\n","protected":false},"excerpt":{"rendered":"<div class=\"woocommerce-product-details__short-description\">\n<p>Hy\u00f6dynn\u00e4 liikuntaetusi k\u00e4\u00e4nn\u00f6s kerrallaan ja hanki hissilippusi ennakkoon.<\/p>\n<\/div>\n","protected":false},"featured_media":344,"comment_status":"closed","ping_status":"closed","template":"","meta":{"_acf_changed":false,"_kad_post_transparent":"default","_kad_post_title":"","_kad_post_layout":"default","_kad_post_sidebar_id":"","_kad_post_content_style":"default","_kad_post_vertical_padding":"default","_kad_post_feature":"","_kad_post_feature_position":"","_kad_post_header":false,"_kad_post_footer":false,"_kad_post_classname":""},"product_brand":[],"product_cat":[24,19],"product_tag":[],"class_list":{"0":"post-349","1":"product","2":"type-product","3":"status-publish","4":"has-post-thumbnail","6":"product_cat-hiihtokeskus","7":"product_cat-liikuntaedut","9":"first","10":"instock","11":"taxable","12":"shipping-taxable","13":"purchasable","14":"product-type-variable","15":"entry","16":"content-bg","17":"loop-entry"},"acf":[],"_links":{"self":[{"href":"https:\/\/marketplace.epassi.fi\/hiihtokeskus-pikku-syote\/wp-json\/wp\/v2\/product\/349","targetHints":{"allow":["GET"]}}],"collection":[{"href":"https:\/\/marketplace.epassi.fi\/hiihtokeskus-pikku-syote\/wp-json\/wp\/v2\/product"}],"about":[{"href":"https:\/\/marketplace.epassi.fi\/hiihtokeskus-pikku-syote\/wp-json\/wp\/v2\/types\/product"}],"replies":[{"embeddable":true,"href":"https:\/\/marketplace.epassi.fi\/hiihtokeskus-pikku-syote\/wp-json\/wp\/v2\/comments?post=349"}],"wp:featuredmedia":[{"embeddable":true,"href":"https:\/\/marketplace.epassi.fi\/hiihtokeskus-pikku-syote\/wp-json\/wp\/v2\/media\/344"}],"wp:attachment":[{"href":"https:\/\/marketplace.epassi.fi\/hiihtokeskus-pikku-syote\/wp-json\/wp\/v2\/media?parent=349"}],"wp:term":[{"taxonomy":"product_brand","embeddable":true,"href":"https:\/\/marketplace.epassi.fi\/hiihtokeskus-pikku-syote\/wp-json\/wp\/v2\/product_brand?post=349"},{"taxonomy":"product_cat","embeddable":true,"href":"https:\/\/marketplace.epassi.fi\/hiihtokeskus-pikku-syote\/wp-json\/wp\/v2\/product_cat?post=349"},{"taxonomy":"product_tag","embeddable":true,"href":"https:\/\/marketplace.epassi.fi\/hiihtokeskus-pikku-syote\/wp-json\/wp\/v2\/product_tag?post=349"}],"curies":[{"name":"wp","href":"https:\/\/api.w.org\/{rel}","templated":true}]}}