{"id":22,"date":"2021-09-13T17:45:59","date_gmt":"2021-09-13T17:45:59","guid":{"rendered":"https:\/\/marketplace.epassi.fi\/himos\/?page_id=22"},"modified":"2021-10-12T10:57:35","modified_gmt":"2021-10-12T10:57:35","slug":"info","status":"publish","type":"page","link":"https:\/\/marketplace.epassi.fi\/himos\/info\/","title":{"rendered":"Info"},"content":{"rendered":"\n\t<div class=\"entry-content single-content\">\n\n\t\t<div class=\"wp-block-columns\" style=\"gap:30px\">\n\t\t\t<div class=\"wp-block-column\">\n\t\t\t\t<h2>Himoksella laskettelet monipuolisilla rinteill\u00e4!<\/h2>\n\t\t\t\t<p><p>Himoksella laskettelet Etel\u00e4- ja Keski-Suomen monipuolisimmilla rinteill\u00e4. Hyvin hoidetut ja lumivarmat rinteet sek\u00e4 tehokas hissikapasiteetti takaavat nautinnollisen laskup\u00e4iv\u00e4n kaiken tasoisille harrastajille. Laskettelun alkeita voi opetella koko perheen lumimaailmassa, Lumilassa, jossa p\u00e4iv\u00e4 vier\u00e4ht\u00e4\u00e4 my\u00f6s tuubim\u00e4ess\u00e4 laskien ja laavujen tunnelmasta nauttien.<\/p>\n<\/p>\n\t\t\t\t<h3>Himos-Yhti\u00f6t Oy<\/h3>\n\t\t\t\t<p>L\u00e4nsikeskuksentie 11<br>\n\t\t\t\t\t42100 J\u00e4ms\u00e4<\/p>\n\t\t\t\t<p><a href=\"tel:020 711 9100\">020 711 9100<\/a><\/p>\n\t\t\t\t<p><a href=\"mailto:myynti@himos.fi\">myynti@himos.fi<\/a><\/p>\n\n\t\t\t\t<h2>Toimipisteet<\/h2><div class=\"info-page-location-list\"><div class=\"info-page-location\"><h3>Himos, J\u00e4ms\u00e4<\/h3><p>L\u00e4nsikeskuksentie 11, 42100 J\u00e4ms\u00e4<\/p><p><p><a href=\"https:\/\/www.google.com\/maps\/search\/?api=1&query=Google&query_place_id=ChIJWewDEFdyj0YR-gnoq9rFLDU\">Katso sijainti kartalla <span>&#8599;<\/span><\/a><\/p><\/p><p><\/p><\/div><\/div>\t\t\t<\/div>\n\n\t\t\t<div class=\"wp-block-column\">\n\t\t\t\t<figure class=\"wp-block-image size-large\"><img loading=\"lazy\" decoding=\"async\" width=\"768\" height=\"432\" src=\"https:\/\/marketplace.epassi.fi\/himos\/wp-content\/uploads\/sites\/40\/2021\/12\/iltakuva-1920x1080-1-768x432.jpeg\" class=\"attachment-medium_large size-medium_large\" alt=\"\" \/><\/figure>\n\t\t\t<\/div>\n\t\t<\/div>\n\t<\/div>\n\t\n","protected":false},"excerpt":{"rendered":"","protected":false},"author":2,"featured_media":0,"parent":0,"menu_order":0,"comment_status":"closed","ping_status":"closed","template":"","meta":{"_acf_changed":false,"_kad_post_transparent":"","_kad_post_title":"","_kad_post_layout":"","_kad_post_sidebar_id":"","_kad_post_content_style":"","_kad_post_vertical_padding":"","_kad_post_feature":"","_kad_post_feature_position":"","_kad_post_header":false,"_kad_post_footer":false,"_kad_post_classname":"","footnotes":""},"class_list":["post-22","page","type-page","status-publish","hentry"],"acf":[],"_links":{"self":[{"href":"https:\/\/marketplace.epassi.fi\/himos\/wp-json\/wp\/v2\/pages\/22","targetHints":{"allow":["GET"]}}],"collection":[{"href":"https:\/\/marketplace.epassi.fi\/himos\/wp-json\/wp\/v2\/pages"}],"about":[{"href":"https:\/\/marketplace.epassi.fi\/himos\/wp-json\/wp\/v2\/types\/page"}],"author":[{"embeddable":true,"href":"https:\/\/marketplace.epassi.fi\/himos\/wp-json\/wp\/v2\/users\/2"}],"replies":[{"embeddable":true,"href":"https:\/\/marketplace.epassi.fi\/himos\/wp-json\/wp\/v2\/comments?post=22"}],"version-history":[{"count":10,"href":"https:\/\/marketplace.epassi.fi\/himos\/wp-json\/wp\/v2\/pages\/22\/revisions"}],"predecessor-version":[{"id":264,"href":"https:\/\/marketplace.epassi.fi\/himos\/wp-json\/wp\/v2\/pages\/22\/revisions\/264"}],"wp:attachment":[{"href":"https:\/\/marketplace.epassi.fi\/himos\/wp-json\/wp\/v2\/media?parent=22"}],"curies":[{"name":"wp","href":"https:\/\/api.w.org\/{rel}","templated":true}]}}