{"id":290,"date":"2021-10-20T17:09:46","date_gmt":"2021-10-20T14:09:46","guid":{"rendered":"https:\/\/marketplace.epassi.fi\/himos\/?post_type=product&#038;p=290"},"modified":"2025-09-03T08:12:08","modified_gmt":"2025-09-03T05:12:08","slug":"lahjakortti-hissilippuihin-varustevuokriin-a-50e-100-e-150-e","status":"publish","type":"product","link":"https:\/\/marketplace.epassi.fi\/himos\/kauppa\/liikuntaedut\/hiihtokeskus\/lahjakortti-hissilippuihin-varustevuokriin-a-50e-100-e-150-e\/","title":{"rendered":"Lahjakortti hissilippuihin\/varustevuokriin \u00e1 50\u20ac \/ 100 \u20ac \/ 150 \u20ac"},"content":{"rendered":"<p>Himos-Yhti\u00f6t Oy:n lahjakortti <strong>henkil\u00f6kohtaisiin hissilippuihin \/ varustevuokriin<\/strong><strong>, lahjakorttiin tulee nimesi.<\/strong><br \/>\n<strong>Ei vaihdettavaa etuutta.<\/strong><br \/>\nK\u00e4y maksuksi kassalla paikanp\u00e4\u00e4ll\u00e4, ei nettikaupassa. Lahjakortti voimassa 1.5.2026 saakka.<br \/>\nHinta sis\u00e4lt\u00e4\u00e4 3 euron k\u00e4sittely- ja toimituskulut.<\/p>\n<p>Lahjakorttia ei postiteta, vaan lahjakortti on noudettavissa l\u00e4nsirinteiden lipunmyynnist\u00e4 nimell\u00e4, aikaisintaan tilauksen teosta seuraavana p\u00e4iv\u00e4n\u00e4.<\/p>\n<p>Noudatamme Suomen hiihtokeskusyhdistyksen ja kuluttaja-asiamiehen laatimia hiihtokeskuspalveluja koskevia yleisi\u00e4 sopimusehtoja <a class=\"ql-link\" href=\"https:\/\/www.ski.fi\/info\/sopimusehdot\/hiihtokeskuspalveluiden-sopimusehdot\/\" target=\"_blank\" rel=\"noopener noreferrer\">https:\/\/www.ski.fi\/info\/sopimusehdot\/hiihtokeskuspalveluiden-sopimusehdot\/<\/a><\/p>\n","protected":false},"excerpt":{"rendered":"<p>Himos-Yhti\u00f6t Oy:n lahjakortti <strong>henkil\u00f6kohtaisiin hissilippuihin \/ varustevuokriin<\/strong><strong>, lahjakorttiin tulee nimesi.<\/strong><br \/>\n<strong>Ei vaihdettavaa etuutta.<\/strong><br \/>\nK\u00e4y maksuksi kassalla paikanp\u00e4\u00e4ll\u00e4, ei nettikaupassa. Lahjakortti voimassa 1.5.2026 saakka.<br \/>\nHinta sis\u00e4lt\u00e4\u00e4 3 euron k\u00e4sittely- ja toimituskulut.<\/p>\n<p>Lahjakorttia ei postiteta, vaan lahjakortti on noudettavissa l\u00e4nsirinteiden lipunmyynnist\u00e4 nimell\u00e4, aikaisintaan tilauksen teosta seuraavana p\u00e4iv\u00e4n\u00e4.<\/p>\n<p>Noudatamme Suomen hiihtokeskusyhdistyksen ja kuluttaja-asiamiehen laatimia hiihtokeskuspalveluja koskevia yleisi\u00e4 sopimusehtoja <a class=\"ql-link\" href=\"https:\/\/www.ski.fi\/info\/sopimusehdot\/hiihtokeskuspalveluiden-sopimusehdot\/\" target=\"_blank\" rel=\"noopener noreferrer\">https:\/\/www.ski.fi\/info\/sopimusehdot\/hiihtokeskuspalveluiden-sopimusehdot\/<\/a><\/p>\n","protected":false},"featured_media":311,"comment_status":"open","ping_status":"closed","template":"","meta":{"_acf_changed":false,"_kad_post_transparent":"default","_kad_post_title":"","_kad_post_layout":"default","_kad_post_sidebar_id":"","_kad_post_content_style":"default","_kad_post_vertical_padding":"default","_kad_post_feature":"","_kad_post_feature_position":"","_kad_post_header":false,"_kad_post_footer":false,"_kad_post_classname":""},"product_brand":[],"product_cat":[24,19],"product_tag":[],"class_list":{"0":"post-290","1":"product","2":"type-product","3":"status-publish","4":"has-post-thumbnail","6":"product_cat-hiihtokeskus","7":"product_cat-liikuntaedut","9":"first","10":"instock","11":"taxable","12":"shipping-taxable","13":"purchasable","14":"product-type-variable","15":"entry","16":"content-bg","17":"loop-entry"},"acf":[],"_links":{"self":[{"href":"https:\/\/marketplace.epassi.fi\/himos\/wp-json\/wp\/v2\/product\/290","targetHints":{"allow":["GET"]}}],"collection":[{"href":"https:\/\/marketplace.epassi.fi\/himos\/wp-json\/wp\/v2\/product"}],"about":[{"href":"https:\/\/marketplace.epassi.fi\/himos\/wp-json\/wp\/v2\/types\/product"}],"replies":[{"embeddable":true,"href":"https:\/\/marketplace.epassi.fi\/himos\/wp-json\/wp\/v2\/comments?post=290"}],"wp:featuredmedia":[{"embeddable":true,"href":"https:\/\/marketplace.epassi.fi\/himos\/wp-json\/wp\/v2\/media\/311"}],"wp:attachment":[{"href":"https:\/\/marketplace.epassi.fi\/himos\/wp-json\/wp\/v2\/media?parent=290"}],"wp:term":[{"taxonomy":"product_brand","embeddable":true,"href":"https:\/\/marketplace.epassi.fi\/himos\/wp-json\/wp\/v2\/product_brand?post=290"},{"taxonomy":"product_cat","embeddable":true,"href":"https:\/\/marketplace.epassi.fi\/himos\/wp-json\/wp\/v2\/product_cat?post=290"},{"taxonomy":"product_tag","embeddable":true,"href":"https:\/\/marketplace.epassi.fi\/himos\/wp-json\/wp\/v2\/product_tag?post=290"}],"curies":[{"name":"wp","href":"https:\/\/api.w.org\/{rel}","templated":true}]}}