{"id":320,"date":"2021-11-10T08:30:13","date_gmt":"2021-11-10T06:30:13","guid":{"rendered":"https:\/\/marketplace.epassi.fi\/hirsinhierontapalvelu\/?post_type=product&#038;p=320"},"modified":"2025-10-30T13:56:52","modified_gmt":"2025-10-30T11:56:52","slug":"hieronta-45min","status":"publish","type":"product","link":"https:\/\/marketplace.epassi.fi\/hirsinhierontapalvelu\/kauppa\/hyvinvointi\/hieronta\/hieronta-45min\/","title":{"rendered":"Osahieronta 45min"},"content":{"rendered":"<p>Osahieronta,jonka aikana voidaan k\u00e4sitell\u00e4 sel\u00e4n lihaksia sek\u00e4 k\u00e4si\u00e4.<\/p>\n","protected":false},"excerpt":{"rendered":"<p>Huomiothan ett\u00e4 ostamasi hieronnat ovat henkil\u00f6kohtaisia ja ne tulee k\u00e4ytt\u00e4\u00e4 12kk kuluessa ostop\u00e4iv\u00e4st\u00e4.<\/p>\n","protected":false},"featured_media":342,"comment_status":"open","ping_status":"closed","template":"","meta":{"_acf_changed":false,"_kad_post_transparent":"default","_kad_post_title":"","_kad_post_layout":"default","_kad_post_sidebar_id":"","_kad_post_content_style":"default","_kad_post_vertical_padding":"default","_kad_post_feature":"","_kad_post_feature_position":"","_kad_post_header":false,"_kad_post_footer":false,"_kad_post_classname":""},"product_brand":[],"product_cat":[31,21],"product_tag":[],"class_list":{"0":"post-320","1":"product","2":"type-product","3":"status-publish","4":"has-post-thumbnail","6":"product_cat-hieronta","7":"product_cat-hyvinvointi","9":"first","10":"instock","11":"taxable","12":"shipping-taxable","13":"purchasable","14":"product-type-simple","15":"entry","16":"content-bg","17":"loop-entry"},"acf":[],"_links":{"self":[{"href":"https:\/\/marketplace.epassi.fi\/hirsinhierontapalvelu\/wp-json\/wp\/v2\/product\/320","targetHints":{"allow":["GET"]}}],"collection":[{"href":"https:\/\/marketplace.epassi.fi\/hirsinhierontapalvelu\/wp-json\/wp\/v2\/product"}],"about":[{"href":"https:\/\/marketplace.epassi.fi\/hirsinhierontapalvelu\/wp-json\/wp\/v2\/types\/product"}],"replies":[{"embeddable":true,"href":"https:\/\/marketplace.epassi.fi\/hirsinhierontapalvelu\/wp-json\/wp\/v2\/comments?post=320"}],"wp:featuredmedia":[{"embeddable":true,"href":"https:\/\/marketplace.epassi.fi\/hirsinhierontapalvelu\/wp-json\/wp\/v2\/media\/342"}],"wp:attachment":[{"href":"https:\/\/marketplace.epassi.fi\/hirsinhierontapalvelu\/wp-json\/wp\/v2\/media?parent=320"}],"wp:term":[{"taxonomy":"product_brand","embeddable":true,"href":"https:\/\/marketplace.epassi.fi\/hirsinhierontapalvelu\/wp-json\/wp\/v2\/product_brand?post=320"},{"taxonomy":"product_cat","embeddable":true,"href":"https:\/\/marketplace.epassi.fi\/hirsinhierontapalvelu\/wp-json\/wp\/v2\/product_cat?post=320"},{"taxonomy":"product_tag","embeddable":true,"href":"https:\/\/marketplace.epassi.fi\/hirsinhierontapalvelu\/wp-json\/wp\/v2\/product_tag?post=320"}],"curies":[{"name":"wp","href":"https:\/\/api.w.org\/{rel}","templated":true}]}}