{"id":354,"date":"2021-11-15T19:02:06","date_gmt":"2021-11-15T17:02:06","guid":{"rendered":"https:\/\/marketplace.epassi.fi\/hirsinhierontapalvelu\/?post_type=product&#038;p=354"},"modified":"2025-10-30T13:56:44","modified_gmt":"2025-10-30T11:56:44","slug":"hierontakortti-5x45min","status":"publish","type":"product","link":"https:\/\/marketplace.epassi.fi\/hirsinhierontapalvelu\/kauppa\/hyvinvointi\/hieronta\/hierontakortti-5x45min\/","title":{"rendered":"Hierontakortti 5x45min"},"content":{"rendered":"","protected":false},"excerpt":{"rendered":"<p>Hierontaan ostamasi tuotteet ovat henkil\u00f6kohtaisia.<\/p>\n<p>Yksitt\u00e4iset ostamasi hieronnat sek\u00e4 sarjahieronnat tulee k\u00e4ytt\u00e4\u00e4 12 kk sis\u00e4ll\u00e4 ostop\u00e4iv\u00e4st\u00e4.<\/p>\n","protected":false},"featured_media":344,"comment_status":"open","ping_status":"closed","template":"","meta":{"_acf_changed":false,"_kad_post_transparent":"default","_kad_post_title":"","_kad_post_layout":"default","_kad_post_sidebar_id":"","_kad_post_content_style":"default","_kad_post_vertical_padding":"default","_kad_post_feature":"","_kad_post_feature_position":"","_kad_post_header":false,"_kad_post_footer":false,"_kad_post_classname":""},"product_brand":[],"product_cat":[31,21],"product_tag":[],"class_list":{"0":"post-354","1":"product","2":"type-product","3":"status-publish","4":"has-post-thumbnail","6":"product_cat-hieronta","7":"product_cat-hyvinvointi","9":"first","10":"instock","11":"taxable","12":"shipping-taxable","13":"purchasable","14":"product-type-simple","15":"entry","16":"content-bg","17":"loop-entry"},"acf":[],"_links":{"self":[{"href":"https:\/\/marketplace.epassi.fi\/hirsinhierontapalvelu\/wp-json\/wp\/v2\/product\/354","targetHints":{"allow":["GET"]}}],"collection":[{"href":"https:\/\/marketplace.epassi.fi\/hirsinhierontapalvelu\/wp-json\/wp\/v2\/product"}],"about":[{"href":"https:\/\/marketplace.epassi.fi\/hirsinhierontapalvelu\/wp-json\/wp\/v2\/types\/product"}],"replies":[{"embeddable":true,"href":"https:\/\/marketplace.epassi.fi\/hirsinhierontapalvelu\/wp-json\/wp\/v2\/comments?post=354"}],"wp:featuredmedia":[{"embeddable":true,"href":"https:\/\/marketplace.epassi.fi\/hirsinhierontapalvelu\/wp-json\/wp\/v2\/media\/344"}],"wp:attachment":[{"href":"https:\/\/marketplace.epassi.fi\/hirsinhierontapalvelu\/wp-json\/wp\/v2\/media?parent=354"}],"wp:term":[{"taxonomy":"product_brand","embeddable":true,"href":"https:\/\/marketplace.epassi.fi\/hirsinhierontapalvelu\/wp-json\/wp\/v2\/product_brand?post=354"},{"taxonomy":"product_cat","embeddable":true,"href":"https:\/\/marketplace.epassi.fi\/hirsinhierontapalvelu\/wp-json\/wp\/v2\/product_cat?post=354"},{"taxonomy":"product_tag","embeddable":true,"href":"https:\/\/marketplace.epassi.fi\/hirsinhierontapalvelu\/wp-json\/wp\/v2\/product_tag?post=354"}],"curies":[{"name":"wp","href":"https:\/\/api.w.org\/{rel}","templated":true}]}}