{"id":282,"date":"2022-12-22T18:45:20","date_gmt":"2022-12-22T16:45:20","guid":{"rendered":"https:\/\/marketplace.epassi.fi\/hoitola-tainamarianne\/?post_type=product&#038;p=282"},"modified":"2025-12-15T11:31:42","modified_gmt":"2025-12-15T09:31:42","slug":"lahjakortti-venyttelyyn","status":"publish","type":"product","link":"https:\/\/marketplace.epassi.fi\/hoitola-tainamarianne\/kauppa\/liikuntaedut\/jooga\/lahjakortti-venyttelyyn\/","title":{"rendered":"Lahjakortti venyttelyyn"},"content":{"rendered":"<blockquote><p>Yksil\u00f6lliset venyttelytunnit ja ohjattuja venyttelyj\u00e4 pienryhmille.<\/p>\n<p>Lis\u00e4tietoja ja ilmoittautuminen tunneille Taina Riihioja puh.045-128 4044.<\/p>\n<p><span style=\"font-family: var(--global-body-font-family)\">w<\/span><span style=\"font-family: var(--global-body-font-family)\">ww.taasjaksaa.fi<\/span><\/p><\/blockquote>\n","protected":false},"excerpt":{"rendered":"<div class=\"woocommerce-tabs wc-tabs-wrapper\">\n<div id=\"tab-description\" class=\"woocommerce-Tabs-panel woocommerce-Tabs-panel--description panel entry-content wc-tab\" role=\"tabpanel\" aria-labelledby=\"tab-title-description\">\n<blockquote><p>Ajanvaraus www.hoitolatainamarianne.fi tai soittamalla puh.045-128 4044\/Taina.<\/p><\/blockquote>\n<p>Voimassaoloaika 6kk ostop\u00e4iv\u00e4st\u00e4.<\/p>\n<\/div>\n<\/div>\n","protected":false},"featured_media":318,"comment_status":"open","ping_status":"closed","template":"","meta":{"_acf_changed":false,"_kad_post_transparent":"default","_kad_post_title":"","_kad_post_layout":"default","_kad_post_sidebar_id":"","_kad_post_content_style":"default","_kad_post_vertical_padding":"default","_kad_post_feature":"","_kad_post_feature_position":"","_kad_post_header":false,"_kad_post_footer":false,"_kad_post_classname":""},"product_brand":[],"product_cat":[25,29,19,27],"product_tag":[],"class_list":{"0":"post-282","1":"product","2":"type-product","3":"status-publish","4":"has-post-thumbnail","6":"product_cat-jooga","7":"product_cat-liikunta-muut","8":"product_cat-liikuntaedut","9":"product_cat-ryhmaliikunta","11":"first","12":"instock","13":"purchasable","14":"product-type-variable","15":"has-default-attributes","16":"entry","17":"content-bg","18":"loop-entry"},"acf":[],"_links":{"self":[{"href":"https:\/\/marketplace.epassi.fi\/hoitola-tainamarianne\/wp-json\/wp\/v2\/product\/282","targetHints":{"allow":["GET"]}}],"collection":[{"href":"https:\/\/marketplace.epassi.fi\/hoitola-tainamarianne\/wp-json\/wp\/v2\/product"}],"about":[{"href":"https:\/\/marketplace.epassi.fi\/hoitola-tainamarianne\/wp-json\/wp\/v2\/types\/product"}],"replies":[{"embeddable":true,"href":"https:\/\/marketplace.epassi.fi\/hoitola-tainamarianne\/wp-json\/wp\/v2\/comments?post=282"}],"wp:featuredmedia":[{"embeddable":true,"href":"https:\/\/marketplace.epassi.fi\/hoitola-tainamarianne\/wp-json\/wp\/v2\/media\/318"}],"wp:attachment":[{"href":"https:\/\/marketplace.epassi.fi\/hoitola-tainamarianne\/wp-json\/wp\/v2\/media?parent=282"}],"wp:term":[{"taxonomy":"product_brand","embeddable":true,"href":"https:\/\/marketplace.epassi.fi\/hoitola-tainamarianne\/wp-json\/wp\/v2\/product_brand?post=282"},{"taxonomy":"product_cat","embeddable":true,"href":"https:\/\/marketplace.epassi.fi\/hoitola-tainamarianne\/wp-json\/wp\/v2\/product_cat?post=282"},{"taxonomy":"product_tag","embeddable":true,"href":"https:\/\/marketplace.epassi.fi\/hoitola-tainamarianne\/wp-json\/wp\/v2\/product_tag?post=282"}],"curies":[{"name":"wp","href":"https:\/\/api.w.org\/{rel}","templated":true}]}}