{"id":325,"date":"2021-12-05T19:00:55","date_gmt":"2021-12-05T17:00:55","guid":{"rendered":"https:\/\/marketplace.epassi.fi\/hoitola-tainamarianne\/?post_type=product&#038;p=325"},"modified":"2025-12-15T11:35:11","modified_gmt":"2025-12-15T09:35:11","slug":"lahjakortti-hierontaan-2","status":"publish","type":"product","link":"https:\/\/marketplace.epassi.fi\/hoitola-tainamarianne\/kauppa\/hyvinvointi\/hieronta\/lahjakortti-hierontaan-2\/","title":{"rendered":"Lahjakortti hierontaan"},"content":{"rendered":"<p>Voimassaoloaika 6kk ostop\u00e4iv\u00e4st\u00e4.<\/p>\n<p>Tutustu palveluihini www.taasjaksaa.fi<\/p>\n","protected":false},"excerpt":{"rendered":"<p>Voimassaoloaika 6kk ostop\u00e4iv\u00e4st\u00e4. Tutustu palveluihini www.taasjaksaa.fi<\/p>\n","protected":false},"featured_media":320,"comment_status":"closed","ping_status":"closed","template":"","meta":{"_acf_changed":false,"_kad_post_transparent":"default","_kad_post_title":"","_kad_post_layout":"default","_kad_post_sidebar_id":"","_kad_post_content_style":"default","_kad_post_vertical_padding":"default","_kad_post_feature":"","_kad_post_feature_position":"","_kad_post_header":false,"_kad_post_footer":false,"_kad_post_classname":""},"product_brand":[],"product_cat":[31,21],"product_tag":[],"class_list":{"0":"post-325","1":"product","2":"type-product","3":"status-publish","4":"has-post-thumbnail","6":"product_cat-hieronta","7":"product_cat-hyvinvointi","9":"first","10":"instock","11":"virtual","12":"taxable","13":"purchasable","14":"product-type-simple","15":"entry","16":"content-bg","17":"loop-entry"},"acf":[],"_links":{"self":[{"href":"https:\/\/marketplace.epassi.fi\/hoitola-tainamarianne\/wp-json\/wp\/v2\/product\/325","targetHints":{"allow":["GET"]}}],"collection":[{"href":"https:\/\/marketplace.epassi.fi\/hoitola-tainamarianne\/wp-json\/wp\/v2\/product"}],"about":[{"href":"https:\/\/marketplace.epassi.fi\/hoitola-tainamarianne\/wp-json\/wp\/v2\/types\/product"}],"replies":[{"embeddable":true,"href":"https:\/\/marketplace.epassi.fi\/hoitola-tainamarianne\/wp-json\/wp\/v2\/comments?post=325"}],"wp:featuredmedia":[{"embeddable":true,"href":"https:\/\/marketplace.epassi.fi\/hoitola-tainamarianne\/wp-json\/wp\/v2\/media\/320"}],"wp:attachment":[{"href":"https:\/\/marketplace.epassi.fi\/hoitola-tainamarianne\/wp-json\/wp\/v2\/media?parent=325"}],"wp:term":[{"taxonomy":"product_brand","embeddable":true,"href":"https:\/\/marketplace.epassi.fi\/hoitola-tainamarianne\/wp-json\/wp\/v2\/product_brand?post=325"},{"taxonomy":"product_cat","embeddable":true,"href":"https:\/\/marketplace.epassi.fi\/hoitola-tainamarianne\/wp-json\/wp\/v2\/product_cat?post=325"},{"taxonomy":"product_tag","embeddable":true,"href":"https:\/\/marketplace.epassi.fi\/hoitola-tainamarianne\/wp-json\/wp\/v2\/product_tag?post=325"}],"curies":[{"name":"wp","href":"https:\/\/api.w.org\/{rel}","templated":true}]}}