{"id":22,"date":"2021-09-13T17:45:59","date_gmt":"2021-09-13T17:45:59","guid":{"rendered":"https:\/\/marketplace.epassi.fi\/huh\/?page_id=22"},"modified":"2021-10-12T10:57:35","modified_gmt":"2021-10-12T10:57:35","slug":"info","status":"publish","type":"page","link":"https:\/\/marketplace.epassi.fi\/huh\/info\/","title":{"rendered":"Info"},"content":{"rendered":"\n\t<div class=\"entry-content single-content\">\n\n\t\t<div class=\"wp-block-columns\" style=\"gap:30px\">\n\t\t\t<div class=\"wp-block-column\">\n\t\t\t\t<h2>Tietoa yrityksest\u00e4<\/h2>\n\t\t\t\t<p><p>Tarjoamme yksil\u00f6llist\u00e4 ja laadukasta palvelua erityisesti tuki- ja liikuntaelinongelmista k\u00e4rsiville henkil\u00f6ille sek\u00e4 urheilijoille jotka haluavat edist\u00e4\u00e4 toimintakyky\u00e4\u00e4n ja saavuttaa paremman suorituskyvyn. Tavoitteenamme on ihmisten el\u00e4m\u00e4nlaadun parantaminen, kipujen ja h\u00e4iri\u00f6iden poistaminen.<\/p>\n<\/p>\n\t\t\t\t<h3>HUH Helsinki<\/h3>\n\t\t\t\t<p>Eerikinkatu 28<br>\n\t\t\t\t\t00101 Helsinki<\/p>\n\t\t\t\t<p><a href=\"tel:+358401601554\">+358401601554<\/a><\/p>\n\t\t\t\t<p><a href=\"mailto:info@huh.fi\">info@huh.fi<\/a><\/p>\n\n\t\t\t\t<h2>Toimipisteet<\/h2><div class=\"info-page-location-list\"><div class=\"info-page-location\"><h3>HUH-Helsinki<\/h3><p>Eerikinkatu 28, 00100 Helsinki<\/p><p><a href=\"mail:info@huh.fi\">info@huh.fi<\/a><p><a href=\"https:\/\/www.google.com\/maps\/search\/?api=1&query=Google&query_place_id=ChIJMY8SIssLkkYRRBKqMozmeOM\">Katso sijainti kartalla <span>&#8599;<\/span><\/a><\/p><\/p><p>Kroppakaupalla hyv\u00e4\u00e4 oloa lahjaksi! Hieronnasta apua jumeihin ja rentoutumista arjen kiireiden keskelle.<\/p><\/div><div class=\"info-page-location\"><h3>HUH Aikatalo<\/h3><p>Mikonkatu 8, 00100 Helsinki<\/p><p><p><a href=\"https:\/\/www.google.com\/maps\/search\/?api=1&query=Google&query_place_id=ChIJq7D1OswLkkYRtgnFLarxEpg\">Katso sijainti kartalla <span>&#8599;<\/span><\/a><\/p><\/p><p><\/p><\/div><div class=\"info-page-location\"><h3>HUH Kamppi<\/h3><p>Eerikinkatu 28, 00180 Helsinki<\/p><p><p><a href=\"https:\/\/www.google.com\/maps\/search\/?api=1&query=Google&query_place_id=ChIJ8QUpzsoLkkYRgpcj5fyDX5I\">Katso sijainti kartalla <span>&#8599;<\/span><\/a><\/p><\/p><p><\/p><\/div><div class=\"info-page-location\"><h3>HUH Freda<\/h3><p>Fredrikinkatu 49, 00100 Helsinki<\/p><p><p><a href=\"https:\/\/www.google.com\/maps\/search\/?api=1&query=Google&query_place_id=ChIJ1_pdIssLkkYRgOgRVm-ir5E\">Katso sijainti kartalla <span>&#8599;<\/span><\/a><\/p><\/p><p><\/p><\/div><\/div>\t\t\t<\/div>\n\n\t\t\t<div class=\"wp-block-column\">\n\t\t\t\t<figure class=\"wp-block-image size-large\"><img loading=\"lazy\" decoding=\"async\" width=\"500\" height=\"102\" src=\"https:\/\/marketplace.epassi.fi\/huh\/wp-content\/uploads\/sites\/30\/2021\/11\/HUH_Logo_header.png\" class=\"attachment-medium_large size-medium_large\" alt=\"\" \/><\/figure>\n\t\t\t<\/div>\n\t\t<\/div>\n\t<\/div>\n\t\n","protected":false},"excerpt":{"rendered":"","protected":false},"author":2,"featured_media":0,"parent":0,"menu_order":0,"comment_status":"closed","ping_status":"closed","template":"","meta":{"_acf_changed":false,"_kad_post_transparent":"","_kad_post_title":"","_kad_post_layout":"","_kad_post_sidebar_id":"","_kad_post_content_style":"","_kad_post_vertical_padding":"","_kad_post_feature":"","_kad_post_feature_position":"","_kad_post_header":false,"_kad_post_footer":false,"_kad_post_classname":"","footnotes":""},"class_list":["post-22","page","type-page","status-publish","hentry"],"acf":[],"_links":{"self":[{"href":"https:\/\/marketplace.epassi.fi\/huh\/wp-json\/wp\/v2\/pages\/22","targetHints":{"allow":["GET"]}}],"collection":[{"href":"https:\/\/marketplace.epassi.fi\/huh\/wp-json\/wp\/v2\/pages"}],"about":[{"href":"https:\/\/marketplace.epassi.fi\/huh\/wp-json\/wp\/v2\/types\/page"}],"author":[{"embeddable":true,"href":"https:\/\/marketplace.epassi.fi\/huh\/wp-json\/wp\/v2\/users\/2"}],"replies":[{"embeddable":true,"href":"https:\/\/marketplace.epassi.fi\/huh\/wp-json\/wp\/v2\/comments?post=22"}],"version-history":[{"count":10,"href":"https:\/\/marketplace.epassi.fi\/huh\/wp-json\/wp\/v2\/pages\/22\/revisions"}],"predecessor-version":[{"id":264,"href":"https:\/\/marketplace.epassi.fi\/huh\/wp-json\/wp\/v2\/pages\/22\/revisions\/264"}],"wp:attachment":[{"href":"https:\/\/marketplace.epassi.fi\/huh\/wp-json\/wp\/v2\/media?parent=22"}],"curies":[{"name":"wp","href":"https:\/\/api.w.org\/{rel}","templated":true}]}}