{"id":319,"date":"2021-11-09T11:22:18","date_gmt":"2021-11-09T09:22:18","guid":{"rendered":"https:\/\/marketplace.epassi.fi\/huh\/?post_type=product&#038;p=319"},"modified":"2025-01-02T05:01:53","modified_gmt":"2025-01-02T03:01:53","slug":"raskaushieronta-60min","status":"publish","type":"product","link":"https:\/\/marketplace.epassi.fi\/huh\/kauppa\/hyvinvointi\/hieronta\/raskaushieronta-60min\/","title":{"rendered":"Raskaushieronta 60min"},"content":{"rendered":"<p class=\"p1\">Raskaushieronta lievitt\u00e4\u00e4 kipua ja turvotusta, rentouttaa kehoa ja auttaa sit\u00e4 palautumaan, lievitt\u00e4\u00e4 raskaudenaikaisia j\u00e4nnityksi\u00e4 ja stressi\u00e4 sek\u00e4 parantaa unenlaatua. Kaikki raskaushierontaa tarjoavista hierojistamme ovat k\u00e4yneet erikoiskoulutuksen liittyen raskausaikaan ja siihen liittyv\u00e4\u00e4n hierontaan.<\/p>\n<hr \/>\n<h4><strong>Raskaushieronnan hy\u00f6dyt<\/strong><\/h4>\n<ul>\n<li>Lievitt\u00e4\u00e4 kipua ja turvotusta<\/li>\n<li>Rentouttaa ja palauttaa kehoa<\/li>\n<li>Tunnistaa ja lievitt\u00e4\u00e4 raskaudenaikaista j\u00e4nnityst\u00e4 ja stressi\u00e4<\/li>\n<li>Unenlaadun parantaminen<\/li>\n<\/ul>\n<p class=\"p1\">Psst! HUH Kampissa on tyyny vatsan alle, joten raskaana ollessasi voimme hieroa my\u00f6s vatsamakuulla.<\/p>\n<p><strong>Tarjous voimassa 31.12.24 asti. Lahjakortti voimassa 25.12.24-25.12.25<\/strong><\/p>\n<p>&nbsp;<\/p>\n","protected":false},"excerpt":{"rendered":"<p><span class=\"s1\">Lahjakortti 60min raskaushierontaan<\/span><\/p>\n","protected":false},"featured_media":376,"comment_status":"open","ping_status":"closed","template":"","meta":{"_acf_changed":false,"_kad_post_transparent":"default","_kad_post_title":"","_kad_post_layout":"default","_kad_post_sidebar_id":"","_kad_post_content_style":"default","_kad_post_vertical_padding":"default","_kad_post_feature":"","_kad_post_feature_position":"","_kad_post_header":false,"_kad_post_footer":false,"_kad_post_classname":""},"product_brand":[],"product_cat":[31,21,15],"product_tag":[],"class_list":{"0":"post-319","1":"product","2":"type-product","3":"status-publish","4":"has-post-thumbnail","6":"product_cat-hieronta","7":"product_cat-hyvinvointi","8":"product_cat-yleinen","10":"first","11":"instock","12":"taxable","13":"shipping-taxable","14":"product-type-external","15":"entry","16":"content-bg","17":"loop-entry"},"acf":[],"_links":{"self":[{"href":"https:\/\/marketplace.epassi.fi\/huh\/wp-json\/wp\/v2\/product\/319","targetHints":{"allow":["GET"]}}],"collection":[{"href":"https:\/\/marketplace.epassi.fi\/huh\/wp-json\/wp\/v2\/product"}],"about":[{"href":"https:\/\/marketplace.epassi.fi\/huh\/wp-json\/wp\/v2\/types\/product"}],"replies":[{"embeddable":true,"href":"https:\/\/marketplace.epassi.fi\/huh\/wp-json\/wp\/v2\/comments?post=319"}],"wp:featuredmedia":[{"embeddable":true,"href":"https:\/\/marketplace.epassi.fi\/huh\/wp-json\/wp\/v2\/media\/376"}],"wp:attachment":[{"href":"https:\/\/marketplace.epassi.fi\/huh\/wp-json\/wp\/v2\/media?parent=319"}],"wp:term":[{"taxonomy":"product_brand","embeddable":true,"href":"https:\/\/marketplace.epassi.fi\/huh\/wp-json\/wp\/v2\/product_brand?post=319"},{"taxonomy":"product_cat","embeddable":true,"href":"https:\/\/marketplace.epassi.fi\/huh\/wp-json\/wp\/v2\/product_cat?post=319"},{"taxonomy":"product_tag","embeddable":true,"href":"https:\/\/marketplace.epassi.fi\/huh\/wp-json\/wp\/v2\/product_tag?post=319"}],"curies":[{"name":"wp","href":"https:\/\/api.w.org\/{rel}","templated":true}]}}