{"id":320,"date":"2021-11-09T11:27:13","date_gmt":"2021-11-09T09:27:13","guid":{"rendered":"https:\/\/marketplace.epassi.fi\/huh\/?post_type=product&#038;p=320"},"modified":"2024-12-04T11:37:37","modified_gmt":"2024-12-04T09:37:37","slug":"firstbeat-mittaus","status":"publish","type":"product","link":"https:\/\/marketplace.epassi.fi\/huh\/kauppa\/hyvinvointi\/hieronta\/firstbeat-mittaus\/","title":{"rendered":"Joulutarjous 3x60min Hieronta"},"content":{"rendered":"<h3>Suosituin lahja jo monta vuotta!<\/h3>\n<p class=\"p1\">T\u00e4m\u00e4 sarjakortti on ollut asiakkaidemme suosituin lahja jo monen vuoden ajan. Hyv\u00e4\u00e4 &amp; rentouttavaa joulua &lt;3 Paperisen lahjakortin toimituskulu on 3\u20ac. Joulun tarjouslahjakortit voimassa 25.12.23-25.12.2024. (Joulutarjous voimassa 31.12. asti)<\/p>\n","protected":false},"excerpt":{"rendered":"<p>Hyv\u00e4\u00e4 &amp; rentouttavaa joulua &lt;3<\/p>\n","protected":false},"featured_media":354,"comment_status":"open","ping_status":"closed","template":"","meta":{"_acf_changed":false,"_kad_post_transparent":"default","_kad_post_title":"","_kad_post_layout":"default","_kad_post_sidebar_id":"","_kad_post_content_style":"default","_kad_post_vertical_padding":"default","_kad_post_feature":"","_kad_post_feature_position":"","_kad_post_header":false,"_kad_post_footer":false,"_kad_post_classname":""},"product_brand":[],"product_cat":[31,21,15],"product_tag":[],"class_list":{"0":"post-320","1":"product","2":"type-product","3":"status-publish","4":"has-post-thumbnail","6":"product_cat-hieronta","7":"product_cat-hyvinvointi","8":"product_cat-yleinen","10":"first","11":"instock","12":"taxable","13":"shipping-taxable","14":"product-type-external","15":"entry","16":"content-bg","17":"loop-entry"},"acf":[],"_links":{"self":[{"href":"https:\/\/marketplace.epassi.fi\/huh\/wp-json\/wp\/v2\/product\/320","targetHints":{"allow":["GET"]}}],"collection":[{"href":"https:\/\/marketplace.epassi.fi\/huh\/wp-json\/wp\/v2\/product"}],"about":[{"href":"https:\/\/marketplace.epassi.fi\/huh\/wp-json\/wp\/v2\/types\/product"}],"replies":[{"embeddable":true,"href":"https:\/\/marketplace.epassi.fi\/huh\/wp-json\/wp\/v2\/comments?post=320"}],"wp:featuredmedia":[{"embeddable":true,"href":"https:\/\/marketplace.epassi.fi\/huh\/wp-json\/wp\/v2\/media\/354"}],"wp:attachment":[{"href":"https:\/\/marketplace.epassi.fi\/huh\/wp-json\/wp\/v2\/media?parent=320"}],"wp:term":[{"taxonomy":"product_brand","embeddable":true,"href":"https:\/\/marketplace.epassi.fi\/huh\/wp-json\/wp\/v2\/product_brand?post=320"},{"taxonomy":"product_cat","embeddable":true,"href":"https:\/\/marketplace.epassi.fi\/huh\/wp-json\/wp\/v2\/product_cat?post=320"},{"taxonomy":"product_tag","embeddable":true,"href":"https:\/\/marketplace.epassi.fi\/huh\/wp-json\/wp\/v2\/product_tag?post=320"}],"curies":[{"name":"wp","href":"https:\/\/api.w.org\/{rel}","templated":true}]}}