{"id":331,"date":"2021-12-01T11:32:19","date_gmt":"2021-12-01T09:32:19","guid":{"rendered":"https:\/\/marketplace.epassi.fi\/huh\/?post_type=product&#038;p=331"},"modified":"2024-12-04T11:38:28","modified_gmt":"2024-12-04T09:38:28","slug":"arvokortti-haluamasi-summa","status":"publish","type":"product","link":"https:\/\/marketplace.epassi.fi\/huh\/kauppa\/hyvinvointi\/fysioterapia\/arvokortti-haluamasi-summa\/","title":{"rendered":"Arvokortti haluamasi summa"},"content":{"rendered":"<p class=\"p1\"><span class=\"s1\">Saat valita haluamasi summan, jonka arvokortille haluat ladata. <strong>Huom! Jos haluat saada plus-hinnaston k\u00e4ytt\u00f6\u00f6si, ladatun summan tulee ylitt\u00e4\u00e4 120\u20ac.\u00a0<\/strong><\/span><\/p>\n<p>Arvokortin etuja ovat mm.<\/p>\n<ul>\n<li>saat edullisen <a href=\"https:\/\/huh.fi\/palvelut\/\" target=\"_blank\" rel=\"noopener\">plus-hinnaston<\/a> k\u00e4ytt\u00f6\u00f6si (vain yli 120\u20ac:n arvokortit)<\/li>\n<li>korvaa perinteiset sarjakortit ja k\u00e4y kaikkiin palveluihimme<\/li>\n<li>voimassa vuoden ostop\u00e4iv\u00e4st\u00e4<\/li>\n<\/ul>\n","protected":false},"excerpt":{"rendered":"<p><span class=\"s1\">Osta hyv\u00e4\u00e4 oloa jouluksi!<\/span><\/p>\n","protected":false},"featured_media":371,"comment_status":"open","ping_status":"closed","template":"","meta":{"_acf_changed":false,"_kad_post_transparent":"default","_kad_post_title":"","_kad_post_layout":"default","_kad_post_sidebar_id":"","_kad_post_content_style":"default","_kad_post_vertical_padding":"default","_kad_post_feature":"","_kad_post_feature_position":"","_kad_post_header":false,"_kad_post_footer":false,"_kad_post_classname":""},"product_brand":[],"product_cat":[32,31,21,15],"product_tag":[],"class_list":{"0":"post-331","1":"product","2":"type-product","3":"status-publish","4":"has-post-thumbnail","6":"product_cat-fysioterapia","7":"product_cat-hieronta","8":"product_cat-hyvinvointi","9":"product_cat-yleinen","11":"first","12":"instock","13":"taxable","14":"shipping-taxable","15":"product-type-external","16":"entry","17":"content-bg","18":"loop-entry"},"acf":[],"_links":{"self":[{"href":"https:\/\/marketplace.epassi.fi\/huh\/wp-json\/wp\/v2\/product\/331","targetHints":{"allow":["GET"]}}],"collection":[{"href":"https:\/\/marketplace.epassi.fi\/huh\/wp-json\/wp\/v2\/product"}],"about":[{"href":"https:\/\/marketplace.epassi.fi\/huh\/wp-json\/wp\/v2\/types\/product"}],"replies":[{"embeddable":true,"href":"https:\/\/marketplace.epassi.fi\/huh\/wp-json\/wp\/v2\/comments?post=331"}],"wp:featuredmedia":[{"embeddable":true,"href":"https:\/\/marketplace.epassi.fi\/huh\/wp-json\/wp\/v2\/media\/371"}],"wp:attachment":[{"href":"https:\/\/marketplace.epassi.fi\/huh\/wp-json\/wp\/v2\/media?parent=331"}],"wp:term":[{"taxonomy":"product_brand","embeddable":true,"href":"https:\/\/marketplace.epassi.fi\/huh\/wp-json\/wp\/v2\/product_brand?post=331"},{"taxonomy":"product_cat","embeddable":true,"href":"https:\/\/marketplace.epassi.fi\/huh\/wp-json\/wp\/v2\/product_cat?post=331"},{"taxonomy":"product_tag","embeddable":true,"href":"https:\/\/marketplace.epassi.fi\/huh\/wp-json\/wp\/v2\/product_tag?post=331"}],"curies":[{"name":"wp","href":"https:\/\/api.w.org\/{rel}","templated":true}]}}