{"id":11,"date":"2021-09-13T17:16:21","date_gmt":"2021-09-13T17:16:21","guid":{"rendered":"https:\/\/marketplace.epassi.fi\/hybridiarena-hype\/?page_id=11"},"modified":"2021-11-08T11:13:19","modified_gmt":"2021-11-08T09:13:19","slug":"etusivu","status":"publish","type":"page","link":"https:\/\/marketplace.epassi.fi\/hybridiarena-hype\/","title":{"rendered":"Etusivu"},"content":{"rendered":"<style>#kt-layout-id_45d619-bf > .kt-row-column-wrap{align-content:center;}:where(#kt-layout-id_45d619-bf > .kt-row-column-wrap) > .wp-block-kadence-column{justify-content:center;}#kt-layout-id_45d619-bf > .kt-row-column-wrap{column-gap:var(--global-kb-gap-md, 2rem);row-gap:var(--global-kb-gap-md, 2rem);max-width:2000px;margin-left:auto;margin-right:auto;padding-top:var( --global-kb-row-default-top, 25px );padding-bottom:var( --global-kb-row-default-bottom, 25px );padding-top:246px;padding-bottom:150px;min-height:328px;grid-template-columns:minmax(0, 1fr);}#kt-layout-id_45d619-bf{border-bottom-right-radius:5px;border-bottom-left-radius:5px;overflow:clip;isolation:isolate;}#kt-layout-id_45d619-bf > .kt-row-layout-overlay{border-bottom-right-radius:5px;border-bottom-left-radius:5px;}#kt-layout-id_45d619-bf{background-image:url('https:\/\/marketplace.epassi.fi\/hybridiarena-hype\/wp-content\/uploads\/sites\/417\/2021\/10\/epassi-tuotekuva-demo.jpg');background-size:cover;background-position:center center;background-attachment:scroll;background-repeat:no-repeat;}#kt-layout-id_45d619-bf > .kt-row-layout-overlay{opacity:0.49;mix-blend-mode:normal;}@media all and (max-width: 1024px){#kt-layout-id_45d619-bf > .kt-row-column-wrap{grid-template-columns:minmax(0, 1fr);}}@media all and (max-width: 767px){#kt-layout-id_45d619-bf > .kt-row-column-wrap{padding-top:188px;padding-bottom:110px;grid-template-columns:minmax(0, 1fr);}#kt-layout-id_45d619-bf{border-bottom-right-radius:0px;border-bottom-left-radius:0px;}#kt-layout-id_45d619-bf > .kt-row-layout-overlay{border-bottom-right-radius:0px;border-bottom-left-radius:0px;}}<\/style>\n<div class=\"wp-block-kadence-rowlayout alignwide home-page-banner\"><div id=\"kt-layout-id_45d619-bf\" class=\"kt-row-layout-inner kt-row-has-bg kt-layout-id_45d619-bf\"><div class=\"kt-row-column-wrap kt-has-1-columns kt-gutter-default kt-v-gutter-default kt-row-valign-middle kt-row-layout-equal kt-tab-layout-inherit kt-m-colapse-left-to-right kt-mobile-layout-row\"><style>.kadence-column_9123e4-8e > .kt-inside-inner-col{border-top-width:0px;border-right-width:0px;border-bottom-width:0px;border-left-width:0px;}.kadence-column_9123e4-8e > .kt-inside-inner-col,.kadence-column_9123e4-8e > .kt-inside-inner-col:before{border-top-left-radius:0px;border-top-right-radius:0px;border-bottom-right-radius:0px;border-bottom-left-radius:0px;}.kadence-column_9123e4-8e > .kt-inside-inner-col{column-gap:var(--global-kb-gap-sm, 1rem);}.kadence-column_9123e4-8e > .kt-inside-inner-col{flex-direction:column;}.kadence-column_9123e4-8e > .kt-inside-inner-col > .aligncenter{width:100%;}.kadence-column_9123e4-8e > .kt-inside-inner-col:before{opacity:0.3;}.kadence-column_9123e4-8e{position:relative;}@media all and (max-width: 1024px){.kadence-column_9123e4-8e > .kt-inside-inner-col{flex-direction:column;justify-content:center;}}@media all and (max-width: 767px){.kadence-column_9123e4-8e > .kt-inside-inner-col{flex-direction:column;justify-content:center;}}<\/style>\n<div class=\"wp-block-kadence-column inner-column-1 kadence-column_9123e4-8e\"><div class=\"kt-inside-inner-col\"><div class=\"shop-logo\"><img loading=\"lazy\" decoding=\"async\" width=\"768\" height=\"242\" src=\"https:\/\/marketplace.epassi.fi\/hybridiarena-hype\/wp-content\/uploads\/sites\/417\/2024\/12\/hype_logo_blue-768x242.png\" class=\"attachment-medium_large size-medium_large\" alt=\"\" \/><\/div><div class=\"shop-slogan\">Hypell\u00e4 huippukuntoon<\/div>\n<\/div><\/div>\n<\/div><\/div><\/div>\n\n\n<h2 class=\"shop-header has-text-align-center\">Hypen arvoinen liikuntakeskus<\/h2><p class=\"shop-content has-text-align-center max-width-800\">Hype ei ole pelk\u00e4st\u00e4\u00e4n sali, vaan koko pk-seudun monipuolisin kokonaisuus. T\u00e4\u00e4ll\u00e4 voit yhdist\u00e4\u00e4 treenaamisen muihin el\u00e4myksiin, kuten yritystapahtumiin, ravintolapalveluihin tai hyvinvointiohjelmiin. Hypell\u00e4 kuntoilu on osa aktiivista ja tasapainoista el\u00e4m\u00e4ntapaa.\r\n\r\nLaita itsesi etusijalle \u2013 liity Hypen yhteis\u00f6\u00f6n ja aloita matka kohti parempaa hyvinvointia! Olitpa aloittelija tai kokenut treenaaja, Hype tarjoaa kaiken tarvittavan, jotta saavutat tavoitteesi ja viihdyt treenimatkasi jokaisessa vaiheessa.<\/p>\n\n\n\n<div style=\"height:28px\" aria-hidden=\"true\" class=\"wp-block-spacer\"><\/div>\n\n\n<div data-block-name=\"woocommerce\/product-best-sellers\" data-content-visibility=\"{&quot;title&quot;:true,&quot;price&quot;:true,&quot;rating&quot;:false,&quot;button&quot;:true}\" data-rows=\"2\" class=\"wc-block-grid wp-block-product-best-sellers wp-block-woocommerce-product-best-sellers wc-block-product-best-sellers has-3-columns has-multiple-rows\"><ul class=\"wc-block-grid__products\"><li class=\"wc-block-grid__product entry loop-entry content-bg woo-archive-action-on-hover woo-archive-btn-text product-loop-boxed woo-archive-image-hover-none\"><a href=\"https:\/\/marketplace.epassi.fi\/hybridiarena-hype\/kauppa\/liikuntaedut\/kuntosali\/hype-kuntosali-1kk\/\" class=\"wc-block-grid__product-link woocommerce-loop-image-link woocommerce-LoopProduct-link woocommerce-loop-product__link\"><span class=\"gtm4wp_productdata\" style=\"display:none; visibility:hidden;\" data-gtm4wp_product_data=\"{&quot;internal_id&quot;:331,&quot;item_id&quot;:331,&quot;item_name&quot;:&quot;Hype - Kuntosali 1kk&quot;,&quot;sku&quot;:331,&quot;price&quot;:49.9,&quot;stocklevel&quot;:null,&quot;stockstatus&quot;:&quot;instock&quot;,&quot;google_business_vertical&quot;:&quot;retail&quot;,&quot;item_category&quot;:&quot;Kuntosali&quot;,&quot;id&quot;:331,&quot;productlink&quot;:&quot;https:\\\/\\\/marketplace.epassi.fi\\\/hybridiarena-hype\\\/kauppa\\\/liikuntaedut\\\/kuntosali\\\/hype-kuntosali-1kk\\\/&quot;,&quot;item_list_name&quot;:&quot;General Product List&quot;,&quot;index&quot;:0,&quot;product_type&quot;:&quot;simple&quot;,&quot;item_brand&quot;:&quot;&quot;}\"><\/span>\n\t\t\t\t\t<img loading=\"lazy\" decoding=\"async\" width=\"390\" height=\"293\" src=\"https:\/\/marketplace.epassi.fi\/hybridiarena-hype\/wp-content\/uploads\/sites\/417\/2024\/12\/HybridiarenaHypeEspoo-1785-390x293.jpg\" class=\"attachment-woocommerce_thumbnail size-woocommerce_thumbnail\" alt=\"Hype - Kuntosali 1kk\" \/>\n\t\t\t\t\t\n\t\t\t\t<\/a>\n\t\t\t\t<div class=\"product-details content-bg entry-content-wrap\">\n\t\t\t\t\t<a href=\"https:\/\/marketplace.epassi.fi\/hybridiarena-hype\/kauppa\/liikuntaedut\/kuntosali\/hype-kuntosali-1kk\/\" class=\"wc-block-grid__product-title-link\">\n\t\t\t\t\t\t<div class=\"wc-block-grid__product-title\">Hype &#8211; Kuntosali 1kk<\/div>\n\t\t\t\t\t<\/a>\n\t\t\t\t\t\n\t\t\t\t\t<div class=\"wc-block-grid__product-price price\"><span class=\"woocommerce-Price-amount amount\">49,90&nbsp;<span class=\"woocommerce-Price-currencySymbol\">&euro;<\/span><\/span><\/div>\n\t\t\t\t\t<div class=\"wp-block-button wc-block-grid__product-add-to-cart\"><a href=\"\/hybridiarena-hype\/wp-json\/wp\/v2\/pages\/11?add-to-cart=331\" aria-label=\"Lis\u00e4\u00e4 ostoskoriin: &ldquo;Hype - Kuntosali 1kk&rdquo;\" data-quantity=\"1\" data-product_id=\"331\" data-product_sku=\"\" rel=\"nofollow\" class=\"wp-block-button__link add_to_cart_button ajax_add_to_cart\">Lis\u00e4\u00e4 ostoskoriin<span class=\"kadence-svg-iconset svg-baseline\"><svg aria-hidden=\"true\" class=\"kadence-svg-icon kadence-arrow-right-alt-svg\" fill=\"currentColor\" version=\"1.1\" xmlns=\"http:\/\/www.w3.org\/2000\/svg\" width=\"27\" height=\"28\" viewBox=\"0 0 27 28\"><title>Jatka<\/title><path d=\"M27 13.953c0 0.141-0.063 0.281-0.156 0.375l-6 5.531c-0.156 0.141-0.359 0.172-0.547 0.094-0.172-0.078-0.297-0.25-0.297-0.453v-3.5h-19.5c-0.281 0-0.5-0.219-0.5-0.5v-3c0-0.281 0.219-0.5 0.5-0.5h19.5v-3.5c0-0.203 0.109-0.375 0.297-0.453s0.391-0.047 0.547 0.078l6 5.469c0.094 0.094 0.156 0.219 0.156 0.359v0z\"><\/path>\n\t\t\t\t<\/svg><\/span><span class=\"kadence-svg-iconset svg-baseline\"><svg class=\"kadence-svg-icon kadence-spinner-svg\" fill=\"currentColor\" version=\"1.1\" xmlns=\"http:\/\/www.w3.org\/2000\/svg\" width=\"16\" height=\"16\" viewBox=\"0 0 16 16\"><title>Ladataan<\/title><path d=\"M16 6h-6l2.243-2.243c-1.133-1.133-2.64-1.757-4.243-1.757s-3.109 0.624-4.243 1.757c-1.133 1.133-1.757 2.64-1.757 4.243s0.624 3.109 1.757 4.243c1.133 1.133 2.64 1.757 4.243 1.757s3.109-0.624 4.243-1.757c0.095-0.095 0.185-0.192 0.273-0.292l1.505 1.317c-1.466 1.674-3.62 2.732-6.020 2.732-4.418 0-8-3.582-8-8s3.582-8 8-8c2.209 0 4.209 0.896 5.656 2.344l2.343-2.344v6z\"><\/path>\n\t\t\t\t<\/svg><\/span><span class=\"kadence-svg-iconset svg-baseline\"><svg class=\"kadence-svg-icon kadence-check-svg\" fill=\"currentColor\" version=\"1.1\" xmlns=\"http:\/\/www.w3.org\/2000\/svg\" width=\"16\" height=\"16\" viewBox=\"0 0 16 16\"><title>Valmis<\/title><path d=\"M14 2.5l-8.5 8.5-3.5-3.5-1.5 1.5 5 5 10-10z\"><\/path>\n\t\t\t\t<\/svg><\/span><\/a><\/div>\n\t\t\t\t<\/div>\n\t\t\t<\/li><li class=\"wc-block-grid__product entry loop-entry content-bg woo-archive-action-on-hover woo-archive-btn-text product-loop-boxed woo-archive-image-hover-none\"><a href=\"https:\/\/marketplace.epassi.fi\/hybridiarena-hype\/kauppa\/liikuntaedut\/ryhmaliikunta\/hybrid-kuntosali-ryhmaliikunta-1kk\/\" class=\"wc-block-grid__product-link woocommerce-loop-image-link woocommerce-LoopProduct-link woocommerce-loop-product__link\"><span class=\"gtm4wp_productdata\" style=\"display:none; visibility:hidden;\" data-gtm4wp_product_data=\"{&quot;internal_id&quot;:332,&quot;item_id&quot;:332,&quot;item_name&quot;:&quot;Hybrid - Kuntosali + ryhm\\u00e4liikunta 1kk&quot;,&quot;sku&quot;:332,&quot;price&quot;:79.9,&quot;stocklevel&quot;:null,&quot;stockstatus&quot;:&quot;instock&quot;,&quot;google_business_vertical&quot;:&quot;retail&quot;,&quot;item_category&quot;:&quot;Ryhm\\u00e4liikunta&quot;,&quot;id&quot;:332,&quot;productlink&quot;:&quot;https:\\\/\\\/marketplace.epassi.fi\\\/hybridiarena-hype\\\/kauppa\\\/liikuntaedut\\\/ryhmaliikunta\\\/hybrid-kuntosali-ryhmaliikunta-1kk\\\/&quot;,&quot;item_list_name&quot;:&quot;General Product List&quot;,&quot;index&quot;:0,&quot;product_type&quot;:&quot;simple&quot;,&quot;item_brand&quot;:&quot;&quot;}\"><\/span>\n\t\t\t\t\t<img loading=\"lazy\" decoding=\"async\" width=\"390\" height=\"293\" src=\"https:\/\/marketplace.epassi.fi\/hybridiarena-hype\/wp-content\/uploads\/sites\/417\/2024\/12\/HybridiarenaHypeEspoo-1819-390x293.jpg\" class=\"attachment-woocommerce_thumbnail size-woocommerce_thumbnail\" alt=\"Hybrid - Kuntosali + ryhm\u00e4liikunta 1kk\" \/>\n\t\t\t\t\t\n\t\t\t\t<\/a>\n\t\t\t\t<div class=\"product-details content-bg entry-content-wrap\">\n\t\t\t\t\t<a href=\"https:\/\/marketplace.epassi.fi\/hybridiarena-hype\/kauppa\/liikuntaedut\/ryhmaliikunta\/hybrid-kuntosali-ryhmaliikunta-1kk\/\" class=\"wc-block-grid__product-title-link\">\n\t\t\t\t\t\t<div class=\"wc-block-grid__product-title\">Hybrid &#8211; Kuntosali + ryhm\u00e4liikunta 1kk<\/div>\n\t\t\t\t\t<\/a>\n\t\t\t\t\t\n\t\t\t\t\t<div class=\"wc-block-grid__product-price price\"><span class=\"woocommerce-Price-amount amount\">79,90&nbsp;<span class=\"woocommerce-Price-currencySymbol\">&euro;<\/span><\/span><\/div>\n\t\t\t\t\t<div class=\"wp-block-button wc-block-grid__product-add-to-cart\"><a href=\"\/hybridiarena-hype\/wp-json\/wp\/v2\/pages\/11?add-to-cart=332\" aria-label=\"Lis\u00e4\u00e4 ostoskoriin: &ldquo;Hybrid - Kuntosali + ryhm\u00e4liikunta 1kk&rdquo;\" data-quantity=\"1\" data-product_id=\"332\" data-product_sku=\"\" rel=\"nofollow\" class=\"wp-block-button__link add_to_cart_button ajax_add_to_cart\">Lis\u00e4\u00e4 ostoskoriin<span class=\"kadence-svg-iconset svg-baseline\"><svg aria-hidden=\"true\" class=\"kadence-svg-icon kadence-arrow-right-alt-svg\" fill=\"currentColor\" version=\"1.1\" xmlns=\"http:\/\/www.w3.org\/2000\/svg\" width=\"27\" height=\"28\" viewBox=\"0 0 27 28\"><title>Jatka<\/title><path d=\"M27 13.953c0 0.141-0.063 0.281-0.156 0.375l-6 5.531c-0.156 0.141-0.359 0.172-0.547 0.094-0.172-0.078-0.297-0.25-0.297-0.453v-3.5h-19.5c-0.281 0-0.5-0.219-0.5-0.5v-3c0-0.281 0.219-0.5 0.5-0.5h19.5v-3.5c0-0.203 0.109-0.375 0.297-0.453s0.391-0.047 0.547 0.078l6 5.469c0.094 0.094 0.156 0.219 0.156 0.359v0z\"><\/path>\n\t\t\t\t<\/svg><\/span><span class=\"kadence-svg-iconset svg-baseline\"><svg class=\"kadence-svg-icon kadence-spinner-svg\" fill=\"currentColor\" version=\"1.1\" xmlns=\"http:\/\/www.w3.org\/2000\/svg\" width=\"16\" height=\"16\" viewBox=\"0 0 16 16\"><title>Ladataan<\/title><path d=\"M16 6h-6l2.243-2.243c-1.133-1.133-2.64-1.757-4.243-1.757s-3.109 0.624-4.243 1.757c-1.133 1.133-1.757 2.64-1.757 4.243s0.624 3.109 1.757 4.243c1.133 1.133 2.64 1.757 4.243 1.757s3.109-0.624 4.243-1.757c0.095-0.095 0.185-0.192 0.273-0.292l1.505 1.317c-1.466 1.674-3.62 2.732-6.020 2.732-4.418 0-8-3.582-8-8s3.582-8 8-8c2.209 0 4.209 0.896 5.656 2.344l2.343-2.344v6z\"><\/path>\n\t\t\t\t<\/svg><\/span><span class=\"kadence-svg-iconset svg-baseline\"><svg class=\"kadence-svg-icon kadence-check-svg\" fill=\"currentColor\" version=\"1.1\" xmlns=\"http:\/\/www.w3.org\/2000\/svg\" width=\"16\" height=\"16\" viewBox=\"0 0 16 16\"><title>Valmis<\/title><path d=\"M14 2.5l-8.5 8.5-3.5-3.5-1.5 1.5 5 5 10-10z\"><\/path>\n\t\t\t\t<\/svg><\/span><\/a><\/div>\n\t\t\t\t<\/div>\n\t\t\t<\/li><\/ul><\/div>","protected":false},"excerpt":{"rendered":"","protected":false},"author":2,"featured_media":0,"parent":0,"menu_order":0,"comment_status":"closed","ping_status":"closed","template":"","meta":{"_acf_changed":false,"_kad_post_transparent":"enable","_kad_post_title":"hide","_kad_post_layout":"","_kad_post_sidebar_id":"","_kad_post_content_style":"","_kad_post_vertical_padding":"","_kad_post_feature":"","_kad_post_feature_position":"","_kad_post_header":false,"_kad_post_footer":false,"_kad_post_classname":"","footnotes":""},"class_list":["post-11","page","type-page","status-publish","hentry"],"acf":[],"_links":{"self":[{"href":"https:\/\/marketplace.epassi.fi\/hybridiarena-hype\/wp-json\/wp\/v2\/pages\/11","targetHints":{"allow":["GET"]}}],"collection":[{"href":"https:\/\/marketplace.epassi.fi\/hybridiarena-hype\/wp-json\/wp\/v2\/pages"}],"about":[{"href":"https:\/\/marketplace.epassi.fi\/hybridiarena-hype\/wp-json\/wp\/v2\/types\/page"}],"author":[{"embeddable":true,"href":"https:\/\/marketplace.epassi.fi\/hybridiarena-hype\/wp-json\/wp\/v2\/users\/2"}],"replies":[{"embeddable":true,"href":"https:\/\/marketplace.epassi.fi\/hybridiarena-hype\/wp-json\/wp\/v2\/comments?post=11"}],"version-history":[{"count":20,"href":"https:\/\/marketplace.epassi.fi\/hybridiarena-hype\/wp-json\/wp\/v2\/pages\/11\/revisions"}],"predecessor-version":[{"id":303,"href":"https:\/\/marketplace.epassi.fi\/hybridiarena-hype\/wp-json\/wp\/v2\/pages\/11\/revisions\/303"}],"wp:attachment":[{"href":"https:\/\/marketplace.epassi.fi\/hybridiarena-hype\/wp-json\/wp\/v2\/media?parent=11"}],"curies":[{"name":"wp","href":"https:\/\/api.w.org\/{rel}","templated":true}]}}