{"id":331,"date":"2024-12-02T08:34:45","date_gmt":"2024-12-02T06:34:45","guid":{"rendered":"https:\/\/marketplace.epassi.fi\/hybridiarena-hype\/?post_type=product&#038;p=331"},"modified":"2026-01-01T05:02:06","modified_gmt":"2026-01-01T03:02:06","slug":"hype-kuntosali-1kk","status":"publish","type":"product","link":"https:\/\/marketplace.epassi.fi\/hybridiarena-hype\/kauppa\/liikuntaedut\/kuntosali\/hype-kuntosali-1kk\/","title":{"rendered":"Hype &#8211; Kuntosali 1kk"},"content":{"rendered":"<p>Hype Gymilt\u00e4 l\u00f6yd\u00e4t monipuoliseen harjoitteluun soveltuvan kuntosalin laadukkailla Technogymin laitteilla, trendikk\u00e4\u00e4t toiminnallisen harjoittelun tilat sek\u00e4 juoksuradan. Meill\u00e4 et maksa liittymismaksuja tai piilokuluja, vaan ainoastaan valitsemistasi treenimuodoista. Me autamme sinut el\u00e4m\u00e4si parhaaseen kuntoon, koska olet hypen arvoinen.<\/p>\n<p>J\u00e4senyys on henkil\u00f6kohtainen.<\/p>\n<h4 class=\"text-lg\"><\/h4>\n","protected":false},"excerpt":{"rendered":"<p>Sinulle, joka haluat harjoitella laadukkaasti, mutta edullisesti kuntosalilla.<\/p>\n<p><span class=\"mb-2 block\">1kk sis\u00e4lt\u00e4\u00e4:<\/span><\/p>\n<ul class=\"mb-6\">\n<li class=\"ml-4 list-[square] text-xs uppercase mb-1\">Kuntosalij\u00e4senyys<\/li>\n<\/ul>\n","protected":false},"featured_media":362,"comment_status":"closed","ping_status":"closed","template":"","meta":{"_acf_changed":false,"_kad_post_transparent":"default","_kad_post_title":"","_kad_post_layout":"default","_kad_post_sidebar_id":"","_kad_post_content_style":"default","_kad_post_vertical_padding":"default","_kad_post_feature":"","_kad_post_feature_position":"","_kad_post_header":false,"_kad_post_footer":false,"_kad_post_classname":""},"product_brand":[],"product_cat":[23,19],"product_tag":[],"class_list":{"0":"post-331","1":"product","2":"type-product","3":"status-publish","4":"has-post-thumbnail","6":"product_cat-kuntosali","7":"product_cat-liikuntaedut","9":"first","10":"instock","11":"virtual","12":"taxable","13":"purchasable","14":"product-type-simple","15":"entry","16":"content-bg","17":"loop-entry"},"acf":[],"_links":{"self":[{"href":"https:\/\/marketplace.epassi.fi\/hybridiarena-hype\/wp-json\/wp\/v2\/product\/331","targetHints":{"allow":["GET"]}}],"collection":[{"href":"https:\/\/marketplace.epassi.fi\/hybridiarena-hype\/wp-json\/wp\/v2\/product"}],"about":[{"href":"https:\/\/marketplace.epassi.fi\/hybridiarena-hype\/wp-json\/wp\/v2\/types\/product"}],"replies":[{"embeddable":true,"href":"https:\/\/marketplace.epassi.fi\/hybridiarena-hype\/wp-json\/wp\/v2\/comments?post=331"}],"wp:featuredmedia":[{"embeddable":true,"href":"https:\/\/marketplace.epassi.fi\/hybridiarena-hype\/wp-json\/wp\/v2\/media\/362"}],"wp:attachment":[{"href":"https:\/\/marketplace.epassi.fi\/hybridiarena-hype\/wp-json\/wp\/v2\/media?parent=331"}],"wp:term":[{"taxonomy":"product_brand","embeddable":true,"href":"https:\/\/marketplace.epassi.fi\/hybridiarena-hype\/wp-json\/wp\/v2\/product_brand?post=331"},{"taxonomy":"product_cat","embeddable":true,"href":"https:\/\/marketplace.epassi.fi\/hybridiarena-hype\/wp-json\/wp\/v2\/product_cat?post=331"},{"taxonomy":"product_tag","embeddable":true,"href":"https:\/\/marketplace.epassi.fi\/hybridiarena-hype\/wp-json\/wp\/v2\/product_tag?post=331"}],"curies":[{"name":"wp","href":"https:\/\/api.w.org\/{rel}","templated":true}]}}