{"id":332,"date":"2024-12-02T08:49:53","date_gmt":"2024-12-02T06:49:53","guid":{"rendered":"https:\/\/marketplace.epassi.fi\/hybridiarena-hype\/?post_type=product&#038;p=332"},"modified":"2026-01-01T05:02:06","modified_gmt":"2026-01-01T03:02:06","slug":"hybrid-kuntosali-ryhmaliikunta-1kk","status":"publish","type":"product","link":"https:\/\/marketplace.epassi.fi\/hybridiarena-hype\/kauppa\/liikuntaedut\/ryhmaliikunta\/hybrid-kuntosali-ryhmaliikunta-1kk\/","title":{"rendered":"Hybrid &#8211; Kuntosali + ryhm\u00e4liikunta 1kk"},"content":{"rendered":"<p>Heitt\u00e4ydy liikunnan ilon viet\u00e4v\u00e4ksi Hypen hyvinvoinnin ammattilaisten ohjauksessa. Monipuolisten ryhm\u00e4liikuntatuntiemme joukosta l\u00f6ytyy jokaiselle jotakin &#8211; kuntotasosta tai i\u00e4st\u00e4 riippumatta. Tule testaamaan ja l\u00f6yd\u00e4 oma suosikkisi!<\/p>\n<p>J\u00e4senyys on henkil\u00f6kohtainen.<\/p>\n<p>Tutustu tuntivalikoimaamme t\u00e4\u00e4ll\u00e4: https:\/\/hypeareena.fi\/fi\/hyvinvointi\/varaa-tunti<\/p>\n","protected":false},"excerpt":{"rendered":"<p>Sinulle, joka haluat yhdist\u00e4\u00e4 ryhm\u00e4liikunnan ja kuntosaliharjoittelun parhaat puolet.<\/p>\n<p><span class=\"mb-2 block\">1kk sis\u00e4lt\u00e4\u00e4:<\/span><\/p>\n<ul class=\"mb-6\">\n<li class=\"ml-4 list-[square] text-xs uppercase mb-1\">Kuntosalij\u00e4senyys<\/li>\n<li class=\"ml-4 list-[square] text-xs uppercase mb-1\">Kaikki ryhm\u00e4liikuntatunnit<\/li>\n<\/ul>\n","protected":false},"featured_media":361,"comment_status":"open","ping_status":"closed","template":"","meta":{"_acf_changed":false,"_kad_post_transparent":"default","_kad_post_title":"","_kad_post_layout":"default","_kad_post_sidebar_id":"","_kad_post_content_style":"default","_kad_post_vertical_padding":"default","_kad_post_feature":"","_kad_post_feature_position":"","_kad_post_header":false,"_kad_post_footer":false,"_kad_post_classname":""},"product_brand":[],"product_cat":[19,27],"product_tag":[],"class_list":{"0":"post-332","1":"product","2":"type-product","3":"status-publish","4":"has-post-thumbnail","6":"product_cat-liikuntaedut","7":"product_cat-ryhmaliikunta","9":"first","10":"instock","11":"virtual","12":"taxable","13":"purchasable","14":"product-type-simple","15":"entry","16":"content-bg","17":"loop-entry"},"acf":[],"_links":{"self":[{"href":"https:\/\/marketplace.epassi.fi\/hybridiarena-hype\/wp-json\/wp\/v2\/product\/332","targetHints":{"allow":["GET"]}}],"collection":[{"href":"https:\/\/marketplace.epassi.fi\/hybridiarena-hype\/wp-json\/wp\/v2\/product"}],"about":[{"href":"https:\/\/marketplace.epassi.fi\/hybridiarena-hype\/wp-json\/wp\/v2\/types\/product"}],"replies":[{"embeddable":true,"href":"https:\/\/marketplace.epassi.fi\/hybridiarena-hype\/wp-json\/wp\/v2\/comments?post=332"}],"wp:featuredmedia":[{"embeddable":true,"href":"https:\/\/marketplace.epassi.fi\/hybridiarena-hype\/wp-json\/wp\/v2\/media\/361"}],"wp:attachment":[{"href":"https:\/\/marketplace.epassi.fi\/hybridiarena-hype\/wp-json\/wp\/v2\/media?parent=332"}],"wp:term":[{"taxonomy":"product_brand","embeddable":true,"href":"https:\/\/marketplace.epassi.fi\/hybridiarena-hype\/wp-json\/wp\/v2\/product_brand?post=332"},{"taxonomy":"product_cat","embeddable":true,"href":"https:\/\/marketplace.epassi.fi\/hybridiarena-hype\/wp-json\/wp\/v2\/product_cat?post=332"},{"taxonomy":"product_tag","embeddable":true,"href":"https:\/\/marketplace.epassi.fi\/hybridiarena-hype\/wp-json\/wp\/v2\/product_tag?post=332"}],"curies":[{"name":"wp","href":"https:\/\/api.w.org\/{rel}","templated":true}]}}