{"id":22,"date":"2021-09-13T17:45:59","date_gmt":"2021-09-13T17:45:59","guid":{"rendered":"https:\/\/marketplace.epassi.fi\/hypoxi\/?page_id=22"},"modified":"2021-10-12T10:57:35","modified_gmt":"2021-10-12T10:57:35","slug":"info","status":"publish","type":"page","link":"https:\/\/marketplace.epassi.fi\/hypoxi\/info\/","title":{"rendered":"Info"},"content":{"rendered":"\n\t<div class=\"entry-content single-content\">\n\n\t\t<div class=\"wp-block-columns\" style=\"gap:30px\">\n\t\t\t<div class=\"wp-block-column\">\n\t\t\t\t<h2>HYPOXI hyvinvointisi tueksi<\/h2>\n\t\t\t\t<p><p>HYPOXIssa yhdistyy kevyt liikunta ja vaihteleva ilmanpaine. HYPOXI kohdentaa laihdutuksen vatsanseudulle, reisiin, pakaroihin ja lantiolle sek\u00e4 v\u00e4hent\u00e4\u00e4 selluliittia tehostetun verenkierron ja kevyen rasvanpolttoliikunnan ansiosta. HYPOXI on tehokas ja terveytt\u00e4 edist\u00e4v\u00e4 patentoitu menetelm\u00e4, joka sopii kaikille aikuisille naisille ja miehille, jotka pystyv\u00e4t terveytens\u00e4 puolesta kevyesti kuntopy\u00f6r\u00e4ilem\u00e4\u00e4n.<\/p>\n<p>HYPOXI sopii my\u00f6s hyvin kuntoutuksen tueksi ja on tehokas palautusmenetelm\u00e4. HYPOXIssa sinua ohjaa koulutettu ja kannustava HYPOXI-ohjaaja, jolta saat my\u00f6s ruokavalio-ohjeita. Studioita on 32 ymp\u00e4ri Suomen. Varaa maksuton konsultaatio l\u00e4himm\u00e4lle studiollesi www.hypoxi.fi-sivulta. <\/p>\n<\/p>\n\t\t\t\t<h3>HYPOXI<\/h3>\n\t\t\t\t<p><br>\n\t\t\t\t\t <\/p>\n\t\t\t\t<p><a href=\"tel:\"><\/a><\/p>\n\t\t\t\t<p><a href=\"mailto:sales@hypoxi.fi\">sales@hypoxi.fi<\/a><\/p>\n\n\t\t\t\t\t\t\t<\/div>\n\n\t\t\t<div class=\"wp-block-column\">\n\t\t\t\t<figure class=\"wp-block-image size-large\"><img loading=\"lazy\" decoding=\"async\" width=\"768\" height=\"670\" src=\"https:\/\/marketplace.epassi.fi\/hypoxi\/wp-content\/uploads\/sites\/288\/2022\/10\/turku-2022-1024x893-1-768x670.jpeg\" class=\"attachment-medium_large size-medium_large\" alt=\"\" \/><\/figure>\n\t\t\t<\/div>\n\t\t<\/div>\n\t<\/div>\n\t\n","protected":false},"excerpt":{"rendered":"","protected":false},"author":2,"featured_media":0,"parent":0,"menu_order":0,"comment_status":"closed","ping_status":"closed","template":"","meta":{"_acf_changed":false,"_kad_post_transparent":"","_kad_post_title":"","_kad_post_layout":"","_kad_post_sidebar_id":"","_kad_post_content_style":"","_kad_post_vertical_padding":"","_kad_post_feature":"","_kad_post_feature_position":"","_kad_post_header":false,"_kad_post_footer":false,"_kad_post_classname":"","footnotes":""},"class_list":["post-22","page","type-page","status-publish","hentry"],"acf":[],"_links":{"self":[{"href":"https:\/\/marketplace.epassi.fi\/hypoxi\/wp-json\/wp\/v2\/pages\/22","targetHints":{"allow":["GET"]}}],"collection":[{"href":"https:\/\/marketplace.epassi.fi\/hypoxi\/wp-json\/wp\/v2\/pages"}],"about":[{"href":"https:\/\/marketplace.epassi.fi\/hypoxi\/wp-json\/wp\/v2\/types\/page"}],"author":[{"embeddable":true,"href":"https:\/\/marketplace.epassi.fi\/hypoxi\/wp-json\/wp\/v2\/users\/2"}],"replies":[{"embeddable":true,"href":"https:\/\/marketplace.epassi.fi\/hypoxi\/wp-json\/wp\/v2\/comments?post=22"}],"version-history":[{"count":10,"href":"https:\/\/marketplace.epassi.fi\/hypoxi\/wp-json\/wp\/v2\/pages\/22\/revisions"}],"predecessor-version":[{"id":264,"href":"https:\/\/marketplace.epassi.fi\/hypoxi\/wp-json\/wp\/v2\/pages\/22\/revisions\/264"}],"wp:attachment":[{"href":"https:\/\/marketplace.epassi.fi\/hypoxi\/wp-json\/wp\/v2\/media?parent=22"}],"curies":[{"name":"wp","href":"https:\/\/api.w.org\/{rel}","templated":true}]}}