{"id":282,"date":"2022-10-26T09:02:02","date_gmt":"2022-10-26T06:02:02","guid":{"rendered":"https:\/\/marketplace.epassi.fi\/hypoxi\/?post_type=product&#038;p=282"},"modified":"2024-07-22T13:50:09","modified_gmt":"2024-07-22T10:50:09","slug":"lahjakortti","status":"publish","type":"product","link":"https:\/\/marketplace.epassi.fi\/hypoxi\/kauppa\/liikuntaedut\/lahjakortti\/","title":{"rendered":"Lahjakortti"},"content":{"rendered":"<p>Lahjakorttimme on voimassa 12kk ja voit k\u00e4ytt\u00e4\u00e4 sen mill\u00e4 vain suomen studiollamme.<\/p>\n<p>Voit valita lahjakorttiin eri summia vastaamaan epassiasi, mik\u00e4li sinulle tulee ongelma, voit olla my\u00f6s yhdeydess\u00e4 l\u00e4himp\u00e4\u00e4n studioomme.<\/p>\n<p>Katso yhteystiedot\u00a0https:\/\/www.hypoxi.fi\/studiot\/<\/p>\n","protected":false},"excerpt":{"rendered":"<p>Lahjakorttimme on voimassa 12kk ja voit k\u00e4ytt\u00e4\u00e4 sen mill\u00e4 vain suomen studiollamme. Voit valita lahjakorttiin eri summia vastaamaan epassiasi, mik\u00e4li sinulle tulee ongelma, voit olla my\u00f6s yhdeydess\u00e4 l\u00e4himp\u00e4\u00e4n studioomme. Katso yhteystiedot\u00a0https:\/\/www.hypoxi.fi\/studiot\/<\/p>\n","protected":false},"featured_media":322,"comment_status":"open","ping_status":"closed","template":"","meta":{"_acf_changed":false,"_kad_post_transparent":"default","_kad_post_title":"","_kad_post_layout":"default","_kad_post_sidebar_id":"","_kad_post_content_style":"default","_kad_post_vertical_padding":"default","_kad_post_feature":"","_kad_post_feature_position":"","_kad_post_header":false,"_kad_post_footer":false,"_kad_post_classname":""},"product_brand":[],"product_cat":[19],"product_tag":[],"class_list":{"0":"post-282","1":"product","2":"type-product","3":"status-publish","4":"has-post-thumbnail","6":"product_cat-liikuntaedut","8":"first","9":"instock","10":"purchasable","11":"product-type-variable","12":"has-default-attributes","13":"entry","14":"content-bg","15":"loop-entry"},"acf":[],"_links":{"self":[{"href":"https:\/\/marketplace.epassi.fi\/hypoxi\/wp-json\/wp\/v2\/product\/282","targetHints":{"allow":["GET"]}}],"collection":[{"href":"https:\/\/marketplace.epassi.fi\/hypoxi\/wp-json\/wp\/v2\/product"}],"about":[{"href":"https:\/\/marketplace.epassi.fi\/hypoxi\/wp-json\/wp\/v2\/types\/product"}],"replies":[{"embeddable":true,"href":"https:\/\/marketplace.epassi.fi\/hypoxi\/wp-json\/wp\/v2\/comments?post=282"}],"wp:featuredmedia":[{"embeddable":true,"href":"https:\/\/marketplace.epassi.fi\/hypoxi\/wp-json\/wp\/v2\/media\/322"}],"wp:attachment":[{"href":"https:\/\/marketplace.epassi.fi\/hypoxi\/wp-json\/wp\/v2\/media?parent=282"}],"wp:term":[{"taxonomy":"product_brand","embeddable":true,"href":"https:\/\/marketplace.epassi.fi\/hypoxi\/wp-json\/wp\/v2\/product_brand?post=282"},{"taxonomy":"product_cat","embeddable":true,"href":"https:\/\/marketplace.epassi.fi\/hypoxi\/wp-json\/wp\/v2\/product_cat?post=282"},{"taxonomy":"product_tag","embeddable":true,"href":"https:\/\/marketplace.epassi.fi\/hypoxi\/wp-json\/wp\/v2\/product_tag?post=282"}],"curies":[{"name":"wp","href":"https:\/\/api.w.org\/{rel}","templated":true}]}}