{"id":290,"date":"2021-10-20T17:09:46","date_gmt":"2021-10-20T14:09:46","guid":{"rendered":"https:\/\/marketplace.epassi.fi\/hypoxi\/?post_type=product&#038;p=290"},"modified":"2024-07-22T13:50:20","modified_gmt":"2024-07-22T10:50:20","slug":"tuotteen-nimi","status":"publish","type":"product","link":"https:\/\/marketplace.epassi.fi\/hypoxi\/kauppa\/liikuntaedut\/tuotteen-nimi\/","title":{"rendered":"HYPOXI-maksu"},"content":{"rendered":"<h1>HYPOXI ON TEHOKAS JA TERVEYTT\u00c4 EDIST\u00c4V\u00c4 PATENTOITU MENETELM\u00c4<\/h1>\n<p class=\"ingress\">HYPOXIssa yhdistyy kevyt liikunta HYPOXI-laitteissa, vaihteleva ilmanpaine sek\u00e4 rasvanpolttoa tukeva ruokavalio.<\/p>\n<p><img loading=\"lazy\" decoding=\"async\" class=\"wp-image-611 size-full aligncenter\" src=\"https:\/\/www.hypoxi.fi\/content\/uploads\/2019\/04\/kaavio.png\" alt=\"\" width=\"607\" height=\"579\" \/><\/p>\n","protected":false},"excerpt":{"rendered":"<p>HYPOXI-maksulla voit maksaa l\u00e4himp\u00e4n\u00e4 olevan summan Epassiltasi studiolle. Mik\u00e4li sinulla on jakso niin voit k\u00e4ytt\u00e4\u00e4 t\u00e4t\u00e4 maksaessasi osan jaksostasi, tai halutettasi ostaa n\u00e4in yksitt\u00e4isi\u00e4 k\u00e4yntej\u00e4.<\/p>\n<p>Mik\u00e4li et ole k\u00e4ynyt ennen HYPOXIssa, voit varata ilmaisen tutustumisk\u00e4ynnin www.hypoxi.fi ja keskustella ohjaajamme kanssa, millainen HYPOXI hoito sopisi sinulle. K\u00e4ynnit alkaen 35\u20ac\/krt<\/p>\n","protected":false},"featured_media":322,"comment_status":"open","ping_status":"closed","template":"","meta":{"_acf_changed":false,"_kad_post_transparent":"default","_kad_post_title":"","_kad_post_layout":"default","_kad_post_sidebar_id":"","_kad_post_content_style":"default","_kad_post_vertical_padding":"default","_kad_post_feature":"","_kad_post_feature_position":"","_kad_post_header":false,"_kad_post_footer":false,"_kad_post_classname":""},"product_brand":[],"product_cat":[19],"product_tag":[],"class_list":{"0":"post-290","1":"product","2":"type-product","3":"status-publish","4":"has-post-thumbnail","6":"product_cat-liikuntaedut","8":"first","9":"instock","10":"virtual","11":"taxable","12":"purchasable","13":"product-type-simple","14":"entry","15":"content-bg","16":"loop-entry"},"acf":[],"_links":{"self":[{"href":"https:\/\/marketplace.epassi.fi\/hypoxi\/wp-json\/wp\/v2\/product\/290","targetHints":{"allow":["GET"]}}],"collection":[{"href":"https:\/\/marketplace.epassi.fi\/hypoxi\/wp-json\/wp\/v2\/product"}],"about":[{"href":"https:\/\/marketplace.epassi.fi\/hypoxi\/wp-json\/wp\/v2\/types\/product"}],"replies":[{"embeddable":true,"href":"https:\/\/marketplace.epassi.fi\/hypoxi\/wp-json\/wp\/v2\/comments?post=290"}],"wp:featuredmedia":[{"embeddable":true,"href":"https:\/\/marketplace.epassi.fi\/hypoxi\/wp-json\/wp\/v2\/media\/322"}],"wp:attachment":[{"href":"https:\/\/marketplace.epassi.fi\/hypoxi\/wp-json\/wp\/v2\/media?parent=290"}],"wp:term":[{"taxonomy":"product_brand","embeddable":true,"href":"https:\/\/marketplace.epassi.fi\/hypoxi\/wp-json\/wp\/v2\/product_brand?post=290"},{"taxonomy":"product_cat","embeddable":true,"href":"https:\/\/marketplace.epassi.fi\/hypoxi\/wp-json\/wp\/v2\/product_cat?post=290"},{"taxonomy":"product_tag","embeddable":true,"href":"https:\/\/marketplace.epassi.fi\/hypoxi\/wp-json\/wp\/v2\/product_tag?post=290"}],"curies":[{"name":"wp","href":"https:\/\/api.w.org\/{rel}","templated":true}]}}