{"id":748,"date":"2023-12-11T22:47:29","date_gmt":"2023-12-11T20:47:29","guid":{"rendered":"https:\/\/marketplace.epassi.fi\/hyva-olo\/?post_type=product&#038;p=748"},"modified":"2026-01-07T17:11:34","modified_gmt":"2026-01-07T15:11:34","slug":"purentalihashieronta","status":"publish","type":"product","link":"https:\/\/marketplace.epassi.fi\/hyva-olo\/kauppa\/hyvinvointi\/hieronta\/purentalihashieronta\/","title":{"rendered":"Purentalihashieronta"},"content":{"rendered":"<p>Saat ostosta tilausvahvistuksen s\u00e4hk\u00f6postiin. Varaa ajat 6kk sis\u00e4ll\u00e4 <a href=\"http:\/\/www.hieroja-tampere.fi\">www.hieroja-tampere.fi<\/a>, l\u00f6yd\u00e4mme tilauksen nimell\u00e4si.<br \/>\nTervetuloa Hyv\u00e4\u00e4n Oloon \ud83d\ude42<\/p>\n","protected":false},"excerpt":{"rendered":"<p>Purentalihasten hieronnalla helpotetaan p\u00e4\u00e4n alueen ja niskahartian kiputiloja ja esimerkiksi y\u00f6llisen narskuttelun aiheuttamia j\u00e4nnitystiloja. Hieronnan aikana k\u00e4sitell\u00e4\u00e4n purentalihaksia suun sis\u00e4- ja ulkopuolelta sek\u00e4 p\u00e4\u00e4n, kaulan ja niska-hartiseudun aluetta laajemmin. Purentalihasten kireys tai leukanivelen toimintah\u00e4iri\u00f6t voivat aiheuttaa mm. kipua niskahartiaseudun alueella, korvas\u00e4rky\u00e4, palan tunnetta kurkussa tai puutuneisuuden tunnetta suun alueella.<\/p>\n<p>Purentalihashierotojen hinnat:<br \/>\n60 min 60\u20ac<br \/>\n75 min 72\u20ac<br \/>\n90 min 82\u20ac<\/p>\n<p>Valitse haluamasi hieronnan pituus ja lis\u00e4\u00e4 ostoskoriin. Voit valita useamman hieronnan\/palvelun sopivan loppusumman saamiseksi.<\/p>\n","protected":false},"featured_media":364,"comment_status":"open","ping_status":"closed","template":"","meta":{"_acf_changed":false,"_kad_post_transparent":"default","_kad_post_title":"","_kad_post_layout":"default","_kad_post_sidebar_id":"","_kad_post_content_style":"default","_kad_post_vertical_padding":"default","_kad_post_feature":"","_kad_post_feature_position":"","_kad_post_header":false,"_kad_post_footer":false,"_kad_post_classname":""},"product_brand":[],"product_cat":[31,21],"product_tag":[],"class_list":{"0":"post-748","1":"product","2":"type-product","3":"status-publish","4":"has-post-thumbnail","6":"product_cat-hieronta","7":"product_cat-hyvinvointi","9":"first","10":"instock","11":"purchasable","12":"product-type-variable","13":"entry","14":"content-bg","15":"loop-entry"},"acf":[],"_links":{"self":[{"href":"https:\/\/marketplace.epassi.fi\/hyva-olo\/wp-json\/wp\/v2\/product\/748","targetHints":{"allow":["GET"]}}],"collection":[{"href":"https:\/\/marketplace.epassi.fi\/hyva-olo\/wp-json\/wp\/v2\/product"}],"about":[{"href":"https:\/\/marketplace.epassi.fi\/hyva-olo\/wp-json\/wp\/v2\/types\/product"}],"replies":[{"embeddable":true,"href":"https:\/\/marketplace.epassi.fi\/hyva-olo\/wp-json\/wp\/v2\/comments?post=748"}],"wp:featuredmedia":[{"embeddable":true,"href":"https:\/\/marketplace.epassi.fi\/hyva-olo\/wp-json\/wp\/v2\/media\/364"}],"wp:attachment":[{"href":"https:\/\/marketplace.epassi.fi\/hyva-olo\/wp-json\/wp\/v2\/media?parent=748"}],"wp:term":[{"taxonomy":"product_brand","embeddable":true,"href":"https:\/\/marketplace.epassi.fi\/hyva-olo\/wp-json\/wp\/v2\/product_brand?post=748"},{"taxonomy":"product_cat","embeddable":true,"href":"https:\/\/marketplace.epassi.fi\/hyva-olo\/wp-json\/wp\/v2\/product_cat?post=748"},{"taxonomy":"product_tag","embeddable":true,"href":"https:\/\/marketplace.epassi.fi\/hyva-olo\/wp-json\/wp\/v2\/product_tag?post=748"}],"curies":[{"name":"wp","href":"https:\/\/api.w.org\/{rel}","templated":true}]}}