{"id":751,"date":"2023-12-11T22:50:29","date_gmt":"2023-12-11T20:50:29","guid":{"rendered":"https:\/\/marketplace.epassi.fi\/hyva-olo\/?post_type=product&#038;p=751"},"modified":"2026-01-07T17:08:57","modified_gmt":"2026-01-07T15:08:57","slug":"niskahartian-tehohoito","status":"publish","type":"product","link":"https:\/\/marketplace.epassi.fi\/hyva-olo\/kauppa\/hyvinvointi\/hieronta\/niskahartian-tehohoito\/","title":{"rendered":"Niskahartian tehohoito"},"content":{"rendered":"<p>Saat ostosta tilausvahvistuksen s\u00e4hk\u00f6postiin. Varaa ajat 6kk sis\u00e4ll\u00e4 <a href=\"http:\/\/www.hieroja-tampere.fi\">www.hieroja-tampere.fi<\/a>, l\u00f6yd\u00e4mme tilauksen nimell\u00e4si.<br \/>\nTervetuloa Hyv\u00e4\u00e4n Oloon \ud83d\ude42<\/p>\n","protected":false},"excerpt":{"rendered":"<p>Hoito sopii sinulle jos k\u00e4rsit pidempiaikaisesta niska-hartiaseudun tai yl\u00e4raajojen kiputiloista tai haluat kokeilla jotain uutta hieronnan lis\u00e4n\u00e4. Hoitoaikaan sis\u00e4ltyy lyhyt alkuhaastattelu ja tarvittaessa testaus, k\u00e4ytett\u00e4v\u00e4t tekniikat valitaan yhteisty\u00f6ss\u00e4 asiakkaan kanssa.<\/p>\n<p>Hoidossa voidaan k\u00e4ytt\u00e4\u00e4 klassisten hierontaotteiden lis\u00e4n\u00e4 erilaisia tekniikoita, joilla pyrit\u00e4\u00e4n laukaisemaan lihasj\u00e4nnitteit\u00e4:<br \/>\n&#8211; Lihasenergiatekniikat (MET), jossa j\u00e4nnitet\u00e4\u00e4n ja rentoutetaan lihaksia<br \/>\n&#8211; Triggerpiste-k\u00e4sittely, jossa lihasten kipupisteit\u00e4 k\u00e4sitell\u00e4\u00e4n painelutekniikalla<br \/>\n&#8211; Nivelten mobilisointi, eli pyrit\u00e4\u00e4n palauttamaan nivelelle sen ominainen liikerata<br \/>\n&#8211; Dry needling eli kuivaneulaus.<\/p>\n<p>Niskahartian tehohoidon kertahinnat:<br \/>\n60 min, 60 \u20ac<br \/>\n75 min, 72 \u20ac<br \/>\n90 min, 82 \u20ac<\/p>\n<p>Valitse hieronnan pituus ja lis\u00e4\u00e4 ostoskoriin. Voit lis\u00e4t\u00e4 useamman hieronnan\/palvelun sopivan loppusumman saamiseksi.<\/p>\n","protected":false},"featured_media":364,"comment_status":"open","ping_status":"closed","template":"","meta":{"_acf_changed":false,"_kad_post_transparent":"default","_kad_post_title":"","_kad_post_layout":"default","_kad_post_sidebar_id":"","_kad_post_content_style":"default","_kad_post_vertical_padding":"default","_kad_post_feature":"","_kad_post_feature_position":"","_kad_post_header":false,"_kad_post_footer":false,"_kad_post_classname":""},"product_brand":[],"product_cat":[31,21],"product_tag":[],"class_list":{"0":"post-751","1":"product","2":"type-product","3":"status-publish","4":"has-post-thumbnail","6":"product_cat-hieronta","7":"product_cat-hyvinvointi","9":"first","10":"instock","11":"purchasable","12":"product-type-variable","13":"entry","14":"content-bg","15":"loop-entry"},"acf":[],"_links":{"self":[{"href":"https:\/\/marketplace.epassi.fi\/hyva-olo\/wp-json\/wp\/v2\/product\/751","targetHints":{"allow":["GET"]}}],"collection":[{"href":"https:\/\/marketplace.epassi.fi\/hyva-olo\/wp-json\/wp\/v2\/product"}],"about":[{"href":"https:\/\/marketplace.epassi.fi\/hyva-olo\/wp-json\/wp\/v2\/types\/product"}],"replies":[{"embeddable":true,"href":"https:\/\/marketplace.epassi.fi\/hyva-olo\/wp-json\/wp\/v2\/comments?post=751"}],"wp:featuredmedia":[{"embeddable":true,"href":"https:\/\/marketplace.epassi.fi\/hyva-olo\/wp-json\/wp\/v2\/media\/364"}],"wp:attachment":[{"href":"https:\/\/marketplace.epassi.fi\/hyva-olo\/wp-json\/wp\/v2\/media?parent=751"}],"wp:term":[{"taxonomy":"product_brand","embeddable":true,"href":"https:\/\/marketplace.epassi.fi\/hyva-olo\/wp-json\/wp\/v2\/product_brand?post=751"},{"taxonomy":"product_cat","embeddable":true,"href":"https:\/\/marketplace.epassi.fi\/hyva-olo\/wp-json\/wp\/v2\/product_cat?post=751"},{"taxonomy":"product_tag","embeddable":true,"href":"https:\/\/marketplace.epassi.fi\/hyva-olo\/wp-json\/wp\/v2\/product_tag?post=751"}],"curies":[{"name":"wp","href":"https:\/\/api.w.org\/{rel}","templated":true}]}}